{"id":3614,"date":"2013-03-11T08:47:08","date_gmt":"2013-03-11T08:47:08","guid":{"rendered":"http:\/\/www.tu-voz.com\/index2.php\/?page_id=3614"},"modified":"2022-05-30T10:21:44","modified_gmt":"2022-05-30T08:21:44","slug":"politica-de-cookies","status":"publish","type":"page","link":"https:\/\/tu-voz.com\/en\/nuestras-politicas\/politica-de-cookies\/","title":{"rendered":"Cookies policy"},"content":{"rendered":"<ol>\n<li><strong>Object<\/strong><\/li>\n<\/ol>\n<p>This Cookies Policy offers you the necessary information about the use of cookies on our website.<\/p>\n<p>Also to comply with Law 34\/2002, of July 11, on Services of the Information Society and Electronic Commerce, (hereinafter, LSSICE), the General Regulation for the protection of personal data 2016\/679 (hereinafter RGPD ) and Organic Law 3\/2018 on the protection of personal data and guarantee of digital rights (hereinafter, LOPDGDD).<\/p>\n<p>&nbsp;<\/p>\n<ol start=\"2\">\n<li><strong>Identification of the Responsible \/ Service Provider of the information society<\/strong><\/li>\n<\/ol>\n<p>In compliance with the provisions of article 10 of Law 34\/2002, of July 11, on Services of the Information Society and Electronic Commerce (hereinafter, LSSI-CE), it is reported expressly, precisely and unequivocal, both to the users, recipients of the service, and to the competent bodies, of the following aspects related to the information society service provider:<\/p>\n<table>\n<tbody>\n<tr>\n<td width=\"140\">\n<h5>Identity \u2013 Entity<\/h5>\n<\/td>\n<td width=\"419\">TU-VOZ CONTACT CENTER, S.L.U.<\/td>\n<\/tr>\n<tr>\n<td width=\"140\">\n<h5>Company VAT number<\/h5>\n<\/td>\n<td width=\"419\">B97427645<\/td>\n<\/tr>\n<tr>\n<td width=\"140\">\n<h5>mailing address<\/h5>\n<\/td>\n<td width=\"419\">C\/ Andarella, 1. Edificio B, 1\u00ba, 1\u00aa, CP 46950, Xirivella (Valencia) Spain<\/td>\n<\/tr>\n<tr>\n<td width=\"140\">\n<h5>Phone<\/h5>\n<\/td>\n<td width=\"419\">960452050<\/td>\n<\/tr>\n<tr>\n<td width=\"140\">\n<h5>Email<\/h5>\n<\/td>\n<td width=\"419\">info@tu-voz.com<\/td>\n<\/tr>\n<tr>\n<td width=\"140\">\n<h5>Company corporate purpose<\/h5>\n<\/td>\n<td width=\"419\">Call center services, telemarketing and customer service<\/td>\n<\/tr>\n<tr>\n<td width=\"140\">\n<h5>Website<\/h5>\n<\/td>\n<td width=\"419\"><a href=\"https:\/\/tu-voz.com\/en\/\">https:\/\/www.tu-voz.com\/<\/a><\/td>\n<\/tr>\n<tr>\n<td width=\"140\">\n<h5>Registry data<\/h5>\n<\/td>\n<td width=\"419\">Mercantile Registry of Valencia Volume 7740, Book 5037, Folio 206, Page V-95509, 1st Inscription.<\/td>\n<\/tr>\n<\/tbody>\n<\/table>\n<p><strong>\u00a0<\/strong><\/p>\n<ol start=\"3\">\n<li><strong>What are cookies?<\/strong><\/li>\n<\/ol>\n<p>As a User of our website, we inform you that we use cookies and\/or similar technologies (hereinafter cookies) that store and retrieve information when you browse.<\/p>\n<p>In general, these technologies can serve very diverse purposes, such as, for example, recognizing you as a user, counting the number of visits we receive, remembering your preferred language, obtaining information about your browsing habits, showing you advertising or personalizing the form in which the content is displayed.<\/p>\n<p>Cookies can also be installed by third parties that we have authorized or contracted.<\/p>\n<p>&nbsp;<\/p>\n<ol start=\"4\">\n<li><strong>Types of existing cookies<\/strong><\/li>\n<\/ol>\n<p>Next, we detail the different types of existing cookies:<\/p>\n<ul>\n<li><strong>Type of cookies according to their purpose<\/strong><\/li>\n<\/ul>\n<p><u>&#8211; <\/u><u>Cookies T\u00e9cnicas:<\/u><\/p>\n<p>They allow to control data traffic, identify the session, make purchases, make requests, use security elements during browsing, store content for viewing videos or sound or share content through social networks.<\/p>\n<p><u>&#8211; <\/u><u>Analysis\/Measurement Cookies:<\/u><\/p>\n<p>They allow the person responsible for them to analyze the behavior of website users and are used to measure website activity and to create user browsing profiles, in order to offer improvements in use for users.<\/p>\n<p><u>&#8211; <\/u><u>Social Cookies:<\/u><\/p>\n<p>They are necessary for external social networks (Facebook, Twitter, Pinterest, Instagram, etc.). Its function is to control the interaction with social widgets within the website.<\/p>\n<p><u>&#8211; <\/u><u>Geolocation Cookies:<\/u><\/p>\n<p>They allow to know the place where the user is and offer him the appropriate information according to the city or country that interests him most. This cookie is anonymous.<\/p>\n<p><u>&#8211; <\/u><u>Personalization Cookies:<\/u><\/p>\n<p>They allow the user to be recognized and offer personalized information, such as language, browser type, etc.<\/p>\n<p><u>&#8211; <\/u><u>Advertising Cookies<\/u>:<\/p>\n<p>They allow managing the advertising that is on the website, adapting it to the service or products requested.<\/p>\n<p><u>&#8211; <\/u><u>Behavioral Advertising Cookies<\/u>:<\/p>\n<p>They allow managing the advertising that is on the website, storing user behavior as a result of the continuous observation of their browsing habits, which allows developing advertising with a specific profile.<\/p>\n<p><strong>\u00a0<\/strong><\/p>\n<ul>\n<li><strong>Types of cookies according to their duration <\/strong><\/li>\n<\/ul>\n<p><u>&#8211; <\/u><u>Session:<\/u><\/p>\n<p>These are cookies designed to collect and store data while the user visits a website. When the session ends, they are not stored on the user's computer device.<\/p>\n<p><u>&#8211; <\/u><u>Persistent:<\/u><\/p>\n<p>These are cookies that remain installed on the user's computer device and the information provided can be processed when the user leaves the website and when they connect again. These cookies can be deleted at any time by the user.<\/p>\n<p><strong>\u00a0<\/strong><\/p>\n<ul>\n<li><strong>Types of cookies according to the entity that manages them <\/strong><\/li>\n<\/ul>\n<p><u>&#8211; <\/u><u>Own Cookies<\/u>:<\/p>\n<p>These are cookies that are sent to the user's computer device from the computer system owned by the owner of the website, from where the request was made, the service provided or a purchase made.<\/p>\n<p><u>&#8211; <\/u><u>Third Party Cookies<\/u>:<\/p>\n<p>These are cookies that are sent to the user's computer device from a domain or computer system that is not owned by the owner of the website, but by another third party authorized or contracted by the owner of the website, from where the request has been made. , provided the service or made a purchase.<\/p>\n<p><strong>\u00a0<\/strong>You should know that, if you accept third-party cookies, you must delete them from the browser options or from the system offered by the third party itself. Below, we detail sites that you can visit to learn more about third-party cookies (deactivation, possible data transfers to third countries, etc.):<\/p>\n<p><a href=\"https:\/\/support.google.com\/chrome\/answer\/95647?hl=es\">Google Chrome<\/a><\/p>\n<p><a href=\"https:\/\/support.mozilla.org\/es\/kb\/habilitar-y-deshabilitar-cookies-sitios-web-rastrear-preferencias?redirectlocale=es&amp;redirectslug=habilitar-y-deshabilitar-cookies-que-los-sitios-we\">Mozilla Firefox<\/a><\/p>\n<p><a href=\"https:\/\/privacy.microsoft.com\/es-es\/windows-10-microsoft-edge-and-privacy\">Microsoft Edge<\/a><\/p>\n<p><a href=\"https:\/\/support.google.com\/chrome\/answer\/95647?co=GENIE.PlatformAndroid&amp;hl=es-419\">Chrome para Android<\/a><\/p>\n<p><a href=\"https:\/\/support.apple.com\/es-es\/guide\/safari\/manage-cookies-and-website-data-sfri11471\/mac\">Safari (Apple)<\/a><\/p>\n<p><a href=\"https:\/\/www.habilitarlascookies.com\/como-habilitar-las-cookies-en-opera.html\">Opera<\/a><\/p>\n<p><a href=\"http:\/\/support.mozilla.org\/es\/kb\/habilitar-y-deshabilitar-cookies-que-los-sitios-we\">Firefox<\/a><\/p>\n<p>As well as <a href=\"http:\/\/www.google.es\/intl\/es\/policies\/technologies\/cookies\/\">Google Ads<\/a><\/p>\n<p>&nbsp;<\/p>\n<p>If you use other browsers, we recommend that you consult their policy on the use and management of cookies.<\/p>\n<p>We inform you that you can perform private browsing, which will prevent web browsers from storing information about the web page you visit.<\/p>\n<p>The tool can be very useful <a href=\"http:\/\/www.youronlinechoices.com\/\">http:\/\/www.youronlinechoices.com\/<\/a> to manage the use of cookies.<\/p>\n<ul>\n<li><strong>Types of cookies except consent<\/strong><\/li>\n<li>\u201cUser input\u201d cookies<\/li>\n<li>Authentication or user identification cookies (session only).<\/li>\n<li>User security cookies<\/li>\n<li>Media player session cookies.<\/li>\n<li>Session cookies for load balancing.<\/li>\n<li>User interface customization cookies.<\/li>\n<li>Certain add-on cookies (plug-in) to exchange social content<\/li>\n<\/ul>\n<p>&nbsp;<\/p>\n<ul>\n<li><strong>Types of cookies used on this website<\/strong><\/li>\n<\/ul>\n<table>\n<tbody>\n<tr>\n<td width=\"94\"><strong>Cookie<\/strong><\/td>\n<td width=\"85\"><strong>Owner<\/strong><\/td>\n<td width=\"76\"><strong>Duration<\/strong><\/td>\n<td width=\"334\"><strong>Purpose<\/strong><\/td>\n<\/tr>\n<tr>\n<td width=\"94\">_fbp<\/td>\n<td width=\"85\"><a href=\"https:\/\/es-es.facebook.com\/privacy\/explanation\/\">Facebook<\/a><\/td>\n<td width=\"76\">3 months<\/td>\n<td width=\"334\">Social \/ Store and track visits through websites.<\/td>\n<\/tr>\n<tr>\n<td width=\"94\">_ga<\/td>\n<td width=\"85\"><a href=\"https:\/\/policies.google.com\/technologies\/partner-sites\">Google<\/a><\/td>\n<td width=\"76\">2 years<\/td>\n<td rowspan=\"5\" width=\"334\">Analysis \/ Generate a unique user identifier, which is used to count how many times a user visits the site, as well as the date of the first and last time they visited the web. Record the date and time of access to any of the pages of the Site. Check the need to keep a user session open or create a new one. Identify the user's session, to collect the approximate geographical location of the computer accessing the Site for statistical purposes.<\/td>\n<\/tr>\n<tr>\n<td width=\"94\">_gat<\/td>\n<td width=\"85\"><a href=\"https:\/\/policies.google.com\/technologies\/partner-sites\">Google<\/a><\/td>\n<td width=\"76\">1 minute<\/td>\n<\/tr>\n<tr>\n<td width=\"94\">_gat_gtag_UA_#<\/td>\n<td width=\"85\"><a href=\"https:\/\/policies.google.com\/technologies\/partner-sites\">Google<\/a><\/td>\n<td width=\"76\">1 minute<\/td>\n<\/tr>\n<tr>\n<td width=\"94\">_gid<\/td>\n<td width=\"85\"><a href=\"https:\/\/policies.google.com\/technologies\/partner-sites\">Google<\/a><\/td>\n<td width=\"76\">24 hours<\/td>\n<\/tr>\n<tr>\n<td width=\"94\">_gcl_au<\/td>\n<td width=\"85\"><a href=\"https:\/\/policies.google.com\/technologies\/partner-sites\">Google<\/a><\/td>\n<td width=\"76\">90 days<\/td>\n<\/tr>\n<tr>\n<td width=\"94\">_hjAbsoluteSessionInProgress<\/td>\n<td width=\"85\">own<\/td>\n<td width=\"76\">30 minutos<\/td>\n<td width=\"334\">Technique \/ Avoid showing an invitation message again<\/td>\n<\/tr>\n<tr>\n<td width=\"94\">_hjFirstSeen<\/td>\n<td width=\"85\">own<\/td>\n<td width=\"76\">30 minutos<\/td>\n<td width=\"334\">Technique \/ identify the first session of a new user.<\/td>\n<\/tr>\n<tr>\n<td width=\"94\">_hjSessionUser_#<\/td>\n<td width=\"85\">own<\/td>\n<td width=\"76\">Session<\/td>\n<td width=\"334\">Technique \/<\/td>\n<\/tr>\n<tr>\n<td width=\"94\">_hjIncludedInPageviewSample<\/td>\n<td width=\"85\">own<\/td>\n<td width=\"76\">2 minutes<\/td>\n<td width=\"334\">Technical \/ Used to find out if the visitor is included in the data sampling defined by the limit of visits to the web page.<\/td>\n<\/tr>\n<tr>\n<td width=\"94\">_hjIncludedInSessionSample<\/td>\n<td width=\"85\">own<\/td>\n<td width=\"76\">2 minutes<\/td>\n<td width=\"334\">Technique \/ Used to know if the visitor is included in the data sampling defined by the limit of daily sessions<\/td>\n<\/tr>\n<tr>\n<td width=\"94\">cookies_and_content_security_policy<\/td>\n<td width=\"85\">own<\/td>\n<td width=\"76\">1 year<\/td>\n<td width=\"334\">Technical \/ It is used to know if the user has accepted the cookie policy and avoid showing the information window every time he visits another part of the web<\/td>\n<\/tr>\n<tr>\n<td width=\"94\">uncodeAI.css<\/td>\n<td width=\"85\">own<\/td>\n<td width=\"76\">Session<\/td>\n<td width=\"334\">Technical \/ Determines which device is used by the user and allows the web to adjust to the optimal resolution<\/td>\n<\/tr>\n<tr>\n<td width=\"94\">uncodeAI.images<\/td>\n<td width=\"85\">own<\/td>\n<td width=\"76\">Session<\/td>\n<td width=\"334\">Technical \/ Determines which device is used by the user and allows the web to adjust to the optimal resolution<\/td>\n<\/tr>\n<tr>\n<td width=\"94\">uncodeAI.screen<\/td>\n<td width=\"85\">own<\/td>\n<td width=\"76\">Session<\/td>\n<td width=\"334\">Technique \/ used by the content management system to control content, layout and animations<\/td>\n<\/tr>\n<\/tbody>\n<\/table>\n<p>We recommend reviewing our cookie policy each time you access our website to be informed of any changes to the use of our cookies. Our entity reserves the right to modify this Policy without prior notice.<\/p>\n<p>We inform you that if you disable any of the cookies, the control tool will stop working effectively and this may have a negative effect on your browsing experience in general.<\/p>\n<p>&nbsp;<\/p>\n<ol start=\"5\">\n<li><strong>Elaboration<\/strong><strong> of profiles<\/strong><\/li>\n<\/ol>\n<p>As part of the duty of information of article 13.2 f) of the RGPD, we inform you that, in case of creating profiles on your person, we will request your prior consent. However, you should know that you can object to being the subject of an automated decision on your data, where personal aspects are evaluated, such as analyzing or predicting aspects related to your performance at work, economic situation, health, personal preferences or interests. , reliability or behavior, so that as a result legal effects are produced on your person or affect you in a similar way.<\/p>\n<p>Our entity will adopt the appropriate security measures that protect your rights and freedoms, as well as your legitimate interests, such as the right to obtain human intervention on our part to express your point of view and challenge the decision.<\/p>\n<p><strong>\u00a0<\/strong><\/p>\n<ol start=\"6\">\n<li><strong>Assignment<\/strong><strong> of data<\/strong><\/li>\n<\/ol>\n<p>Your personal data will not be transferred to other countries or third parties. In the event of transfers to other entities or to other countries outside the European Union, we will inform you and request your prior consent.<\/p>\n<p>&nbsp;<\/p>\n<ol start=\"7\">\n<li><strong>Legitimation<\/strong><\/li>\n<\/ol>\n<p>By freely pressing the ACCEPT button in the cookie information window (banner or pop up), you expressly consent to the use of cookies, although you can change your mind at any time and reject the installation of cookies.<\/p>\n<p>&nbsp;<\/p>\n<ol start=\"8\">\n<li><strong>Storage period <\/strong><\/li>\n<\/ol>\n<p>The period of conservation of the data will be the shortest possible, according to the purpose for which the data was collected, taking into account the principle of data minimization.<\/p>\n<p>For more information on the processing of personal data, consult our <strong><u>Privacy Policy<\/u><\/strong><strong>.<\/strong><\/p>\n<p>&nbsp;<\/p>\n<ol start=\"9\">\n<li><strong>Your rights <\/strong><\/li>\n<\/ol>\n<p>You have the right to know if our entity is treating your personal data; therefore, you have the right to access your data, rectify it if it is inaccurate or request its deletion when the data is no longer necessary.<\/p>\n<p>You can also exercise your right of opposition, limitation or portability if you deem it appropriate and to do so you can do so in writing by email to info@businessadapter.es attaching a copy of your ID to identify you.<\/p>\n<p>&nbsp;<\/p>\n<p>If you wish to forward any suggestions or queries about the processing of your personal data, you can contact our data protection consultants:<\/p>\n<p>BUSINESS ADAPTER, S.L.<\/p>\n<p>Ronda Guglielmo Marconi, 11, 26, (Technology Park) 46980 Paterna (Valencia).<\/p>\n<p>E-mail: <a href=\"mailto:info@businessadapter.es\">info@businessadapter.es<\/a><\/p>\n<p><a href=\"https:\/\/www.businessadapter.es\/contacta-con-el-delegado-de-proteccion-de-datos\">Interested party service form<\/a><\/p>\n<p>&nbsp;<\/p>\n<p>If you want to exercise your rights and you are under 14 years of age, you can exercise them through your parents, guardians or legal representative.<\/p>\n<p>If you want to make a claim on the grounds that your rights have been violated, you can do so before the Spanish Data Protection Agency, C\/ Jorge Juan, 6, 28001 Madrid or at www.aepd.es.<\/p>\n<p>&nbsp;<\/p>\n<ol start=\"10\">\n<li><strong>Update<\/strong><strong> of this Policy<\/strong><\/li>\n<\/ol>\n<p>Our entity reserves the right to modify this Policy without prior notice. That is why we recommend consulting it every time you visit our website.<\/p>\n<p>&nbsp;<\/p>\n<p>Updated on May 30, 2022.<\/p>","protected":false},"excerpt":{"rendered":"<p>Objeto Esta Pol\u00edtica de Cookies, le ofrece la informaci\u00f3n necesaria sobre el uso de cookies en nuestro sitio web. Tambi\u00e9n [&hellip;]<\/p>","protected":false},"author":2,"featured_media":0,"parent":82400,"menu_order":3,"comment_status":"closed","ping_status":"open","template":"","meta":{"footnotes":""},"class_list":["post-3614","page","type-page","status-publish","hentry"],"yoast_head":"<!-- This site is optimized with the Yoast SEO plugin v25.8 - https:\/\/yoast.com\/wordpress\/plugins\/seo\/ -->\n<title>Pol\u00edtica de cookies - Tu-Voz<\/title>\n<meta name=\"robots\" content=\"noindex, nofollow\" \/>\n<meta property=\"og:locale\" content=\"en_GB\" \/>\n<meta property=\"og:type\" content=\"article\" \/>\n<meta property=\"og:title\" content=\"Pol\u00edtica de cookies - Tu-Voz\" \/>\n<meta property=\"og:description\" content=\"Objeto Esta Pol\u00edtica de Cookies, le ofrece la informaci\u00f3n necesaria sobre el uso de cookies en nuestro sitio web. Tambi\u00e9n [&hellip;]\" \/>\n<meta property=\"og:url\" content=\"https:\/\/tu-voz.com\/en\/nuestras-politicas\/politica-de-cookies\/\" \/>\n<meta property=\"og:site_name\" content=\"Tu-Voz\" \/>\n<meta property=\"article:modified_time\" content=\"2022-05-30T08:21:44+00:00\" \/>\n<meta name=\"twitter:label1\" content=\"Estimated reading time\" \/>\n\t<meta name=\"twitter:data1\" content=\"9 minutes\" \/>\n<script type=\"application\/ld+json\" class=\"yoast-schema-graph\">{\"@context\":\"https:\/\/schema.org\",\"@graph\":[{\"@type\":\"WebPage\",\"@id\":\"https:\/\/tu-voz.com\/nuestras-politicas\/politica-de-cookies\/\",\"url\":\"https:\/\/tu-voz.com\/nuestras-politicas\/politica-de-cookies\/\",\"name\":\"Pol\u00edtica de cookies - Tu-Voz\",\"isPartOf\":{\"@id\":\"https:\/\/tu-voz.com\/#website\"},\"datePublished\":\"2013-03-11T08:47:08+00:00\",\"dateModified\":\"2022-05-30T08:21:44+00:00\",\"breadcrumb\":{\"@id\":\"https:\/\/tu-voz.com\/nuestras-politicas\/politica-de-cookies\/#breadcrumb\"},\"inLanguage\":\"en-GB\",\"potentialAction\":[{\"@type\":\"ReadAction\",\"target\":[\"https:\/\/tu-voz.com\/nuestras-politicas\/politica-de-cookies\/\"]}]},{\"@type\":\"BreadcrumbList\",\"@id\":\"https:\/\/tu-voz.com\/nuestras-politicas\/politica-de-cookies\/#breadcrumb\",\"itemListElement\":[{\"@type\":\"ListItem\",\"position\":1,\"name\":\"Portada\",\"item\":\"https:\/\/tu-voz.com\/\"},{\"@type\":\"ListItem\",\"position\":2,\"name\":\"Nuestras pol\u00edticas\",\"item\":\"https:\/\/tu-voz.com\/nuestras-politicas\/\"},{\"@type\":\"ListItem\",\"position\":3,\"name\":\"Pol\u00edtica de cookies\"}]},{\"@type\":\"WebSite\",\"@id\":\"https:\/\/tu-voz.com\/#website\",\"url\":\"https:\/\/tu-voz.com\/\",\"name\":\"Tu-Voz\",\"description\":\"Call center de telemarketing y servicio de atenci\u00f3n al cliente. Contact center en Valencia.\",\"potentialAction\":[{\"@type\":\"SearchAction\",\"target\":{\"@type\":\"EntryPoint\",\"urlTemplate\":\"https:\/\/tu-voz.com\/?s={search_term_string}\"},\"query-input\":{\"@type\":\"PropertyValueSpecification\",\"valueRequired\":true,\"valueName\":\"search_term_string\"}}],\"inLanguage\":\"en-GB\"}]}<\/script>\n<!-- \/ Yoast SEO plugin. -->","yoast_head_json":{"title":"Pol\u00edtica de cookies - Tu-Voz","robots":{"index":"noindex","follow":"nofollow"},"og_locale":"en_GB","og_type":"article","og_title":"Pol\u00edtica de cookies - Tu-Voz","og_description":"Objeto Esta Pol\u00edtica de Cookies, le ofrece la informaci\u00f3n necesaria sobre el uso de cookies en nuestro sitio web. Tambi\u00e9n [&hellip;]","og_url":"https:\/\/tu-voz.com\/en\/nuestras-politicas\/politica-de-cookies\/","og_site_name":"Tu-Voz","article_modified_time":"2022-05-30T08:21:44+00:00","twitter_misc":{"Estimated reading time":"9 minutes"},"schema":{"@context":"https:\/\/schema.org","@graph":[{"@type":"WebPage","@id":"https:\/\/tu-voz.com\/nuestras-politicas\/politica-de-cookies\/","url":"https:\/\/tu-voz.com\/nuestras-politicas\/politica-de-cookies\/","name":"Pol\u00edtica de cookies - Tu-Voz","isPartOf":{"@id":"https:\/\/tu-voz.com\/#website"},"datePublished":"2013-03-11T08:47:08+00:00","dateModified":"2022-05-30T08:21:44+00:00","breadcrumb":{"@id":"https:\/\/tu-voz.com\/nuestras-politicas\/politica-de-cookies\/#breadcrumb"},"inLanguage":"en-GB","potentialAction":[{"@type":"ReadAction","target":["https:\/\/tu-voz.com\/nuestras-politicas\/politica-de-cookies\/"]}]},{"@type":"BreadcrumbList","@id":"https:\/\/tu-voz.com\/nuestras-politicas\/politica-de-cookies\/#breadcrumb","itemListElement":[{"@type":"ListItem","position":1,"name":"Portada","item":"https:\/\/tu-voz.com\/"},{"@type":"ListItem","position":2,"name":"Nuestras pol\u00edticas","item":"https:\/\/tu-voz.com\/nuestras-politicas\/"},{"@type":"ListItem","position":3,"name":"Pol\u00edtica de cookies"}]},{"@type":"WebSite","@id":"https:\/\/tu-voz.com\/#website","url":"https:\/\/tu-voz.com\/","name":"Tu-Voz","description":"Call center de telemarketing y servicio de atenci\u00f3n al cliente. Contact center en Valencia.","potentialAction":[{"@type":"SearchAction","target":{"@type":"EntryPoint","urlTemplate":"https:\/\/tu-voz.com\/?s={search_term_string}"},"query-input":{"@type":"PropertyValueSpecification","valueRequired":true,"valueName":"search_term_string"}}],"inLanguage":"en-GB"}]}},"_links":{"self":[{"href":"https:\/\/tu-voz.com\/en\/wp-json\/wp\/v2\/pages\/3614","targetHints":{"allow":["GET"]}}],"collection":[{"href":"https:\/\/tu-voz.com\/en\/wp-json\/wp\/v2\/pages"}],"about":[{"href":"https:\/\/tu-voz.com\/en\/wp-json\/wp\/v2\/types\/page"}],"author":[{"embeddable":true,"href":"https:\/\/tu-voz.com\/en\/wp-json\/wp\/v2\/users\/2"}],"replies":[{"embeddable":true,"href":"https:\/\/tu-voz.com\/en\/wp-json\/wp\/v2\/comments?post=3614"}],"version-history":[{"count":0,"href":"https:\/\/tu-voz.com\/en\/wp-json\/wp\/v2\/pages\/3614\/revisions"}],"up":[{"embeddable":true,"href":"https:\/\/tu-voz.com\/en\/wp-json\/wp\/v2\/pages\/82400"}],"wp:attachment":[{"href":"https:\/\/tu-voz.com\/en\/wp-json\/wp\/v2\/media?parent=3614"}],"curies":[{"name":"wp","href":"https:\/\/api.w.org\/{rel}","templated":true}]}}