{"id":5661,"date":"2014-05-06T10:10:10","date_gmt":"2014-05-06T08:10:10","guid":{"rendered":"http:\/\/www.tu-voz.com\/?page_id=5661"},"modified":"2021-08-03T16:59:11","modified_gmt":"2021-08-03T14:59:11","slug":"trabaja-con-nosotros","status":"publish","type":"page","link":"https:\/\/tu-voz.com\/en\/telemarketing-contact-center-valencia\/trabaja-con-nosotros\/","title":{"rendered":"Work with us"},"content":{"rendered":"<div class=\"wpb-content-wrapper\"><div data-parent=\"true\" class=\"vc_row vc_custom_1559913845647 row-container boomapps_vcrow\" style=\"margin-bottom: 0px ;\" id=\"row-unique-0\"><div class=\"row limit-width row-parent\"><div class=\"wpb_row row-inner\"><div class=\"wpb_column pos-top pos-center align_left column_parent col-lg-12 boomapps_vccolumn single-internal-gutter\"><div class=\"uncol style-light\"  ><div class=\"uncoltable\"><div class=\"uncell  boomapps_vccolumn no-block-padding\" ><div class=\"uncont\" ><div class=\"uncode_text_column\" ><\/p>\n<h2 style=\"text-align: center;\">Would you like to join our team?<\/h2>\n<h4 style=\"text-align: center;\"><span style=\"color: #e2660c;\">We are looking for candidates for our sending and receiving campaigns<\/span><\/h4>\n<h4 style=\"text-align: center;\"><span style=\"color: #e2660c;\">Work with us!<\/span><\/h4>\n<p>\n<\/div><\/div><\/div><\/div><\/div><\/div><script id=\"script-row-unique-0\" data-row=\"script-row-unique-0\" type=\"text\/javascript\" class=\"vc_controls\">UNCODE.initRow(document.getElementById(\"row-unique-0\"));<\/script><\/div><\/div><\/div><div data-parent=\"true\" class=\"vc_row row-container boomapps_vcrow\" id=\"row-unique-1\"><div class=\"row col-double-gutter quad-top-padding quad-bottom-padding single-h-padding limit-width row-parent\" data-height-ratio=\"35\"><div class=\"wpb_row row-inner\"><div class=\"wpb_column pos-middle pos-center align_left column_parent col-lg-3 boomapps_vccolumn single-internal-gutter\"><div class=\"uncol style-light\"  ><div class=\"uncoltable\"><div class=\"uncell  boomapps_vccolumn no-block-padding\" ><div class=\"uncont\" ><div class=\"icon-box icon-box-top\" ><div class=\"icon-box-icon fa-container\"><span class=\"text-accent-color btn-disable-hover\"><i class=\"fa fa-heart fa-3x fa-fw\"><\/i><\/span><\/div><div class=\"icon-box-content\"><div class=\"icon-box-heading icon-box-fa-3x\"><h3 class=\"h3\">Passion<\/h3><\/div><p>Our aim is to offer services of <strong>quality<\/strong>, exquisite customer service and keeping the\u00a0<strong>commitment<\/strong> to improve the quality of our services and <strong>satisfy<\/strong> the needs of our clients and everyone who works with us.<\/p>\n<\/div><\/div><\/div><\/div><\/div><\/div><\/div><div class=\"wpb_column pos-top pos-center align_left column_parent col-lg-3 boomapps_vccolumn single-internal-gutter\"><div class=\"uncol style-light\"  ><div class=\"uncoltable\"><div class=\"uncell  boomapps_vccolumn no-block-padding\" ><div class=\"uncont\" ><div class=\"icon-box icon-box-top\" ><div class=\"icon-box-icon fa-container\"><span class=\"text-accent-color btn-disable-hover\"><i class=\"fa fa-headphones fa-3x fa-fw\"><\/i><\/span><\/div><div class=\"icon-box-content\"><div class=\"icon-box-heading icon-box-fa-3x\"><h3 class=\"h3\">Commitment<\/h3><\/div><p>With the\u00a0<strong>customers, colleagues and the environment<\/strong> that surrounds us To do this, we currently have an impeccable level of quality, weekly internal communications, actions to help the environment, and much more that you can discover.<\/p>\n<\/div><\/div><\/div><\/div><\/div><\/div><\/div><div class=\"wpb_column pos-top pos-center align_left column_parent col-lg-3 boomapps_vccolumn single-internal-gutter\"><div class=\"uncol style-light\"  ><div class=\"uncoltable\"><div class=\"uncell  boomapps_vccolumn no-block-padding\" ><div class=\"uncont\" ><div class=\"icon-box icon-box-top\" ><div class=\"icon-box-icon fa-container\"><span class=\"text-accent-color btn-disable-hover\"><i class=\"fa fa-thumbs-up fa-3x fa-fw\"><\/i><\/span><\/div><div class=\"icon-box-content\"><div class=\"icon-box-heading icon-box-fa-3x\"><h3 class=\"h3\">Quality<\/h3><\/div><p>If a word defines us is <strong>quality<\/strong>. We look for it in everything we do, from satisfying our customers to improving as much as possible on a human level. we want people <strong>committed<\/strong> with giving the best version of them.<\/p>\n<\/div><\/div><\/div><\/div><\/div><\/div><\/div><div class=\"wpb_column pos-top pos-center align_left column_parent col-lg-3 boomapps_vccolumn single-internal-gutter\"><div class=\"uncol style-light\"  ><div class=\"uncoltable\"><div class=\"uncell  boomapps_vccolumn no-block-padding\" ><div class=\"uncont\" ><div class=\"icon-box icon-box-top\" ><div class=\"icon-box-icon fa-container\"><span class=\"text-accent-color btn-disable-hover\"><i class=\"fa fa-group fa-3x fa-fw\"><\/i><\/span><\/div><div class=\"icon-box-content\"><div class=\"icon-box-heading icon-box-fa-3x\"><h3 class=\"h3\">Equipment<\/h3><\/div><p>Because what differentiates us without a doubt is <strong>our human team.<\/strong>\u00a0A great team made up of professionals from various fields, but with one point in common: the passion for their work.<\/p>\n<\/div><\/div><\/div><\/div><\/div><\/div><\/div><script id=\"script-row-unique-1\" data-row=\"script-row-unique-1\" type=\"text\/javascript\" class=\"vc_controls\">UNCODE.initRow(document.getElementById(\"row-unique-1\"));<\/script><\/div><\/div><\/div><div data-parent=\"true\" class=\"vc_row row-container boomapps_vcrow\" id=\"row-unique-2\"><div class=\"row limit-width row-parent\"><div class=\"wpb_row row-inner\"><div class=\"wpb_column pos-top pos-center align_left column_parent col-lg-6 boomapps_vccolumn single-internal-gutter\"><div class=\"uncol style-light\"  ><div class=\"uncoltable\"><div class=\"uncell  boomapps_vccolumn no-block-padding\" ><div class=\"uncont\" ><div class=\"uncode_text_column\" ><\/p>\n<h3><span style=\"color: #e2660c;\">Join our team<\/span><\/h3>\n<p>Since <strong>Tu-Voz<\/strong> we risk and we dare <strong>innovate<\/strong> to offer our clients the best services and a <strong>unique experience<\/strong> and incomparable. we are a company <strong>engaged<\/strong> with the well-being of people, society and the sustainability of the planet.<\/p>\n<p>&nbsp;<\/p>\n<p>place the <strong>workers in the center<\/strong> is to assume the responsibility of accompanying them in their <strong>evolution<\/strong>, offering them an experience adapted to their professional objectives and their vital moments.<\/p>\n<p>&nbsp;<\/p>\n<p>As a Contact center, people are the protagonists of our company. Thus, <strong>we trust<\/strong> in them and we encourage them to contribute their proposals to improve from the first day of joining the company. We form a <strong>diverse team<\/strong> in which each person contributes <strong>value<\/strong> and we believe in a plural and non-discriminatory society.<\/p>\n<p>&nbsp;<\/p>\n<p>In addition, we believe that everyone who works with us should be <strong>good professional<\/strong> but also <strong>good person<\/strong>, that's why from <strong>Tu-Voz<\/strong> we are committed to a waste management policy for a <strong>environmental balance<\/strong>. We are convinced that a world that consumes better has more possibilities of being more<strong> fair and sustainable<\/strong>.<\/p>\n<\/div><\/div><\/div><\/div><\/div><\/div><div class=\"wpb_column pos-middle pos-center align_right column_parent col-lg-6 boomapps_vccolumn single-internal-gutter\"><div class=\"uncol style-light\"  ><div class=\"uncoltable\"><div class=\"uncell  boomapps_vccolumn single-block-padding style-color-xsdn-bg\" ><div class=\"uncont\" ><div class=\"uncode-single-media  text-left\"><div class=\"single-wrapper\" style=\"max-width: 100%;\"><div class=\"tmb tmb-light  tmb-media-first tmb-media-last tmb-content-overlay tmb-no-bg\"><div class=\"t-inside\"><div class=\"t-entry-visual\"><div class=\"t-entry-visual-tc\"><div class=\"uncode-single-media-wrapper\"><img fetchpriority=\"high\" decoding=\"async\" class=\"wp-image-82025\" src=\"https:\/\/tu-voz.com\/wp-content\/uploads\/2021\/07\/equipo-tuvoz.png\" width=\"2544\" height=\"2336\" alt=\"Contacto\" srcset=\"https:\/\/tu-voz.com\/wp-content\/uploads\/2021\/07\/equipo-tuvoz.png 2544w, https:\/\/tu-voz.com\/wp-content\/uploads\/2021\/07\/equipo-tuvoz-300x275.png 300w, https:\/\/tu-voz.com\/wp-content\/uploads\/2021\/07\/equipo-tuvoz-1024x940.png 1024w, https:\/\/tu-voz.com\/wp-content\/uploads\/2021\/07\/equipo-tuvoz-768x705.png 768w, https:\/\/tu-voz.com\/wp-content\/uploads\/2021\/07\/equipo-tuvoz-1536x1410.png 1536w, https:\/\/tu-voz.com\/wp-content\/uploads\/2021\/07\/equipo-tuvoz-2048x1881.png 2048w\" sizes=\"(max-width: 2544px) 100vw, 2544px\" \/><\/div>\n\t\t\t\t\t<\/div>\n\t\t\t\t<\/div><\/div><\/div><\/div><\/div><\/div><\/div><\/div><\/div><\/div><script id=\"script-row-unique-2\" data-row=\"script-row-unique-2\" type=\"text\/javascript\" class=\"vc_controls\">UNCODE.initRow(document.getElementById(\"row-unique-2\"));<\/script><\/div><\/div><\/div><div data-parent=\"true\" class=\"vc_row row-container boomapps_vcrow\" id=\"row-unique-3\"><div class=\"row limit-width row-parent\"><div class=\"wpb_row row-inner\"><div class=\"wpb_column pos-top pos-center align_center column_parent col-lg-12 boomapps_vccolumn single-internal-gutter\"><div class=\"uncol style-light\"  ><div class=\"uncoltable\"><div class=\"uncell  boomapps_vccolumn no-block-padding\" ><div class=\"uncont\" ><div class=\"uncode_text_column\" ><\/p>\n<h3 style=\"text-align: center;\"><span style=\"color: #e2660c;\">What we offer you is not just a job.<\/span><\/h3>\n<p style=\"text-align: center;\">It is expressing yourself, being who you want to be.<\/p>\n<p style=\"text-align: center;\">It is wanting to be the best version of yourself.<\/p>\n<p style=\"text-align: center;\">We are looking for real people, people with passion.<\/p>\n<p style=\"text-align: center;\">People like you.<\/p>\n<h3 style=\"text-align: center; font-size: 20px;\"><strong>Would you like to join our team? Work with us!<\/strong><\/h3>\n<p>\n<\/div><span class=\"btn-container\" ><a role=\"button\"  href=\"https:\/\/gestion.tu-voz.com\/jobs\" class=\"custom-link btn btn-xl border-width-0 btn-text-skin btn-accent btn-flat btn-icon-left\" target=\"_blank\">See job offers<\/a><\/span><\/div><\/div><\/div><\/div><\/div><script id=\"script-row-unique-3\" data-row=\"script-row-unique-3\" type=\"text\/javascript\" class=\"vc_controls\">UNCODE.initRow(document.getElementById(\"row-unique-3\"));<\/script><\/div><\/div><\/div><div data-parent=\"true\" class=\"vc_row row-container boomapps_vcrow\" id=\"row-unique-4\"><div class=\"row col-double-gutter quad-top-padding quad-bottom-padding single-h-padding limit-width row-parent\" data-height-ratio=\"35\"><div class=\"wpb_row row-inner\"><div class=\"wpb_column pos-middle pos-center align_left column_parent col-lg-3 boomapps_vccolumn single-internal-gutter\"><div class=\"uncol style-light\"  ><div class=\"uncoltable\"><div class=\"uncell  boomapps_vccolumn no-block-padding\" ><div class=\"uncont\" ><div class=\"icon-box icon-box-top\" ><div class=\"icon-box-icon fa-container\"><a role=\"button\" href=\"https:\/\/www.linkedin.com\/company\/tu-voz-contactcenter\" title=\"LinkedIn\" aria-label=\"LinkedIn\" target=\"_blank\" class=\"text-accent-color custom-link\"><i class=\"fa fa-linkedin fa-2x fa-fw\"><\/i><\/a><\/div><div class=\"icon-box-content\"><div class=\"icon-box-heading icon-box-fa-2x\"><h3 class=\"h3\">LinkedIn<\/h3><\/div><\/div><\/div><\/div><\/div><\/div><\/div><\/div><div class=\"wpb_column pos-top pos-center align_left column_parent col-lg-3 boomapps_vccolumn single-internal-gutter\"><div class=\"uncol style-light\"  ><div class=\"uncoltable\"><div class=\"uncell  boomapps_vccolumn no-block-padding\" ><div class=\"uncont\" ><div class=\"icon-box icon-box-top\" ><div class=\"icon-box-icon fa-container\"><a role=\"button\" href=\"https:\/\/es-es.facebook.com\/TuVozContactCenter\/\" title=\"Facebook\" aria-label=\"Facebook\" target=\"_blank\" class=\"text-accent-color custom-link\"><i class=\"fa fa-facebook fa-2x fa-fw\"><\/i><\/a><\/div><div class=\"icon-box-content\"><div class=\"icon-box-heading icon-box-fa-2x\"><h3 class=\"h3\">Facebook<\/h3><\/div><\/div><\/div><\/div><\/div><\/div><\/div><\/div><div class=\"wpb_column pos-top pos-center align_left column_parent col-lg-3 boomapps_vccolumn single-internal-gutter\"><div class=\"uncol style-light\"  ><div class=\"uncoltable\"><div class=\"uncell  boomapps_vccolumn no-block-padding\" ><div class=\"uncont\" ><div class=\"icon-box icon-box-top\" ><div class=\"icon-box-icon fa-container\"><a role=\"button\" href=\"https:\/\/twitter.com\/tuvozcc?lang=es\" title=\"Twitter\" aria-label=\"Twitter\" target=\"_blank\" class=\"text-accent-color custom-link\"><i class=\"fa fa-twitter fa-2x fa-fw\"><\/i><\/a><\/div><div class=\"icon-box-content\"><div class=\"icon-box-heading icon-box-fa-2x\"><h3 class=\"h3\">Twitter<\/h3><\/div><\/div><\/div><\/div><\/div><\/div><\/div><\/div><div class=\"wpb_column pos-top pos-center align_left column_parent col-lg-3 boomapps_vccolumn single-internal-gutter\"><div class=\"uncol style-light\"  ><div class=\"uncoltable\"><div class=\"uncell  boomapps_vccolumn no-block-padding\" ><div class=\"uncont\" ><div class=\"icon-box icon-box-top\" ><div class=\"icon-box-icon fa-container\"><a role=\"button\" href=\"https:\/\/www.youtube.com\/channel\/UCrr0YEi-rq9yKGeU26K-f4A\" title=\"YouTube\" aria-label=\"YouTube\" target=\"_blank\" class=\"text-accent-color custom-link\"><i class=\"fa fa-youtube fa-2x fa-fw\"><\/i><\/a><\/div><div class=\"icon-box-content\"><div class=\"icon-box-heading icon-box-fa-2x\"><h3 class=\"h3\">YouTube<\/h3><\/div><\/div><\/div><\/div><\/div><\/div><\/div><\/div><script id=\"script-row-unique-4\" data-row=\"script-row-unique-4\" type=\"text\/javascript\" class=\"vc_controls\">UNCODE.initRow(document.getElementById(\"row-unique-4\"));<\/script><\/div><\/div><\/div>\n<\/div>","protected":false},"excerpt":{"rendered":"\u00bfQuieres formar parte de nuestro equipo? Estamos buscando candidatos para nuestras campa\u00f1as de emisi\u00f3n y recepci\u00f3n de llamadas \u00a1Trabaja con [...]","protected":false},"author":2,"featured_media":82455,"parent":20,"menu_order":8,"comment_status":"closed","ping_status":"closed","template":"","meta":{"footnotes":""},"class_list":["post-5661","page","type-page","status-publish","has-post-thumbnail","hentry"],"yoast_head":"<!-- This site is optimized with the Yoast SEO plugin v25.8 - https:\/\/yoast.com\/wordpress\/plugins\/seo\/ -->\n<title>Trabaja con nosotros | Tu-Voz Contact center | Ll\u00e1manos 960 452 050<\/title>\n<meta name=\"description\" content=\"Trabaja en Tu-Voz Contact Center. Empleo de atenci\u00f3n al cliente, telemarketing, recepci\u00f3n y emisi\u00f3n en Valencia. Trabaja con nosotros\" \/>\n<meta name=\"robots\" content=\"index, follow, max-snippet:-1, max-image-preview:large, max-video-preview:-1\" \/>\n<link rel=\"canonical\" href=\"https:\/\/tu-voz.com\/en\/telemarketing-contact-center-valencia\/trabaja-con-nosotros\/\" \/>\n<meta property=\"og:locale\" content=\"en_GB\" \/>\n<meta property=\"og:type\" content=\"article\" \/>\n<meta property=\"og:title\" content=\"Trabaja con nosotros | Tu-Voz Contact center | Ll\u00e1manos 960 452 050\" \/>\n<meta property=\"og:description\" content=\"Trabaja en Tu-Voz Contact Center. Empleo de atenci\u00f3n al cliente, telemarketing, recepci\u00f3n y emisi\u00f3n en Valencia. Trabaja con nosotros\" \/>\n<meta property=\"og:url\" content=\"https:\/\/tu-voz.com\/en\/telemarketing-contact-center-valencia\/trabaja-con-nosotros\/\" \/>\n<meta property=\"og:site_name\" content=\"Tu-Voz\" \/>\n<meta property=\"article:modified_time\" content=\"2021-08-03T14:59:11+00:00\" \/>\n<meta property=\"og:image\" content=\"https:\/\/tu-voz.com\/wp-content\/uploads\/2021\/07\/cosechado-vista-manos-mecanografia-computadora_1262-3196.jpg\" \/>\n\t<meta property=\"og:image:width\" content=\"626\" \/>\n\t<meta property=\"og:image:height\" content=\"417\" \/>\n\t<meta property=\"og:image:type\" content=\"image\/jpeg\" \/>\n<meta name=\"twitter:label1\" content=\"Estimated reading time\" \/>\n\t<meta name=\"twitter:data1\" content=\"3 minutes\" \/>\n<script type=\"application\/ld+json\" class=\"yoast-schema-graph\">{\"@context\":\"https:\/\/schema.org\",\"@graph\":[{\"@type\":\"WebPage\",\"@id\":\"https:\/\/tu-voz.com\/telemarketing-contact-center-valencia\/trabaja-con-nosotros\/\",\"url\":\"https:\/\/tu-voz.com\/telemarketing-contact-center-valencia\/trabaja-con-nosotros\/\",\"name\":\"Trabaja con nosotros | Tu-Voz Contact center | Ll\u00e1manos 960 452 050\",\"isPartOf\":{\"@id\":\"https:\/\/tu-voz.com\/#website\"},\"primaryImageOfPage\":{\"@id\":\"https:\/\/tu-voz.com\/telemarketing-contact-center-valencia\/trabaja-con-nosotros\/#primaryimage\"},\"image\":{\"@id\":\"https:\/\/tu-voz.com\/telemarketing-contact-center-valencia\/trabaja-con-nosotros\/#primaryimage\"},\"thumbnailUrl\":\"https:\/\/tu-voz.com\/wp-content\/uploads\/2021\/07\/cosechado-vista-manos-mecanografia-computadora_1262-3196.jpg\",\"datePublished\":\"2014-05-06T08:10:10+00:00\",\"dateModified\":\"2021-08-03T14:59:11+00:00\",\"description\":\"Trabaja en Tu-Voz Contact Center. Empleo de atenci\u00f3n al cliente, telemarketing, recepci\u00f3n y emisi\u00f3n en Valencia. Trabaja con nosotros\",\"breadcrumb\":{\"@id\":\"https:\/\/tu-voz.com\/telemarketing-contact-center-valencia\/trabaja-con-nosotros\/#breadcrumb\"},\"inLanguage\":\"en-GB\",\"potentialAction\":[{\"@type\":\"ReadAction\",\"target\":[\"https:\/\/tu-voz.com\/telemarketing-contact-center-valencia\/trabaja-con-nosotros\/\"]}]},{\"@type\":\"ImageObject\",\"inLanguage\":\"en-GB\",\"@id\":\"https:\/\/tu-voz.com\/telemarketing-contact-center-valencia\/trabaja-con-nosotros\/#primaryimage\",\"url\":\"https:\/\/tu-voz.com\/wp-content\/uploads\/2021\/07\/cosechado-vista-manos-mecanografia-computadora_1262-3196.jpg\",\"contentUrl\":\"https:\/\/tu-voz.com\/wp-content\/uploads\/2021\/07\/cosechado-vista-manos-mecanografia-computadora_1262-3196.jpg\",\"width\":626,\"height\":417,\"caption\":\"Trabaja con nosotros\"},{\"@type\":\"BreadcrumbList\",\"@id\":\"https:\/\/tu-voz.com\/telemarketing-contact-center-valencia\/trabaja-con-nosotros\/#breadcrumb\",\"itemListElement\":[{\"@type\":\"ListItem\",\"position\":1,\"name\":\"Portada\",\"item\":\"https:\/\/tu-voz.com\/\"},{\"@type\":\"ListItem\",\"position\":2,\"name\":\"Conoce Tu-Voz &#8211; Telemarketing Contact center Valencia\",\"item\":\"https:\/\/tu-voz.com\/telemarketing-contact-center-valencia\/\"},{\"@type\":\"ListItem\",\"position\":3,\"name\":\"Trabaja con nosotros\"}]},{\"@type\":\"WebSite\",\"@id\":\"https:\/\/tu-voz.com\/#website\",\"url\":\"https:\/\/tu-voz.com\/\",\"name\":\"Tu-Voz\",\"description\":\"Call center de telemarketing y servicio de atenci\u00f3n al cliente. Contact center en Valencia.\",\"potentialAction\":[{\"@type\":\"SearchAction\",\"target\":{\"@type\":\"EntryPoint\",\"urlTemplate\":\"https:\/\/tu-voz.com\/?s={search_term_string}\"},\"query-input\":{\"@type\":\"PropertyValueSpecification\",\"valueRequired\":true,\"valueName\":\"search_term_string\"}}],\"inLanguage\":\"en-GB\"}]}<\/script>\n<!-- \/ Yoast SEO plugin. -->","yoast_head_json":{"title":"Trabaja con nosotros | Tu-Voz Contact center | Ll\u00e1manos 960 452 050","description":"Trabaja en Tu-Voz Contact Center. Empleo de atenci\u00f3n al cliente, telemarketing, recepci\u00f3n y emisi\u00f3n en Valencia. Trabaja con nosotros","robots":{"index":"index","follow":"follow","max-snippet":"max-snippet:-1","max-image-preview":"max-image-preview:large","max-video-preview":"max-video-preview:-1"},"canonical":"https:\/\/tu-voz.com\/en\/telemarketing-contact-center-valencia\/trabaja-con-nosotros\/","og_locale":"en_GB","og_type":"article","og_title":"Trabaja con nosotros | Tu-Voz Contact center | Ll\u00e1manos 960 452 050","og_description":"Trabaja en Tu-Voz Contact Center. Empleo de atenci\u00f3n al cliente, telemarketing, recepci\u00f3n y emisi\u00f3n en Valencia. Trabaja con nosotros","og_url":"https:\/\/tu-voz.com\/en\/telemarketing-contact-center-valencia\/trabaja-con-nosotros\/","og_site_name":"Tu-Voz","article_modified_time":"2021-08-03T14:59:11+00:00","og_image":[{"width":626,"height":417,"url":"https:\/\/tu-voz.com\/wp-content\/uploads\/2021\/07\/cosechado-vista-manos-mecanografia-computadora_1262-3196.jpg","type":"image\/jpeg"}],"twitter_misc":{"Estimated reading time":"3 minutes"},"schema":{"@context":"https:\/\/schema.org","@graph":[{"@type":"WebPage","@id":"https:\/\/tu-voz.com\/telemarketing-contact-center-valencia\/trabaja-con-nosotros\/","url":"https:\/\/tu-voz.com\/telemarketing-contact-center-valencia\/trabaja-con-nosotros\/","name":"Trabaja con nosotros | Tu-Voz Contact center | Ll\u00e1manos 960 452 050","isPartOf":{"@id":"https:\/\/tu-voz.com\/#website"},"primaryImageOfPage":{"@id":"https:\/\/tu-voz.com\/telemarketing-contact-center-valencia\/trabaja-con-nosotros\/#primaryimage"},"image":{"@id":"https:\/\/tu-voz.com\/telemarketing-contact-center-valencia\/trabaja-con-nosotros\/#primaryimage"},"thumbnailUrl":"https:\/\/tu-voz.com\/wp-content\/uploads\/2021\/07\/cosechado-vista-manos-mecanografia-computadora_1262-3196.jpg","datePublished":"2014-05-06T08:10:10+00:00","dateModified":"2021-08-03T14:59:11+00:00","description":"Trabaja en Tu-Voz Contact Center. Empleo de atenci\u00f3n al cliente, telemarketing, recepci\u00f3n y emisi\u00f3n en Valencia. Trabaja con nosotros","breadcrumb":{"@id":"https:\/\/tu-voz.com\/telemarketing-contact-center-valencia\/trabaja-con-nosotros\/#breadcrumb"},"inLanguage":"en-GB","potentialAction":[{"@type":"ReadAction","target":["https:\/\/tu-voz.com\/telemarketing-contact-center-valencia\/trabaja-con-nosotros\/"]}]},{"@type":"ImageObject","inLanguage":"en-GB","@id":"https:\/\/tu-voz.com\/telemarketing-contact-center-valencia\/trabaja-con-nosotros\/#primaryimage","url":"https:\/\/tu-voz.com\/wp-content\/uploads\/2021\/07\/cosechado-vista-manos-mecanografia-computadora_1262-3196.jpg","contentUrl":"https:\/\/tu-voz.com\/wp-content\/uploads\/2021\/07\/cosechado-vista-manos-mecanografia-computadora_1262-3196.jpg","width":626,"height":417,"caption":"Trabaja con nosotros"},{"@type":"BreadcrumbList","@id":"https:\/\/tu-voz.com\/telemarketing-contact-center-valencia\/trabaja-con-nosotros\/#breadcrumb","itemListElement":[{"@type":"ListItem","position":1,"name":"Portada","item":"https:\/\/tu-voz.com\/"},{"@type":"ListItem","position":2,"name":"Conoce Tu-Voz &#8211; Telemarketing Contact center Valencia","item":"https:\/\/tu-voz.com\/telemarketing-contact-center-valencia\/"},{"@type":"ListItem","position":3,"name":"Trabaja con nosotros"}]},{"@type":"WebSite","@id":"https:\/\/tu-voz.com\/#website","url":"https:\/\/tu-voz.com\/","name":"Tu-Voz","description":"Call center de telemarketing y servicio de atenci\u00f3n al cliente. Contact center en Valencia.","potentialAction":[{"@type":"SearchAction","target":{"@type":"EntryPoint","urlTemplate":"https:\/\/tu-voz.com\/?s={search_term_string}"},"query-input":{"@type":"PropertyValueSpecification","valueRequired":true,"valueName":"search_term_string"}}],"inLanguage":"en-GB"}]}},"_links":{"self":[{"href":"https:\/\/tu-voz.com\/en\/wp-json\/wp\/v2\/pages\/5661","targetHints":{"allow":["GET"]}}],"collection":[{"href":"https:\/\/tu-voz.com\/en\/wp-json\/wp\/v2\/pages"}],"about":[{"href":"https:\/\/tu-voz.com\/en\/wp-json\/wp\/v2\/types\/page"}],"author":[{"embeddable":true,"href":"https:\/\/tu-voz.com\/en\/wp-json\/wp\/v2\/users\/2"}],"replies":[{"embeddable":true,"href":"https:\/\/tu-voz.com\/en\/wp-json\/wp\/v2\/comments?post=5661"}],"version-history":[{"count":0,"href":"https:\/\/tu-voz.com\/en\/wp-json\/wp\/v2\/pages\/5661\/revisions"}],"up":[{"embeddable":true,"href":"https:\/\/tu-voz.com\/en\/wp-json\/wp\/v2\/pages\/20"}],"wp:featuredmedia":[{"embeddable":true,"href":"https:\/\/tu-voz.com\/en\/wp-json\/wp\/v2\/media\/82455"}],"wp:attachment":[{"href":"https:\/\/tu-voz.com\/en\/wp-json\/wp\/v2\/media?parent=5661"}],"curies":[{"name":"wp","href":"https:\/\/api.w.org\/{rel}","templated":true}]}}