{"id":7119,"date":"2016-09-01T19:46:23","date_gmt":"2016-09-01T17:46:23","guid":{"rendered":"http:\/\/www.tu-voz.com\/?page_id=7119"},"modified":"2021-08-03T15:09:33","modified_gmt":"2021-08-03T13:09:33","slug":"nuestra-tecnologia","status":"publish","type":"page","link":"https:\/\/tu-voz.com\/en\/telemarketing-contact-center-valencia\/nuestra-tecnologia\/","title":{"rendered":"Nuestra Tecnolog\u00eda (NO WEB)"},"content":{"rendered":"<div class=\"wpb-content-wrapper\"><div data-parent=\"true\" class=\"vc_row row-container boomapps_vcrow\" id=\"row-unique-0\"><div class=\"row limit-width row-parent\"><div class=\"wpb_row row-inner\"><div class=\"wpb_column pos-top pos-center align_left column_parent col-lg-12 boomapps_vccolumn single-internal-gutter\"><div class=\"uncol style-light\"  ><div class=\"uncoltable\"><div class=\"uncell  boomapps_vccolumn no-block-padding\" ><div class=\"uncont\" ><div class=\"uncode_text_column\" ><p>Tu-Voz Contact center dispone de tecnolog\u00eda de \u00faltima generaci\u00f3n proporcionada por nuestro partner ICR. Esta tecnolog\u00eda permite adaptar nuestros servicios y personalizarlos de modo que respondan a las necesidades de nuestros clientes.<\/p>\n<p>Nuestro software de gesti\u00f3n permite enrutamiento inteligente de contactos (ACD), autoservicio con reconocimiento vocal, marcador predictivo, CTI, herramientas de scripting y dise\u00f1o de flujos as\u00ed como gesti\u00f3n de comunicaciones omnicanal, todo ello bajo arquitectura web.<\/p>\n<p>Las principales aplicaciones que nos permiten ofrecer un servicio de calidad y cumplir los objetivos marcados son:<\/p>\n<h4><strong>Herramientas de Agente: IAgent<\/strong><\/h4>\n<p>Con iAgent nuestros agentes disponen de informaci\u00f3n en tiempo real y todo lo necesario para prestar un mejor y m\u00e1s r\u00e1pido servicio personalizando la atenci\u00f3n en cada interacci\u00f3n.<\/p>\n<p>Gracias al hist\u00f3rico de interacciones la experiencia del cliente ser\u00e1 completamente satisfactoria.\u00a0 En este caso el cliente no tendr\u00e1 que repetir la informaci\u00f3n proporcionada a trav\u00e9s de otros canales o a otros agentes. iAgent permitir\u00e1 fidelizar a los clientes prestando un servicio personalizado y haciendo de cada interacci\u00f3n una experiencia \u00fanica y especial.<\/p>\n<p><a href=\"https:\/\/www.tu-voz.com\/wp-content\/uploads\/2016\/09\/Iagent1.jpg\"><img fetchpriority=\"high\" decoding=\"async\" class=\"alignleft size-large wp-image-7126\" src=\"https:\/\/www.tu-voz.com\/wp-content\/uploads\/2016\/09\/Iagent1-1024x244.jpg\" alt=\"Iagent\" width=\"1024\" height=\"244\" srcset=\"https:\/\/tu-voz.com\/wp-content\/uploads\/2016\/09\/Iagent1-1024x244.jpg 1024w, https:\/\/tu-voz.com\/wp-content\/uploads\/2016\/09\/Iagent1-300x71.jpg 300w, https:\/\/tu-voz.com\/wp-content\/uploads\/2016\/09\/Iagent1.jpg 1651w\" sizes=\"(max-width: 1024px) 100vw, 1024px\" \/><\/a><\/p>\n<p>&nbsp;<\/p>\n<h4><strong>Herramientas de supervisi\u00f3n: Manager<\/strong><\/h4>\n<p>Para una gesti\u00f3n del Contact Center m\u00e1s sencilla y r\u00e1pida que permite adaptarnos r\u00e1pidamente a los cambios de tu negocio.<\/p>\n<p>A trav\u00e9s de Manager y gracias a su \u00fanico interfaz web podemos configurar f\u00e1cilmente tus servicios, los agentes y sus perfiles, medir la satisfacci\u00f3n de tus clientes y la productividad de tus equipos.<\/p>\n<p>Con Manager los supervisores pueden monitorizar en tiempo real el grado de cumplimiento de los SLA\u2019s, la actividad de los agentes y el rendimiento de la plataforma. Adem\u00e1s, pueden configurar y personalizar\u00e1n sus paneles de control. De ese modo, podr\u00e1n aglutinar la informaci\u00f3n que consideren m\u00e1s relevante en una sola vista.<\/p>\n<p>Est\u00e9n donde est\u00e9n, con un pc de sobremesa, laptop o una tableta, los supervisores ser\u00e1n m\u00e1s productivos. Podr\u00e1n gestionar el Contact Center y ser m\u00e1s \u00e1giles a la hora de hacer cambios en su configuraci\u00f3n.<\/p>\n<p><a href=\"https:\/\/www.tu-voz.com\/wp-content\/uploads\/2016\/09\/Supervision.jpg\"><img decoding=\"async\" class=\"alignleft size-large wp-image-7122\" src=\"https:\/\/www.tu-voz.com\/wp-content\/uploads\/2016\/09\/Supervision-1024x392.jpg\" alt=\"Supervision\" width=\"1024\" height=\"392\" srcset=\"https:\/\/tu-voz.com\/wp-content\/uploads\/2016\/09\/Supervision-1024x392.jpg 1024w, https:\/\/tu-voz.com\/wp-content\/uploads\/2016\/09\/Supervision-300x115.jpg 300w, https:\/\/tu-voz.com\/wp-content\/uploads\/2016\/09\/Supervision.jpg 1561w\" sizes=\"(max-width: 1024px) 100vw, 1024px\" \/><\/a><\/p>\n<h4><strong>Herramientas de Scripting: Designer<\/strong><\/h4>\n<p>Con Designer podemos definir los scripts de los agentes. Esta herramienta sirve para que la atenci\u00f3n del cliente se adapte a tus necesidades. Igualmente podemos definir los flujos din\u00e1micos para el enrutamiento inteligente de interacciones hasta los scripts de los agentes de una manera r\u00e1pida y sencilla. Adem\u00e1s podemos definir los flujos multicanal intuitivamente, definir reglas horarias, activar un autoservicio vocal, definir los call-backs, etc.<\/p>\n<p><a href=\"https:\/\/www.tu-voz.com\/wp-content\/uploads\/2016\/09\/Scripting.jpg\"><img decoding=\"async\" class=\"alignleft size-large wp-image-7123\" src=\"https:\/\/www.tu-voz.com\/wp-content\/uploads\/2016\/09\/Scripting-1024x640.jpg\" alt=\"Scripting\" width=\"1024\" height=\"640\" srcset=\"https:\/\/tu-voz.com\/wp-content\/uploads\/2016\/09\/Scripting-1024x640.jpg 1024w, https:\/\/tu-voz.com\/wp-content\/uploads\/2016\/09\/Scripting-300x188.jpg 300w, https:\/\/tu-voz.com\/wp-content\/uploads\/2016\/09\/Scripting.jpg 1680w\" sizes=\"(max-width: 1024px) 100vw, 1024px\" \/><\/a><\/p>\n<p><strong>Integracion<\/strong><\/p>\n<p>Podemos integrar nuestros sistemas con tus aplicaciones de negocio. De esta forma nos permite transmitir informaci\u00f3n relevante de una interacci\u00f3n a tus aplicaciones.<\/p>\n<p><a href=\"https:\/\/www.tu-voz.com\/wp-content\/uploads\/2016\/09\/Integracion.jpg\"><img loading=\"lazy\" decoding=\"async\" class=\"alignleft size-large wp-image-7124\" src=\"https:\/\/www.tu-voz.com\/wp-content\/uploads\/2016\/09\/Integracion-1024x568.jpg\" alt=\"Integracion\" width=\"1024\" height=\"568\" srcset=\"https:\/\/tu-voz.com\/wp-content\/uploads\/2016\/09\/Integracion-1024x568.jpg 1024w, https:\/\/tu-voz.com\/wp-content\/uploads\/2016\/09\/Integracion-300x166.jpg 300w, https:\/\/tu-voz.com\/wp-content\/uploads\/2016\/09\/Integracion.jpg 1079w\" sizes=\"auto, (max-width: 1024px) 100vw, 1024px\" \/><\/a><\/p>\n<p>Finalmente en Tu-Voz garantiza la continuidad de servicio frente a los cortes de suministro el\u00e9ctrico. Mediante un grupo electr\u00f3geno podemos asegurar a nuestros cliente que mantenemos una alimentaci\u00f3n continua de forma indefinida.<\/p>\n<\/div><\/div><\/div><\/div><\/div><\/div><script id=\"script-row-unique-0\" data-row=\"script-row-unique-0\" type=\"text\/javascript\" class=\"vc_controls\">UNCODE.initRow(document.getElementById(\"row-unique-0\"));<\/script><\/div><\/div><\/div>\n<\/div>","protected":false},"excerpt":{"rendered":"Tu-Voz Contact center dispone de tecnolog\u00eda de \u00faltima generaci\u00f3n proporcionada por nuestro partner ICR. Esta tecnolog\u00eda permite adaptar nuestros servicios [...]","protected":false},"author":2,"featured_media":0,"parent":20,"menu_order":20,"comment_status":"closed","ping_status":"closed","template":"","meta":{"footnotes":""},"class_list":["post-7119","page","type-page","status-publish","hentry"],"yoast_head":"<!-- This site is optimized with the Yoast SEO plugin v25.8 - https:\/\/yoast.com\/wordpress\/plugins\/seo\/ -->\n<title>Tecnolog\u00eda de \u00faltima generaci\u00f3n Tu-Voz Contact Center | Telemarketing<\/title>\n<meta name=\"description\" content=\"Tu Voz utiliza tecnolog\u00eda de ultima generaci\u00f3n para gestionar su Call Center y ofrecer un servicio de m\u00e1xima calidad en servicios de telemarketing.\" \/>\n<meta name=\"robots\" content=\"index, follow, max-snippet:-1, max-image-preview:large, max-video-preview:-1\" \/>\n<link rel=\"canonical\" href=\"https:\/\/tu-voz.com\/en\/telemarketing-contact-center-valencia\/nuestra-tecnologia\/\" \/>\n<meta property=\"og:locale\" content=\"en_GB\" \/>\n<meta property=\"og:type\" content=\"article\" \/>\n<meta property=\"og:title\" content=\"Tecnolog\u00eda de \u00faltima generaci\u00f3n Tu-Voz Contact Center | Telemarketing\" \/>\n<meta property=\"og:description\" content=\"Tu Voz utiliza tecnolog\u00eda de ultima generaci\u00f3n para gestionar su Call Center y ofrecer un servicio de m\u00e1xima calidad en servicios de telemarketing.\" \/>\n<meta property=\"og:url\" content=\"https:\/\/tu-voz.com\/en\/telemarketing-contact-center-valencia\/nuestra-tecnologia\/\" \/>\n<meta property=\"og:site_name\" content=\"Tu-Voz\" \/>\n<meta property=\"article:modified_time\" content=\"2021-08-03T13:09:33+00:00\" \/>\n<meta property=\"og:image\" content=\"https:\/\/www.tu-voz.com\/wp-content\/uploads\/2016\/09\/Iagent1-1024x244.jpg\" \/>\n<meta name=\"twitter:label1\" content=\"Estimated reading time\" \/>\n\t<meta name=\"twitter:data1\" content=\"3 minutes\" \/>\n<script type=\"application\/ld+json\" class=\"yoast-schema-graph\">{\"@context\":\"https:\/\/schema.org\",\"@graph\":[{\"@type\":\"WebPage\",\"@id\":\"https:\/\/tu-voz.com\/telemarketing-contact-center-valencia\/nuestra-tecnologia\/\",\"url\":\"https:\/\/tu-voz.com\/telemarketing-contact-center-valencia\/nuestra-tecnologia\/\",\"name\":\"Tecnolog\u00eda de \u00faltima generaci\u00f3n Tu-Voz Contact Center | Telemarketing\",\"isPartOf\":{\"@id\":\"https:\/\/tu-voz.com\/#website\"},\"primaryImageOfPage\":{\"@id\":\"https:\/\/tu-voz.com\/telemarketing-contact-center-valencia\/nuestra-tecnologia\/#primaryimage\"},\"image\":{\"@id\":\"https:\/\/tu-voz.com\/telemarketing-contact-center-valencia\/nuestra-tecnologia\/#primaryimage\"},\"thumbnailUrl\":\"https:\/\/www.tu-voz.com\/wp-content\/uploads\/2016\/09\/Iagent1-1024x244.jpg\",\"datePublished\":\"2016-09-01T17:46:23+00:00\",\"dateModified\":\"2021-08-03T13:09:33+00:00\",\"description\":\"Tu Voz utiliza tecnolog\u00eda de ultima generaci\u00f3n para gestionar su Call Center y ofrecer un servicio de m\u00e1xima calidad en servicios de telemarketing.\",\"breadcrumb\":{\"@id\":\"https:\/\/tu-voz.com\/telemarketing-contact-center-valencia\/nuestra-tecnologia\/#breadcrumb\"},\"inLanguage\":\"en-GB\",\"potentialAction\":[{\"@type\":\"ReadAction\",\"target\":[\"https:\/\/tu-voz.com\/telemarketing-contact-center-valencia\/nuestra-tecnologia\/\"]}]},{\"@type\":\"ImageObject\",\"inLanguage\":\"en-GB\",\"@id\":\"https:\/\/tu-voz.com\/telemarketing-contact-center-valencia\/nuestra-tecnologia\/#primaryimage\",\"url\":\"https:\/\/www.tu-voz.com\/wp-content\/uploads\/2016\/09\/Iagent1-1024x244.jpg\",\"contentUrl\":\"https:\/\/www.tu-voz.com\/wp-content\/uploads\/2016\/09\/Iagent1-1024x244.jpg\"},{\"@type\":\"BreadcrumbList\",\"@id\":\"https:\/\/tu-voz.com\/telemarketing-contact-center-valencia\/nuestra-tecnologia\/#breadcrumb\",\"itemListElement\":[{\"@type\":\"ListItem\",\"position\":1,\"name\":\"Portada\",\"item\":\"https:\/\/tu-voz.com\/\"},{\"@type\":\"ListItem\",\"position\":2,\"name\":\"Conoce Tu-Voz &#8211; Telemarketing Contact center Valencia\",\"item\":\"https:\/\/tu-voz.com\/telemarketing-contact-center-valencia\/\"},{\"@type\":\"ListItem\",\"position\":3,\"name\":\"Nuestra Tecnolog\u00eda (NO WEB)\"}]},{\"@type\":\"WebSite\",\"@id\":\"https:\/\/tu-voz.com\/#website\",\"url\":\"https:\/\/tu-voz.com\/\",\"name\":\"Tu-Voz\",\"description\":\"Call center de telemarketing y servicio de atenci\u00f3n al cliente. Contact center en Valencia.\",\"potentialAction\":[{\"@type\":\"SearchAction\",\"target\":{\"@type\":\"EntryPoint\",\"urlTemplate\":\"https:\/\/tu-voz.com\/?s={search_term_string}\"},\"query-input\":{\"@type\":\"PropertyValueSpecification\",\"valueRequired\":true,\"valueName\":\"search_term_string\"}}],\"inLanguage\":\"en-GB\"}]}<\/script>\n<!-- \/ Yoast SEO plugin. -->","yoast_head_json":{"title":"Tecnolog\u00eda de \u00faltima generaci\u00f3n Tu-Voz Contact Center | Telemarketing","description":"Tu Voz utiliza tecnolog\u00eda de ultima generaci\u00f3n para gestionar su Call Center y ofrecer un servicio de m\u00e1xima calidad en servicios de telemarketing.","robots":{"index":"index","follow":"follow","max-snippet":"max-snippet:-1","max-image-preview":"max-image-preview:large","max-video-preview":"max-video-preview:-1"},"canonical":"https:\/\/tu-voz.com\/en\/telemarketing-contact-center-valencia\/nuestra-tecnologia\/","og_locale":"en_GB","og_type":"article","og_title":"Tecnolog\u00eda de \u00faltima generaci\u00f3n Tu-Voz Contact Center | Telemarketing","og_description":"Tu Voz utiliza tecnolog\u00eda de ultima generaci\u00f3n para gestionar su Call Center y ofrecer un servicio de m\u00e1xima calidad en servicios de telemarketing.","og_url":"https:\/\/tu-voz.com\/en\/telemarketing-contact-center-valencia\/nuestra-tecnologia\/","og_site_name":"Tu-Voz","article_modified_time":"2021-08-03T13:09:33+00:00","og_image":[{"url":"https:\/\/www.tu-voz.com\/wp-content\/uploads\/2016\/09\/Iagent1-1024x244.jpg","type":"","width":"","height":""}],"twitter_misc":{"Estimated reading time":"3 minutes"},"schema":{"@context":"https:\/\/schema.org","@graph":[{"@type":"WebPage","@id":"https:\/\/tu-voz.com\/telemarketing-contact-center-valencia\/nuestra-tecnologia\/","url":"https:\/\/tu-voz.com\/telemarketing-contact-center-valencia\/nuestra-tecnologia\/","name":"Tecnolog\u00eda de \u00faltima generaci\u00f3n Tu-Voz Contact Center | Telemarketing","isPartOf":{"@id":"https:\/\/tu-voz.com\/#website"},"primaryImageOfPage":{"@id":"https:\/\/tu-voz.com\/telemarketing-contact-center-valencia\/nuestra-tecnologia\/#primaryimage"},"image":{"@id":"https:\/\/tu-voz.com\/telemarketing-contact-center-valencia\/nuestra-tecnologia\/#primaryimage"},"thumbnailUrl":"https:\/\/www.tu-voz.com\/wp-content\/uploads\/2016\/09\/Iagent1-1024x244.jpg","datePublished":"2016-09-01T17:46:23+00:00","dateModified":"2021-08-03T13:09:33+00:00","description":"Tu Voz utiliza tecnolog\u00eda de ultima generaci\u00f3n para gestionar su Call Center y ofrecer un servicio de m\u00e1xima calidad en servicios de telemarketing.","breadcrumb":{"@id":"https:\/\/tu-voz.com\/telemarketing-contact-center-valencia\/nuestra-tecnologia\/#breadcrumb"},"inLanguage":"en-GB","potentialAction":[{"@type":"ReadAction","target":["https:\/\/tu-voz.com\/telemarketing-contact-center-valencia\/nuestra-tecnologia\/"]}]},{"@type":"ImageObject","inLanguage":"en-GB","@id":"https:\/\/tu-voz.com\/telemarketing-contact-center-valencia\/nuestra-tecnologia\/#primaryimage","url":"https:\/\/www.tu-voz.com\/wp-content\/uploads\/2016\/09\/Iagent1-1024x244.jpg","contentUrl":"https:\/\/www.tu-voz.com\/wp-content\/uploads\/2016\/09\/Iagent1-1024x244.jpg"},{"@type":"BreadcrumbList","@id":"https:\/\/tu-voz.com\/telemarketing-contact-center-valencia\/nuestra-tecnologia\/#breadcrumb","itemListElement":[{"@type":"ListItem","position":1,"name":"Portada","item":"https:\/\/tu-voz.com\/"},{"@type":"ListItem","position":2,"name":"Conoce Tu-Voz &#8211; Telemarketing Contact center Valencia","item":"https:\/\/tu-voz.com\/telemarketing-contact-center-valencia\/"},{"@type":"ListItem","position":3,"name":"Nuestra Tecnolog\u00eda (NO WEB)"}]},{"@type":"WebSite","@id":"https:\/\/tu-voz.com\/#website","url":"https:\/\/tu-voz.com\/","name":"Tu-Voz","description":"Call center de telemarketing y servicio de atenci\u00f3n al cliente. Contact center en Valencia.","potentialAction":[{"@type":"SearchAction","target":{"@type":"EntryPoint","urlTemplate":"https:\/\/tu-voz.com\/?s={search_term_string}"},"query-input":{"@type":"PropertyValueSpecification","valueRequired":true,"valueName":"search_term_string"}}],"inLanguage":"en-GB"}]}},"_links":{"self":[{"href":"https:\/\/tu-voz.com\/en\/wp-json\/wp\/v2\/pages\/7119","targetHints":{"allow":["GET"]}}],"collection":[{"href":"https:\/\/tu-voz.com\/en\/wp-json\/wp\/v2\/pages"}],"about":[{"href":"https:\/\/tu-voz.com\/en\/wp-json\/wp\/v2\/types\/page"}],"author":[{"embeddable":true,"href":"https:\/\/tu-voz.com\/en\/wp-json\/wp\/v2\/users\/2"}],"replies":[{"embeddable":true,"href":"https:\/\/tu-voz.com\/en\/wp-json\/wp\/v2\/comments?post=7119"}],"version-history":[{"count":0,"href":"https:\/\/tu-voz.com\/en\/wp-json\/wp\/v2\/pages\/7119\/revisions"}],"up":[{"embeddable":true,"href":"https:\/\/tu-voz.com\/en\/wp-json\/wp\/v2\/pages\/20"}],"wp:attachment":[{"href":"https:\/\/tu-voz.com\/en\/wp-json\/wp\/v2\/media?parent=7119"}],"curies":[{"name":"wp","href":"https:\/\/api.w.org\/{rel}","templated":true}]}}