{"id":80201,"date":"2020-01-08T12:10:00","date_gmt":"2020-01-08T10:10:00","guid":{"rendered":"https:\/\/www.tu-voz.com\/?page_id=80201"},"modified":"2021-08-03T17:05:57","modified_gmt":"2021-08-03T15:05:57","slug":"call-center-tecnologico-en-valencia","status":"publish","type":"page","link":"https:\/\/tu-voz.com\/en\/telemarketing-contact-center-valencia\/call-center-tecnologico-en-valencia\/","title":{"rendered":"Nuestra Tecnolog\u00eda"},"content":{"rendered":"<div class=\"wpb-content-wrapper\"><div data-parent=\"true\" class=\"vc_row row-container boomapps_vcrow\" id=\"row-unique-0\"><div class=\"row limit-width row-parent\"><div class=\"wpb_row row-inner\"><div class=\"wpb_column pos-top pos-center align_center column_parent col-lg-12 boomapps_vccolumn single-internal-gutter\"><div class=\"uncol style-light\"  ><div class=\"uncoltable\"><div class=\"uncell  boomapps_vccolumn no-block-padding\" ><div class=\"uncont\" ><div class=\"vc_custom_heading_wrap\"><div class=\"heading-text el-text\" ><h1 class=\"h1 text-accent-color\" ><span><\/p><\/span><span><h2 style=\"text-align: center;\">Tu-Voz, your Call center in Valencia with cutting-edge technology<\/h2><\/span><span><h4 style=\"text-align: center;\"><span style=\"color: #e2660c;\">We offer you professional solutions with cutting-edge technology in the Contact Center sector.<\/span><\/h4><\/span><span><p><\/span><\/h1><\/div><div class=\"clear\"><\/div><\/div><div class=\"empty-space empty-single\" ><span class=\"empty-space-inner\"><\/span><\/div>\n<div class=\"vc_row row-internal row-container boomapps_vcrow\"><div class=\"row row-child\"><div class=\"wpb_row row-inner\"><div class=\"wpb_column pos-top pos-center align_left column_child col-lg-6 boomapps_vccolumn single-internal-gutter\"><div class=\"uncol style-light\" ><div class=\"uncoltable\"><div class=\"uncell  boomapps_vccolumn no-block-padding\" ><div class=\"uncont\" ><div class=\"uncode_text_column\" ><\/p>\n<h3><span style=\"color: #e2660c;\">Cutting edge technology<\/span><\/h3>\n<p>In <strong>Tu-Voz Contact Center<\/strong> we provide you with a solution <strong>Omnichanel Customer Service.<\/strong>\u00a0 Thanks to us your customer service and management is <strong>more agile and effective<\/strong> never. Whether it is calls, emails, chats or social networks, all channels can be directed to the most appropriate agents. Thus, you will be able to offer the best customer service thanks to our technological Call Center.<\/p>\n<p>Our solution has features such as Intelligent Contact Routing (ACD) and Self-Service Voice Recognition (IVR). In addition, we also offer predictive dialer, CTI, scripting and flow design tools, and omnichannel communications management. All this under web architecture.<\/p>\n<p><strong>Our agents can deal with interactions from different origins in the same interface.<\/strong> Combine call groups with Twitter messages, emails, chat requests, backoffice tasks, etc.<\/p>\n<\/div><\/div><\/div><\/div><\/div><\/div><div class=\"wpb_column pos-top pos-center align_left column_child col-lg-6 boomapps_vccolumn single-internal-gutter\"><div class=\"uncol style-light\" ><div class=\"uncoltable\"><div class=\"uncell  boomapps_vccolumn no-block-padding\" ><div class=\"uncont\" ><div class=\"uncode-single-media  text-left\"><div class=\"single-wrapper\" style=\"max-width: 100%;\"><div class=\"tmb tmb-light  tmb-media-first tmb-media-last tmb-content-overlay tmb-no-bg\"><div class=\"t-inside\"><div class=\"t-entry-visual\"><div class=\"t-entry-visual-tc\"><div class=\"uncode-single-media-wrapper\"><img fetchpriority=\"high\" decoding=\"async\" class=\"wp-image-80207\" src=\"https:\/\/tu-voz.com\/wp-content\/uploads\/2020\/01\/tecnologia-call-center-valencia.jpg\" width=\"500\" height=\"333\" alt=\"Tecnolog&iacute;a call center Valencia\" srcset=\"https:\/\/tu-voz.com\/wp-content\/uploads\/2020\/01\/tecnologia-call-center-valencia.jpg 500w, https:\/\/tu-voz.com\/wp-content\/uploads\/2020\/01\/tecnologia-call-center-valencia-300x200.jpg 300w\" sizes=\"(max-width: 500px) 100vw, 500px\" \/><\/div>\n\t\t\t\t\t<\/div>\n\t\t\t\t<\/div><\/div><\/div><\/div><\/div><\/div><\/div><\/div><\/div><\/div><\/div><\/div><\/div><div class=\"uncode_text_column\" ><\/p>\n<h3 style=\"text-align: left;\"><span style=\"color: #e2660c;\">Technology at your service<\/span><\/h3>\n<p style=\"text-align: left;\">In addition, our supervisors have a tool for <strong>Supervision and control<\/strong> that allows us to quickly adapt to changes in your business. Thanks to our unique web interface, we can easily configure your services, agents and their profiles, measure the satisfaction of your customers as well as measure the productivity of your teams. Additionally, supervisors can <strong>monitor in real time<\/strong> the degree of compliance with the SLAs, the activity of the agents and the performance of the platform.<\/p>\n<p style=\"text-align: left;\">The solution we provide in the Call center of <strong>Tu-Voz<\/strong> allows you to define agent scripts so that customer service adapts to your needs. Likewise, we can define the dynamic flows for the intelligent routing of interactions to the agent scripts in a fast and simple way or define the <strong>multichannel streams<\/strong> intuitively, define time rules, activate voice self-service, define call-backs, etc.<\/p>\n<p style=\"text-align: left;\">Similarly from <strong>Tu-Voz,<\/strong> as always we care about offering a <strong>quality service<\/strong> and committed to the satisfaction of your customers, we have a generator set that guarantees the continuity of services against possible power outages. Therefore, no customer will be left unattended, since in the event of a power outage, the group comes into operation automatically, thus allowing the continuity of Contact Center operations.<\/p>\n<p>\n<\/div><div class=\"empty-space empty-single\" ><span class=\"empty-space-inner\"><\/span><\/div>\n<\/div><\/div><\/div><\/div><\/div><script id=\"script-row-unique-0\" data-row=\"script-row-unique-0\" type=\"text\/javascript\" class=\"vc_controls\">UNCODE.initRow(document.getElementById(\"row-unique-0\"));<\/script><\/div><\/div><\/div><div data-parent=\"true\" class=\"vc_row row-container boomapps_vcrow\" id=\"row-unique-1\"><div class=\"row limit-width row-parent\"><div class=\"wpb_row row-inner\"><div class=\"wpb_column pos-top pos-center align_left column_parent col-lg-3 boomapps_vccolumn single-internal-gutter\"><div class=\"uncol style-light\"  ><div class=\"uncoltable\"><div class=\"uncell  boomapps_vccolumn no-block-padding\" ><div class=\"uncont\" ><div class=\"icon-box icon-box-top\" ><div class=\"icon-box-icon fa-container\"><a role=\"button\" href=\"https:\/\/www.linkedin.com\/company\/tu-voz-contactcenter\" title=\"LinkedIn\" aria-label=\"LinkedIn\" target=\"_blank\" class=\"text-accent-color custom-link\"><i class=\"fa fa-linkedin fa-2x fa-fw\"><\/i><\/a><\/div><div class=\"icon-box-content\"><div class=\"icon-box-heading icon-box-fa-2x\"><h3 class=\"h3\">LinkedIn<\/h3><\/div><\/div><\/div><\/div><\/div><\/div><\/div><\/div><div class=\"wpb_column pos-top pos-center align_left column_parent col-lg-3 boomapps_vccolumn single-internal-gutter\"><div class=\"uncol style-light\"  ><div class=\"uncoltable\"><div class=\"uncell  boomapps_vccolumn no-block-padding\" ><div class=\"uncont\" ><div class=\"icon-box icon-box-top\" ><div class=\"icon-box-icon fa-container\"><a role=\"button\" href=\"https:\/\/es-es.facebook.com\/TuVozContactCenter\/\" title=\"Facebook\" aria-label=\"Facebook\" target=\"_blank\" class=\"text-accent-color custom-link\"><i class=\"fa fa-facebook fa-2x fa-fw\"><\/i><\/a><\/div><div class=\"icon-box-content\"><div class=\"icon-box-heading icon-box-fa-2x\"><h3 class=\"h3\">Facebook<\/h3><\/div><\/div><\/div><\/div><\/div><\/div><\/div><\/div><div class=\"wpb_column pos-top pos-center align_left column_parent col-lg-3 boomapps_vccolumn single-internal-gutter\"><div class=\"uncol style-light\"  ><div class=\"uncoltable\"><div class=\"uncell  boomapps_vccolumn no-block-padding\" ><div class=\"uncont\" ><div class=\"icon-box icon-box-top\" ><div class=\"icon-box-icon fa-container\"><a role=\"button\" href=\"https:\/\/twitter.com\/tuvozcc?lang=es\" title=\"Twitter\" aria-label=\"Twitter\" target=\"_blank\" class=\"text-accent-color custom-link\"><i class=\"fa fa-twitter fa-2x fa-fw\"><\/i><\/a><\/div><div class=\"icon-box-content\"><div class=\"icon-box-heading icon-box-fa-2x\"><h3 class=\"h3\">Twitter<\/h3><\/div><\/div><\/div><\/div><\/div><\/div><\/div><\/div><div class=\"wpb_column pos-top pos-center align_left column_parent col-lg-3 boomapps_vccolumn single-internal-gutter\"><div class=\"uncol style-light\"  ><div class=\"uncoltable\"><div class=\"uncell  boomapps_vccolumn no-block-padding\" ><div class=\"uncont\" ><div class=\"icon-box icon-box-top\" ><div class=\"icon-box-icon fa-container\"><a role=\"button\" href=\"https:\/\/www.youtube.com\/channel\/UCrr0YEi-rq9yKGeU26K-f4A\" title=\"YouTube\" aria-label=\"YouTube\" target=\"_blank\" class=\"text-accent-color custom-link\"><i class=\"fa fa-youtube fa-2x fa-fw\"><\/i><\/a><\/div><div class=\"icon-box-content\"><div class=\"icon-box-heading icon-box-fa-2x\"><h3 class=\"h3\">YouTube<\/h3><\/div><\/div><\/div><\/div><\/div><\/div><\/div><\/div><script id=\"script-row-unique-1\" data-row=\"script-row-unique-1\" type=\"text\/javascript\" class=\"vc_controls\">UNCODE.initRow(document.getElementById(\"row-unique-1\"));<\/script><\/div><\/div><\/div><div data-parent=\"true\" class=\"vc_row row-container boomapps_vcrow\" id=\"row-unique-2\"><div class=\"row limit-width row-parent\"><div class=\"wpb_row row-inner\"><div class=\"wpb_column pos-top pos-center align_left column_parent col-lg-12 boomapps_vccolumn single-internal-gutter\"><div class=\"uncol style-light\"  ><div class=\"uncoltable\"><div class=\"uncell  boomapps_vccolumn no-block-padding\" ><div class=\"uncont\" ><div class=\"empty-space empty-single\" ><span class=\"empty-space-inner\"><\/span><\/div>\n<\/div><\/div><\/div><\/div><\/div><script id=\"script-row-unique-2\" data-row=\"script-row-unique-2\" type=\"text\/javascript\" class=\"vc_controls\">UNCODE.initRow(document.getElementById(\"row-unique-2\"));<\/script><\/div><\/div><\/div>\n<\/div>","protected":false},"excerpt":{"rendered":"Tu-Voz, tu Call center en Valencia con tecnolog\u00eda de vanguardiaTe ofrecemos soluciones profesionales con tecnolog\u00eda punta en el sector del [...]","protected":false},"author":5,"featured_media":81836,"parent":20,"menu_order":5,"comment_status":"closed","ping_status":"closed","template":"","meta":{"footnotes":""},"class_list":["post-80201","page","type-page","status-publish","has-post-thumbnail","hentry"],"yoast_head":"<!-- This site is optimized with the Yoast SEO plugin v25.8 - https:\/\/yoast.com\/wordpress\/plugins\/seo\/ -->\n<title>Call center tecnol\u00f3gico | Tecnolog\u00eda omnicanal | Tu-Voz Contact Center<\/title>\n<meta name=\"description\" content=\"Call center tecnol\u00f3gico que proporciona una soluci\u00f3n Omnichanel Customer Service para un servicio de gesti\u00f3n de clientes \u00e1gil y de calidad.\" \/>\n<meta name=\"robots\" content=\"index, follow, max-snippet:-1, max-image-preview:large, max-video-preview:-1\" \/>\n<link rel=\"canonical\" href=\"https:\/\/tu-voz.com\/en\/telemarketing-contact-center-valencia\/call-center-tecnologico-en-valencia\/\" \/>\n<meta property=\"og:locale\" content=\"en_GB\" \/>\n<meta property=\"og:type\" content=\"article\" \/>\n<meta property=\"og:title\" content=\"Call center tecnol\u00f3gico | Tecnolog\u00eda omnicanal | Tu-Voz Contact Center\" \/>\n<meta property=\"og:description\" content=\"Call center tecnol\u00f3gico que proporciona una soluci\u00f3n Omnichanel Customer Service para un servicio de gesti\u00f3n de clientes \u00e1gil y de calidad.\" \/>\n<meta property=\"og:url\" content=\"https:\/\/tu-voz.com\/en\/telemarketing-contact-center-valencia\/call-center-tecnologico-en-valencia\/\" \/>\n<meta property=\"og:site_name\" content=\"Tu-Voz\" \/>\n<meta property=\"article:modified_time\" content=\"2021-08-03T15:05:57+00:00\" \/>\n<meta property=\"og:image\" content=\"https:\/\/tu-voz.com\/wp-content\/uploads\/2020\/01\/cabecera-tecnologia.jpg\" \/>\n\t<meta property=\"og:image:width\" content=\"1200\" \/>\n\t<meta property=\"og:image:height\" content=\"500\" \/>\n\t<meta property=\"og:image:type\" content=\"image\/jpeg\" \/>\n<meta name=\"twitter:label1\" content=\"Estimated reading time\" \/>\n\t<meta name=\"twitter:data1\" content=\"2 minutes\" \/>\n<script type=\"application\/ld+json\" class=\"yoast-schema-graph\">{\"@context\":\"https:\/\/schema.org\",\"@graph\":[{\"@type\":\"WebPage\",\"@id\":\"https:\/\/tu-voz.com\/telemarketing-contact-center-valencia\/call-center-tecnologico-en-valencia\/\",\"url\":\"https:\/\/tu-voz.com\/telemarketing-contact-center-valencia\/call-center-tecnologico-en-valencia\/\",\"name\":\"Call center tecnol\u00f3gico | Tecnolog\u00eda omnicanal | Tu-Voz Contact Center\",\"isPartOf\":{\"@id\":\"https:\/\/tu-voz.com\/#website\"},\"primaryImageOfPage\":{\"@id\":\"https:\/\/tu-voz.com\/telemarketing-contact-center-valencia\/call-center-tecnologico-en-valencia\/#primaryimage\"},\"image\":{\"@id\":\"https:\/\/tu-voz.com\/telemarketing-contact-center-valencia\/call-center-tecnologico-en-valencia\/#primaryimage\"},\"thumbnailUrl\":\"https:\/\/tu-voz.com\/wp-content\/uploads\/2020\/01\/cabecera-tecnologia.jpg\",\"datePublished\":\"2020-01-08T10:10:00+00:00\",\"dateModified\":\"2021-08-03T15:05:57+00:00\",\"description\":\"Call center tecnol\u00f3gico que proporciona una soluci\u00f3n Omnichanel Customer Service para un servicio de gesti\u00f3n de clientes \u00e1gil y de calidad.\",\"breadcrumb\":{\"@id\":\"https:\/\/tu-voz.com\/telemarketing-contact-center-valencia\/call-center-tecnologico-en-valencia\/#breadcrumb\"},\"inLanguage\":\"en-GB\",\"potentialAction\":[{\"@type\":\"ReadAction\",\"target\":[\"https:\/\/tu-voz.com\/telemarketing-contact-center-valencia\/call-center-tecnologico-en-valencia\/\"]}]},{\"@type\":\"ImageObject\",\"inLanguage\":\"en-GB\",\"@id\":\"https:\/\/tu-voz.com\/telemarketing-contact-center-valencia\/call-center-tecnologico-en-valencia\/#primaryimage\",\"url\":\"https:\/\/tu-voz.com\/wp-content\/uploads\/2020\/01\/cabecera-tecnologia.jpg\",\"contentUrl\":\"https:\/\/tu-voz.com\/wp-content\/uploads\/2020\/01\/cabecera-tecnologia.jpg\",\"width\":1200,\"height\":500,\"caption\":\"call center tecnol\u00f3gico\"},{\"@type\":\"BreadcrumbList\",\"@id\":\"https:\/\/tu-voz.com\/telemarketing-contact-center-valencia\/call-center-tecnologico-en-valencia\/#breadcrumb\",\"itemListElement\":[{\"@type\":\"ListItem\",\"position\":1,\"name\":\"Portada\",\"item\":\"https:\/\/tu-voz.com\/\"},{\"@type\":\"ListItem\",\"position\":2,\"name\":\"Conoce Tu-Voz &#8211; Telemarketing Contact center Valencia\",\"item\":\"https:\/\/tu-voz.com\/telemarketing-contact-center-valencia\/\"},{\"@type\":\"ListItem\",\"position\":3,\"name\":\"Nuestra Tecnolog\u00eda\"}]},{\"@type\":\"WebSite\",\"@id\":\"https:\/\/tu-voz.com\/#website\",\"url\":\"https:\/\/tu-voz.com\/\",\"name\":\"Tu-Voz\",\"description\":\"Call center de telemarketing y servicio de atenci\u00f3n al cliente. Contact center en Valencia.\",\"potentialAction\":[{\"@type\":\"SearchAction\",\"target\":{\"@type\":\"EntryPoint\",\"urlTemplate\":\"https:\/\/tu-voz.com\/?s={search_term_string}\"},\"query-input\":{\"@type\":\"PropertyValueSpecification\",\"valueRequired\":true,\"valueName\":\"search_term_string\"}}],\"inLanguage\":\"en-GB\"}]}<\/script>\n<!-- \/ Yoast SEO plugin. -->","yoast_head_json":{"title":"Call center tecnol\u00f3gico | Tecnolog\u00eda omnicanal | Tu-Voz Contact Center","description":"Call center tecnol\u00f3gico que proporciona una soluci\u00f3n Omnichanel Customer Service para un servicio de gesti\u00f3n de clientes \u00e1gil y de calidad.","robots":{"index":"index","follow":"follow","max-snippet":"max-snippet:-1","max-image-preview":"max-image-preview:large","max-video-preview":"max-video-preview:-1"},"canonical":"https:\/\/tu-voz.com\/en\/telemarketing-contact-center-valencia\/call-center-tecnologico-en-valencia\/","og_locale":"en_GB","og_type":"article","og_title":"Call center tecnol\u00f3gico | Tecnolog\u00eda omnicanal | Tu-Voz Contact Center","og_description":"Call center tecnol\u00f3gico que proporciona una soluci\u00f3n Omnichanel Customer Service para un servicio de gesti\u00f3n de clientes \u00e1gil y de calidad.","og_url":"https:\/\/tu-voz.com\/en\/telemarketing-contact-center-valencia\/call-center-tecnologico-en-valencia\/","og_site_name":"Tu-Voz","article_modified_time":"2021-08-03T15:05:57+00:00","og_image":[{"width":1200,"height":500,"url":"https:\/\/tu-voz.com\/wp-content\/uploads\/2020\/01\/cabecera-tecnologia.jpg","type":"image\/jpeg"}],"twitter_misc":{"Estimated reading time":"2 minutes"},"schema":{"@context":"https:\/\/schema.org","@graph":[{"@type":"WebPage","@id":"https:\/\/tu-voz.com\/telemarketing-contact-center-valencia\/call-center-tecnologico-en-valencia\/","url":"https:\/\/tu-voz.com\/telemarketing-contact-center-valencia\/call-center-tecnologico-en-valencia\/","name":"Call center tecnol\u00f3gico | Tecnolog\u00eda omnicanal | Tu-Voz Contact Center","isPartOf":{"@id":"https:\/\/tu-voz.com\/#website"},"primaryImageOfPage":{"@id":"https:\/\/tu-voz.com\/telemarketing-contact-center-valencia\/call-center-tecnologico-en-valencia\/#primaryimage"},"image":{"@id":"https:\/\/tu-voz.com\/telemarketing-contact-center-valencia\/call-center-tecnologico-en-valencia\/#primaryimage"},"thumbnailUrl":"https:\/\/tu-voz.com\/wp-content\/uploads\/2020\/01\/cabecera-tecnologia.jpg","datePublished":"2020-01-08T10:10:00+00:00","dateModified":"2021-08-03T15:05:57+00:00","description":"Call center tecnol\u00f3gico que proporciona una soluci\u00f3n Omnichanel Customer Service para un servicio de gesti\u00f3n de clientes \u00e1gil y de calidad.","breadcrumb":{"@id":"https:\/\/tu-voz.com\/telemarketing-contact-center-valencia\/call-center-tecnologico-en-valencia\/#breadcrumb"},"inLanguage":"en-GB","potentialAction":[{"@type":"ReadAction","target":["https:\/\/tu-voz.com\/telemarketing-contact-center-valencia\/call-center-tecnologico-en-valencia\/"]}]},{"@type":"ImageObject","inLanguage":"en-GB","@id":"https:\/\/tu-voz.com\/telemarketing-contact-center-valencia\/call-center-tecnologico-en-valencia\/#primaryimage","url":"https:\/\/tu-voz.com\/wp-content\/uploads\/2020\/01\/cabecera-tecnologia.jpg","contentUrl":"https:\/\/tu-voz.com\/wp-content\/uploads\/2020\/01\/cabecera-tecnologia.jpg","width":1200,"height":500,"caption":"call center tecnol\u00f3gico"},{"@type":"BreadcrumbList","@id":"https:\/\/tu-voz.com\/telemarketing-contact-center-valencia\/call-center-tecnologico-en-valencia\/#breadcrumb","itemListElement":[{"@type":"ListItem","position":1,"name":"Portada","item":"https:\/\/tu-voz.com\/"},{"@type":"ListItem","position":2,"name":"Conoce Tu-Voz &#8211; Telemarketing Contact center Valencia","item":"https:\/\/tu-voz.com\/telemarketing-contact-center-valencia\/"},{"@type":"ListItem","position":3,"name":"Nuestra Tecnolog\u00eda"}]},{"@type":"WebSite","@id":"https:\/\/tu-voz.com\/#website","url":"https:\/\/tu-voz.com\/","name":"Tu-Voz","description":"Call center de telemarketing y servicio de atenci\u00f3n al cliente. Contact center en Valencia.","potentialAction":[{"@type":"SearchAction","target":{"@type":"EntryPoint","urlTemplate":"https:\/\/tu-voz.com\/?s={search_term_string}"},"query-input":{"@type":"PropertyValueSpecification","valueRequired":true,"valueName":"search_term_string"}}],"inLanguage":"en-GB"}]}},"_links":{"self":[{"href":"https:\/\/tu-voz.com\/en\/wp-json\/wp\/v2\/pages\/80201","targetHints":{"allow":["GET"]}}],"collection":[{"href":"https:\/\/tu-voz.com\/en\/wp-json\/wp\/v2\/pages"}],"about":[{"href":"https:\/\/tu-voz.com\/en\/wp-json\/wp\/v2\/types\/page"}],"author":[{"embeddable":true,"href":"https:\/\/tu-voz.com\/en\/wp-json\/wp\/v2\/users\/5"}],"replies":[{"embeddable":true,"href":"https:\/\/tu-voz.com\/en\/wp-json\/wp\/v2\/comments?post=80201"}],"version-history":[{"count":0,"href":"https:\/\/tu-voz.com\/en\/wp-json\/wp\/v2\/pages\/80201\/revisions"}],"up":[{"embeddable":true,"href":"https:\/\/tu-voz.com\/en\/wp-json\/wp\/v2\/pages\/20"}],"wp:featuredmedia":[{"embeddable":true,"href":"https:\/\/tu-voz.com\/en\/wp-json\/wp\/v2\/media\/81836"}],"wp:attachment":[{"href":"https:\/\/tu-voz.com\/en\/wp-json\/wp\/v2\/media?parent=80201"}],"curies":[{"name":"wp","href":"https:\/\/api.w.org\/{rel}","templated":true}]}}