{"id":80798,"date":"2020-05-06T09:47:57","date_gmt":"2020-05-06T07:47:57","guid":{"rendered":"https:\/\/www.tu-voz.com\/?page_id=80798"},"modified":"2023-06-27T15:50:52","modified_gmt":"2023-06-27T13:50:52","slug":"politica-de-solicitantes-de-empleo","status":"publish","type":"page","link":"https:\/\/tu-voz.com\/en\/nuestras-politicas\/politica-de-solicitantes-de-empleo\/","title":{"rendered":"Job Applicant Policy"},"content":{"rendered":"<ol>\n<li><strong>Identificaci\u00f3n del <\/strong><strong>Responsable del tratamiento<\/strong><\/li>\n<\/ol>\n<table style=\"height: 350px;\" width=\"569\">\n<tbody>\n<tr>\n<td width=\"140\"><strong>Identity \u2013 Entity<\/strong><\/td>\n<td width=\"140\">TU-VOZ CONTACT CENTER, S.L.U.<\/td>\n<\/tr>\n<tr>\n<td width=\"140\"><strong>Company VAT number<\/strong><\/td>\n<td width=\"140\">B97427645<\/td>\n<\/tr>\n<tr>\n<td width=\"140\"><strong>mailing address<\/strong><\/td>\n<td width=\"140\">C\/ Andarella, 1. Edificio B, 1\u00ba, 1\u00aa, CP 46950, Xirivella (Valencia) Spain<\/td>\n<\/tr>\n<tr>\n<td width=\"140\"><strong>Phone<\/strong><\/td>\n<td width=\"140\">960452050<\/td>\n<\/tr>\n<tr>\n<td width=\"140\"><strong>Email<\/strong><\/td>\n<td width=\"140\">info@tu-voz.com<\/td>\n<\/tr>\n<tr>\n<td width=\"140\"><strong>Company corporate purpose<\/strong><\/td>\n<td width=\"419\">Call center services, telemarketing and customer service<\/td>\n<\/tr>\n<tr>\n<td width=\"140\"><strong>Website<\/strong><\/td>\n<td width=\"419\"><a href=\"https:\/\/tu-voz.com\/en\/\">https:\/\/www.tu-voz.com\/<\/a><\/td>\n<\/tr>\n<tr>\n<td width=\"140\"><strong>Registry data<\/strong><\/td>\n<td width=\"419\">Mercantile Registry of Valencia Volume 7740, Book 5037, Folio 206, Page V-95509, 1st Inscription.<\/td>\n<\/tr>\n<\/tbody>\n<\/table>\n<p>&nbsp;<\/p>\n<ol start=\"2\">\n<li><strong>Datos personales tratados<\/strong><\/li>\n<\/ol>\n<p>Los datos personales que trataremos en cualquier solicitud de empleo, ser\u00e1n los convencionalmente establecidos para estos casos, como por ejemplo, datos identificativos y de contacto, trayectoria acad\u00e9mica y profesional, cualquier informaci\u00f3n que el candidato quiera compartir voluntariamente con nuestra entidad, as\u00ed como otros datos que recopilemos durante las entrevistas relacionadas con el proceso de selecci\u00f3n y contrataci\u00f3n.<\/p>\n<p>&nbsp;<\/p>\n<ol start=\"3\">\n<li><strong>Finalidad del tratamiento<\/strong><strong> de datos personales<\/strong><\/li>\n<\/ol>\n<p>El tratamiento de los datos personales que nos faciliten los solicitantes de empleo, ser\u00e1 exclusivamente para valorar su candidatura, contactarle para posibles entrevistas y sobre el proceso de selecci\u00f3n, mantenerle informado de las distintas vacantes que se produzcan en nuestra organizaci\u00f3n si nos autoriza a ello y posible contrataci\u00f3n laboral en caso de producirse. Las comunicaciones se realizar\u00e1n por los medios de contacto que nos facilite en su solicitud de empleo (ejem. tel\u00e9fono o correo electr\u00f3nico).<\/p>\n<p>Sus datos tambi\u00e9n se podr\u00e1n utilizar para pedir referencias sobre su trayectoria profesional en las empresas en las que ha nos informe que ha trabajado.<\/p>\n<p>En el caso de que proceda o que Usted entienda que deba informarnos sobre su grado de minusval\u00eda, intolerancias, alergias o alg\u00fan otro dato sobre su salud y relacionado con el puesto de trabajo solicitado, le informamos que estos datos ser\u00e1n tratados para dar cumplimiento al art\u00edculo 15 de la Ley 31\/1995 de Prevenci\u00f3n de Riesgos Laborales en el que debemos conocer dicho dato para adecuar el lugar de trabajo a las necesidades del empleado, as\u00ed como con el Real Decreto Legislativo 1\/2013, de 29 de noviembre, por el que se aprueba el Texto Refundido de la Ley General de derechos de las personas con discapacidad y de su inclusi\u00f3n social. Cualquier otro dato innecesario para el objeto de esta solicitud, lo destruiremos de forma confidencial.<\/p>\n<p>&nbsp;<\/p>\n<ol start=\"4\">\n<li><strong>Legitimation<\/strong><\/li>\n<\/ol>\n<p>El tratamiento de sus datos personales por parte de nuestra entidad, se realizar\u00e1 con su consentimiento expreso, libre, informado e inequ\u00edvoco, puesto que le informamos de la presente pol\u00edtica que tras la lectura de esta y de estar conforme, puede voluntariamente autorizarnos al tratamiento de sus datos mediante la marcaci\u00f3n de las casillas dispuestas a tal efecto en nuestros formularios.<\/p>\n<p>A este respecto, le informamos que en cualquier momento puede cambiar de opini\u00f3n y retirar su consentimiento dirigi\u00e9ndose a nuestra direcci\u00f3n postal o correo electr\u00f3nico.<\/p>\n<p>En el caso de que el usuario sea menor de 16 a\u00f1os, no trataremos sus datos personales, pues esta es la edad m\u00ednima laboral en Espa\u00f1a. El usuario es el \u00fanico responsable de la veracidad de los datos que nos remite.<\/p>\n<p><strong>\u00a0<\/strong><\/p>\n<ol start=\"5\">\n<li><strong>Medidas<\/strong><strong> de seguridad<\/strong><\/li>\n<\/ol>\n<p>Garantizamos el buen uso de la informaci\u00f3n, la confidencialidad de los datos personales contenidos en su solicitud de empleo, aplicando todas las medidas de seguridad necesarias para velar por su integridad, confidencialidad y disponibilidad. En definitiva, dar cumplimiento a las obligaciones que nuestra entidad tiene en materia de protecci\u00f3n de datos personales.<\/p>\n<p>&nbsp;<\/p>\n<ol start=\"6\">\n<li><strong>Assignment<\/strong><strong> of data<\/strong><\/li>\n<\/ol>\n<p>Nuestra entidad le informa que sus datos personales no se ceder\u00e1n a terceros, salvo que medie su consentimiento previo, en cuyo caso le solicitaremos su consentimiento mediante las casillas dispuestas a tal efecto en los formularios de solicitud de empleo y con la debida informaci\u00f3n para que su consentimiento sea informado y libre.<\/p>\n<p>En ciertas candidaturas, es posible que nuestra entidad cuente con empresas de nuestro grupo o proveedores especializados en procesos de selecci\u00f3n, en cuyo caso ser\u00e1n considerados encargados del tratamiento con los que firmaremos el correspondiente contrato de confidencialidad y compromiso de adoptar todas las medidas de seguridad necesarias para proteger sus datos.<\/p>\n<p>&nbsp;<\/p>\n<ol start=\"7\">\n<li><strong>Conservaci\u00f3n de sus datos<\/strong><\/li>\n<\/ol>\n<p>Los datos personales proporcionados en calidad de solicitante de empleo se conservar\u00e1n hasta la ocupaci\u00f3n de un puesto de trabajo o durante un plazo m\u00e1ximo de un (1) a\u00f1o, salvo que nos haya autorizado expresamente a incluirle en nuestra bolsa de trabajo en cuyo caso, se conservar\u00e1n durante el tiempo necesario para contemplar su candidatura ante posibles vacantes y contactarle para informarle a este respecto.<\/p>\n<p>&nbsp;<\/p>\n<ol start=\"8\">\n<li><strong>Derechos de los candidatos<\/strong><\/li>\n<\/ol>\n<p>Mantendremos sus datos como solicitante de empleo seg\u00fan lo expuesto o hasta que usted ejerza su derecho de supresi\u00f3n; por tanto, tiene derecho a acceder a sus datos personales, rectificar los datos inexactos, oponerse o limitar en cualquier momento al tratamiento de sus datos personales, incluso solicitar la portabilidad de estos o revocar su consentimiento.<\/p>\n<p>Para ejercer sus derechos, deber\u00e1 hacerlo por escrito a info@tu-voz.com , acompa\u00f1ando una copia de su DNI o documento equivalente para para facilitarnos su identificaci\u00f3n.<\/p>\n<p>Si desea trasladar alguna sugerencia o consulta sobre el tratamiento de sus datos personales, puede contactar con nuestros consultores de protecci\u00f3n de datos, indicando el nombre de nuestra empresa o el nombre comercial:<\/p>\n<p><em>BUSINESS ADAPTER, S.L.<\/em><\/p>\n<p><em>Ronda Guglielmo Marconi, 11, 26, (Technology Park) 46980 Paterna (Valencia).<\/em><\/p>\n<p><em><a href=\"https:\/\/www.businessadapter.es\/contacta-con-el-delegado-de-proteccion-de-datos\">Interested party service form<\/a><\/em><\/p>\n<p>Le informamos que Usted tiene derecho a realizar una reclamaci\u00f3n ante la Agencia Espa\u00f1ola de Protecci\u00f3n de Datos en: C\/ Jorge Juan, 6, 28001 Madrid o en <a href=\"http:\/\/www.aepd.es\">www.aepd.es<\/a>.<\/p>\n<p>&nbsp;<\/p>\n<ol start=\"9\">\n<li><strong>M\u00e1s<\/strong><strong> informaci\u00f3n<\/strong><\/li>\n<\/ol>\n<p>Puede saber m\u00e1s sobre como tratamos los datos personales en nuestra <a href=\"https:\/\/tu-voz.com\/en\/politica-de-privacidad\/\">Pol\u00edtica de Privacidad.<\/a><\/p>\n<p>&nbsp;<\/p>\n<ol start=\"10\">\n<li><strong>Actualizaci\u00f3n de esta Pol\u00edtica<\/strong><\/li>\n<\/ol>\n<p>Our entity reserves the right to modify this Policy without prior notice. That is why we recommend consulting it every time you visit our website.<\/p>\n<p>&nbsp;<\/p>\n<p>Actualizado el 22 de junio de 2023<\/p>\n<p>&nbsp;<\/p>","protected":false},"excerpt":{"rendered":"<p>Identificaci\u00f3n del Responsable del tratamiento Identidad &#8211; Entidad TU-VOZ CONTACT CENTER, S.L.U. CIF\/NIF B97427645 Direcci\u00f3n postal C\/ Andarella, 1. Edificio [&hellip;]<\/p>","protected":false},"author":5,"featured_media":0,"parent":82400,"menu_order":6,"comment_status":"closed","ping_status":"closed","template":"","meta":{"footnotes":""},"class_list":["post-80798","page","type-page","status-publish","hentry"],"yoast_head":"<!-- This site is optimized with the Yoast SEO plugin v25.8 - https:\/\/yoast.com\/wordpress\/plugins\/seo\/ -->\n<title>Pol\u00edtica de Solicitantes de Empleo - Tu-Voz<\/title>\n<meta name=\"robots\" content=\"noindex, nofollow\" \/>\n<meta property=\"og:locale\" content=\"en_GB\" \/>\n<meta property=\"og:type\" content=\"article\" \/>\n<meta property=\"og:title\" content=\"Pol\u00edtica de Solicitantes de Empleo - Tu-Voz\" \/>\n<meta property=\"og:description\" content=\"Identificaci\u00f3n del Responsable del tratamiento Identidad &#8211; Entidad TU-VOZ CONTACT CENTER, S.L.U. CIF\/NIF B97427645 Direcci\u00f3n postal C\/ Andarella, 1. Edificio [&hellip;]\" \/>\n<meta property=\"og:url\" content=\"https:\/\/tu-voz.com\/en\/nuestras-politicas\/politica-de-solicitantes-de-empleo\/\" \/>\n<meta property=\"og:site_name\" content=\"Tu-Voz\" \/>\n<meta property=\"article:modified_time\" content=\"2023-06-27T13:50:52+00:00\" \/>\n<meta name=\"twitter:label1\" content=\"Estimated reading time\" \/>\n\t<meta name=\"twitter:data1\" content=\"5 minutes\" \/>\n<script type=\"application\/ld+json\" class=\"yoast-schema-graph\">{\"@context\":\"https:\/\/schema.org\",\"@graph\":[{\"@type\":\"WebPage\",\"@id\":\"https:\/\/tu-voz.com\/nuestras-politicas\/politica-de-solicitantes-de-empleo\/\",\"url\":\"https:\/\/tu-voz.com\/nuestras-politicas\/politica-de-solicitantes-de-empleo\/\",\"name\":\"Pol\u00edtica de Solicitantes de Empleo - Tu-Voz\",\"isPartOf\":{\"@id\":\"https:\/\/tu-voz.com\/#website\"},\"datePublished\":\"2020-05-06T07:47:57+00:00\",\"dateModified\":\"2023-06-27T13:50:52+00:00\",\"breadcrumb\":{\"@id\":\"https:\/\/tu-voz.com\/nuestras-politicas\/politica-de-solicitantes-de-empleo\/#breadcrumb\"},\"inLanguage\":\"en-GB\",\"potentialAction\":[{\"@type\":\"ReadAction\",\"target\":[\"https:\/\/tu-voz.com\/nuestras-politicas\/politica-de-solicitantes-de-empleo\/\"]}]},{\"@type\":\"BreadcrumbList\",\"@id\":\"https:\/\/tu-voz.com\/nuestras-politicas\/politica-de-solicitantes-de-empleo\/#breadcrumb\",\"itemListElement\":[{\"@type\":\"ListItem\",\"position\":1,\"name\":\"Portada\",\"item\":\"https:\/\/tu-voz.com\/\"},{\"@type\":\"ListItem\",\"position\":2,\"name\":\"Nuestras pol\u00edticas\",\"item\":\"https:\/\/tu-voz.com\/nuestras-politicas\/\"},{\"@type\":\"ListItem\",\"position\":3,\"name\":\"Pol\u00edtica de Solicitantes de Empleo\"}]},{\"@type\":\"WebSite\",\"@id\":\"https:\/\/tu-voz.com\/#website\",\"url\":\"https:\/\/tu-voz.com\/\",\"name\":\"Tu-Voz\",\"description\":\"Call center de telemarketing y servicio de atenci\u00f3n al cliente. Contact center en Valencia.\",\"potentialAction\":[{\"@type\":\"SearchAction\",\"target\":{\"@type\":\"EntryPoint\",\"urlTemplate\":\"https:\/\/tu-voz.com\/?s={search_term_string}\"},\"query-input\":{\"@type\":\"PropertyValueSpecification\",\"valueRequired\":true,\"valueName\":\"search_term_string\"}}],\"inLanguage\":\"en-GB\"}]}<\/script>\n<!-- \/ Yoast SEO plugin. -->","yoast_head_json":{"title":"Pol\u00edtica de Solicitantes de Empleo - Tu-Voz","robots":{"index":"noindex","follow":"nofollow"},"og_locale":"en_GB","og_type":"article","og_title":"Pol\u00edtica de Solicitantes de Empleo - Tu-Voz","og_description":"Identificaci\u00f3n del Responsable del tratamiento Identidad &#8211; Entidad TU-VOZ CONTACT CENTER, S.L.U. CIF\/NIF B97427645 Direcci\u00f3n postal C\/ Andarella, 1. Edificio [&hellip;]","og_url":"https:\/\/tu-voz.com\/en\/nuestras-politicas\/politica-de-solicitantes-de-empleo\/","og_site_name":"Tu-Voz","article_modified_time":"2023-06-27T13:50:52+00:00","twitter_misc":{"Estimated reading time":"5 minutes"},"schema":{"@context":"https:\/\/schema.org","@graph":[{"@type":"WebPage","@id":"https:\/\/tu-voz.com\/nuestras-politicas\/politica-de-solicitantes-de-empleo\/","url":"https:\/\/tu-voz.com\/nuestras-politicas\/politica-de-solicitantes-de-empleo\/","name":"Pol\u00edtica de Solicitantes de Empleo - Tu-Voz","isPartOf":{"@id":"https:\/\/tu-voz.com\/#website"},"datePublished":"2020-05-06T07:47:57+00:00","dateModified":"2023-06-27T13:50:52+00:00","breadcrumb":{"@id":"https:\/\/tu-voz.com\/nuestras-politicas\/politica-de-solicitantes-de-empleo\/#breadcrumb"},"inLanguage":"en-GB","potentialAction":[{"@type":"ReadAction","target":["https:\/\/tu-voz.com\/nuestras-politicas\/politica-de-solicitantes-de-empleo\/"]}]},{"@type":"BreadcrumbList","@id":"https:\/\/tu-voz.com\/nuestras-politicas\/politica-de-solicitantes-de-empleo\/#breadcrumb","itemListElement":[{"@type":"ListItem","position":1,"name":"Portada","item":"https:\/\/tu-voz.com\/"},{"@type":"ListItem","position":2,"name":"Nuestras pol\u00edticas","item":"https:\/\/tu-voz.com\/nuestras-politicas\/"},{"@type":"ListItem","position":3,"name":"Pol\u00edtica de Solicitantes de Empleo"}]},{"@type":"WebSite","@id":"https:\/\/tu-voz.com\/#website","url":"https:\/\/tu-voz.com\/","name":"Tu-Voz","description":"Call center de telemarketing y servicio de atenci\u00f3n al cliente. Contact center en Valencia.","potentialAction":[{"@type":"SearchAction","target":{"@type":"EntryPoint","urlTemplate":"https:\/\/tu-voz.com\/?s={search_term_string}"},"query-input":{"@type":"PropertyValueSpecification","valueRequired":true,"valueName":"search_term_string"}}],"inLanguage":"en-GB"}]}},"_links":{"self":[{"href":"https:\/\/tu-voz.com\/en\/wp-json\/wp\/v2\/pages\/80798","targetHints":{"allow":["GET"]}}],"collection":[{"href":"https:\/\/tu-voz.com\/en\/wp-json\/wp\/v2\/pages"}],"about":[{"href":"https:\/\/tu-voz.com\/en\/wp-json\/wp\/v2\/types\/page"}],"author":[{"embeddable":true,"href":"https:\/\/tu-voz.com\/en\/wp-json\/wp\/v2\/users\/5"}],"replies":[{"embeddable":true,"href":"https:\/\/tu-voz.com\/en\/wp-json\/wp\/v2\/comments?post=80798"}],"version-history":[{"count":0,"href":"https:\/\/tu-voz.com\/en\/wp-json\/wp\/v2\/pages\/80798\/revisions"}],"up":[{"embeddable":true,"href":"https:\/\/tu-voz.com\/en\/wp-json\/wp\/v2\/pages\/82400"}],"wp:attachment":[{"href":"https:\/\/tu-voz.com\/en\/wp-json\/wp\/v2\/media?parent=80798"}],"curies":[{"name":"wp","href":"https:\/\/api.w.org\/{rel}","templated":true}]}}