{"id":81023,"date":"2020-07-14T09:58:14","date_gmt":"2020-07-14T07:58:14","guid":{"rendered":"https:\/\/www.tu-voz.com\/?page_id=81023"},"modified":"2021-08-03T17:13:39","modified_gmt":"2021-08-03T15:13:39","slug":"webs-amigas","status":"publish","type":"page","link":"https:\/\/tu-voz.com\/en\/webs-amigas\/","title":{"rendered":"Webs amigas"},"content":{"rendered":"<div class=\"wpb-content-wrapper\"><div data-parent=\"true\" class=\"vc_row row-container boomapps_vcrow\" id=\"row-unique-0\"><div class=\"row limit-width row-parent\"><div class=\"wpb_row row-inner\"><div class=\"wpb_column pos-top pos-center align_left column_parent col-lg-12 boomapps_vccolumn single-internal-gutter\"><div class=\"uncol style-light\"  ><div class=\"uncoltable\"><div class=\"uncell  boomapps_vccolumn no-block-padding\" ><div class=\"uncont\" ><div class=\"uncode_text_column\" >\n<div id=\"gtx-trans\" style=\"position: absolute; left: 169px; top: 33px;\">\n<div class=\"gtx-trans-icon\"><\/div>\n<\/div>\n<p>\n<\/div><\/div><\/div><\/div><\/div><\/div><script id=\"script-row-unique-0\" data-row=\"script-row-unique-0\" type=\"text\/javascript\" class=\"vc_controls\">UNCODE.initRow(document.getElementById(\"row-unique-0\"));<\/script><\/div><\/div><\/div>\n<\/div>","protected":false},"excerpt":{"rendered":"","protected":false},"author":2,"featured_media":82269,"parent":0,"menu_order":0,"comment_status":"closed","ping_status":"closed","template":"","meta":{"footnotes":""},"class_list":["post-81023","page","type-page","status-publish","has-post-thumbnail","hentry"],"yoast_head":"<!-- This site is optimized with the Yoast SEO plugin v25.8 - https:\/\/yoast.com\/wordpress\/plugins\/seo\/ -->\n<title>Webs amigas de Tu-Voz Contact Center | 960 452 050 | M\u00e1s informaci\u00f3n<\/title>\n<meta name=\"description\" content=\"Webs amigas de Tu-Voz. Emisi\u00f3n y recepci\u00f3n de llamadas. Telemarketing. Atenci\u00f3n al cliente. Contact center. Call center. +Info\" \/>\n<meta name=\"robots\" content=\"index, follow, max-snippet:-1, max-image-preview:large, max-video-preview:-1\" \/>\n<link rel=\"canonical\" href=\"https:\/\/tu-voz.com\/en\/webs-amigas\/\" \/>\n<meta property=\"og:locale\" content=\"en_GB\" \/>\n<meta property=\"og:type\" content=\"article\" \/>\n<meta property=\"og:title\" content=\"Webs amigas de Tu-Voz Contact Center | 960 452 050 | M\u00e1s informaci\u00f3n\" \/>\n<meta property=\"og:description\" content=\"Webs amigas de Tu-Voz. Emisi\u00f3n y recepci\u00f3n de llamadas. Telemarketing. Atenci\u00f3n al cliente. Contact center. Call center. +Info\" \/>\n<meta property=\"og:url\" content=\"https:\/\/tu-voz.com\/en\/webs-amigas\/\" \/>\n<meta property=\"og:site_name\" content=\"Tu-Voz\" \/>\n<meta property=\"article:modified_time\" content=\"2021-08-03T15:13:39+00:00\" \/>\n<meta property=\"og:image\" content=\"https:\/\/tu-voz.com\/wp-content\/uploads\/2021\/07\/comprometidos-en-tuvoz-scaled.jpg\" \/>\n\t<meta property=\"og:image:width\" content=\"2560\" \/>\n\t<meta property=\"og:image:height\" content=\"1707\" \/>\n\t<meta property=\"og:image:type\" content=\"image\/jpeg\" \/>\n<script type=\"application\/ld+json\" class=\"yoast-schema-graph\">{\"@context\":\"https:\/\/schema.org\",\"@graph\":[{\"@type\":\"WebPage\",\"@id\":\"https:\/\/tu-voz.com\/webs-amigas\/\",\"url\":\"https:\/\/tu-voz.com\/webs-amigas\/\",\"name\":\"Webs amigas de Tu-Voz Contact Center | 960 452 050 | M\u00e1s informaci\u00f3n\",\"isPartOf\":{\"@id\":\"https:\/\/tu-voz.com\/#website\"},\"primaryImageOfPage\":{\"@id\":\"https:\/\/tu-voz.com\/webs-amigas\/#primaryimage\"},\"image\":{\"@id\":\"https:\/\/tu-voz.com\/webs-amigas\/#primaryimage\"},\"thumbnailUrl\":\"https:\/\/tu-voz.com\/wp-content\/uploads\/2021\/07\/comprometidos-en-tuvoz-scaled.jpg\",\"datePublished\":\"2020-07-14T07:58:14+00:00\",\"dateModified\":\"2021-08-03T15:13:39+00:00\",\"description\":\"Webs amigas de Tu-Voz. Emisi\u00f3n y recepci\u00f3n de llamadas. Telemarketing. Atenci\u00f3n al cliente. Contact center. Call center. +Info\",\"breadcrumb\":{\"@id\":\"https:\/\/tu-voz.com\/webs-amigas\/#breadcrumb\"},\"inLanguage\":\"en-GB\",\"potentialAction\":[{\"@type\":\"ReadAction\",\"target\":[\"https:\/\/tu-voz.com\/webs-amigas\/\"]}]},{\"@type\":\"ImageObject\",\"inLanguage\":\"en-GB\",\"@id\":\"https:\/\/tu-voz.com\/webs-amigas\/#primaryimage\",\"url\":\"https:\/\/tu-voz.com\/wp-content\/uploads\/2021\/07\/comprometidos-en-tuvoz-scaled.jpg\",\"contentUrl\":\"https:\/\/tu-voz.com\/wp-content\/uploads\/2021\/07\/comprometidos-en-tuvoz-scaled.jpg\",\"width\":2560,\"height\":1707,\"caption\":\"contact center comprometido. colaboradores. webs amigas\"},{\"@type\":\"BreadcrumbList\",\"@id\":\"https:\/\/tu-voz.com\/webs-amigas\/#breadcrumb\",\"itemListElement\":[{\"@type\":\"ListItem\",\"position\":1,\"name\":\"Portada\",\"item\":\"https:\/\/tu-voz.com\/\"},{\"@type\":\"ListItem\",\"position\":2,\"name\":\"Webs amigas\"}]},{\"@type\":\"WebSite\",\"@id\":\"https:\/\/tu-voz.com\/#website\",\"url\":\"https:\/\/tu-voz.com\/\",\"name\":\"Tu-Voz\",\"description\":\"Call center de telemarketing y servicio de atenci\u00f3n al cliente. Contact center en Valencia.\",\"potentialAction\":[{\"@type\":\"SearchAction\",\"target\":{\"@type\":\"EntryPoint\",\"urlTemplate\":\"https:\/\/tu-voz.com\/?s={search_term_string}\"},\"query-input\":{\"@type\":\"PropertyValueSpecification\",\"valueRequired\":true,\"valueName\":\"search_term_string\"}}],\"inLanguage\":\"en-GB\"}]}<\/script>\n<!-- \/ Yoast SEO plugin. -->","yoast_head_json":{"title":"Webs amigas de Tu-Voz Contact Center | 960 452 050 | M\u00e1s informaci\u00f3n","description":"Webs amigas de Tu-Voz. Emisi\u00f3n y recepci\u00f3n de llamadas. Telemarketing. Atenci\u00f3n al cliente. Contact center. Call center. +Info","robots":{"index":"index","follow":"follow","max-snippet":"max-snippet:-1","max-image-preview":"max-image-preview:large","max-video-preview":"max-video-preview:-1"},"canonical":"https:\/\/tu-voz.com\/en\/webs-amigas\/","og_locale":"en_GB","og_type":"article","og_title":"Webs amigas de Tu-Voz Contact Center | 960 452 050 | M\u00e1s informaci\u00f3n","og_description":"Webs amigas de Tu-Voz. Emisi\u00f3n y recepci\u00f3n de llamadas. Telemarketing. Atenci\u00f3n al cliente. Contact center. Call center. +Info","og_url":"https:\/\/tu-voz.com\/en\/webs-amigas\/","og_site_name":"Tu-Voz","article_modified_time":"2021-08-03T15:13:39+00:00","og_image":[{"width":2560,"height":1707,"url":"https:\/\/tu-voz.com\/wp-content\/uploads\/2021\/07\/comprometidos-en-tuvoz-scaled.jpg","type":"image\/jpeg"}],"schema":{"@context":"https:\/\/schema.org","@graph":[{"@type":"WebPage","@id":"https:\/\/tu-voz.com\/webs-amigas\/","url":"https:\/\/tu-voz.com\/webs-amigas\/","name":"Webs amigas de Tu-Voz Contact Center | 960 452 050 | M\u00e1s informaci\u00f3n","isPartOf":{"@id":"https:\/\/tu-voz.com\/#website"},"primaryImageOfPage":{"@id":"https:\/\/tu-voz.com\/webs-amigas\/#primaryimage"},"image":{"@id":"https:\/\/tu-voz.com\/webs-amigas\/#primaryimage"},"thumbnailUrl":"https:\/\/tu-voz.com\/wp-content\/uploads\/2021\/07\/comprometidos-en-tuvoz-scaled.jpg","datePublished":"2020-07-14T07:58:14+00:00","dateModified":"2021-08-03T15:13:39+00:00","description":"Webs amigas de Tu-Voz. Emisi\u00f3n y recepci\u00f3n de llamadas. Telemarketing. Atenci\u00f3n al cliente. Contact center. Call center. +Info","breadcrumb":{"@id":"https:\/\/tu-voz.com\/webs-amigas\/#breadcrumb"},"inLanguage":"en-GB","potentialAction":[{"@type":"ReadAction","target":["https:\/\/tu-voz.com\/webs-amigas\/"]}]},{"@type":"ImageObject","inLanguage":"en-GB","@id":"https:\/\/tu-voz.com\/webs-amigas\/#primaryimage","url":"https:\/\/tu-voz.com\/wp-content\/uploads\/2021\/07\/comprometidos-en-tuvoz-scaled.jpg","contentUrl":"https:\/\/tu-voz.com\/wp-content\/uploads\/2021\/07\/comprometidos-en-tuvoz-scaled.jpg","width":2560,"height":1707,"caption":"contact center comprometido. colaboradores. webs amigas"},{"@type":"BreadcrumbList","@id":"https:\/\/tu-voz.com\/webs-amigas\/#breadcrumb","itemListElement":[{"@type":"ListItem","position":1,"name":"Portada","item":"https:\/\/tu-voz.com\/"},{"@type":"ListItem","position":2,"name":"Webs amigas"}]},{"@type":"WebSite","@id":"https:\/\/tu-voz.com\/#website","url":"https:\/\/tu-voz.com\/","name":"Tu-Voz","description":"Call center de telemarketing y servicio de atenci\u00f3n al cliente. Contact center en Valencia.","potentialAction":[{"@type":"SearchAction","target":{"@type":"EntryPoint","urlTemplate":"https:\/\/tu-voz.com\/?s={search_term_string}"},"query-input":{"@type":"PropertyValueSpecification","valueRequired":true,"valueName":"search_term_string"}}],"inLanguage":"en-GB"}]}},"_links":{"self":[{"href":"https:\/\/tu-voz.com\/en\/wp-json\/wp\/v2\/pages\/81023","targetHints":{"allow":["GET"]}}],"collection":[{"href":"https:\/\/tu-voz.com\/en\/wp-json\/wp\/v2\/pages"}],"about":[{"href":"https:\/\/tu-voz.com\/en\/wp-json\/wp\/v2\/types\/page"}],"author":[{"embeddable":true,"href":"https:\/\/tu-voz.com\/en\/wp-json\/wp\/v2\/users\/2"}],"replies":[{"embeddable":true,"href":"https:\/\/tu-voz.com\/en\/wp-json\/wp\/v2\/comments?post=81023"}],"version-history":[{"count":0,"href":"https:\/\/tu-voz.com\/en\/wp-json\/wp\/v2\/pages\/81023\/revisions"}],"wp:featuredmedia":[{"embeddable":true,"href":"https:\/\/tu-voz.com\/en\/wp-json\/wp\/v2\/media\/82269"}],"wp:attachment":[{"href":"https:\/\/tu-voz.com\/en\/wp-json\/wp\/v2\/media?parent=81023"}],"curies":[{"name":"wp","href":"https:\/\/api.w.org\/{rel}","templated":true}]}}