{"id":81025,"date":"2020-07-14T09:58:35","date_gmt":"2020-07-14T07:58:35","guid":{"rendered":"https:\/\/www.tu-voz.com\/?page_id=81025"},"modified":"2025-01-23T15:37:36","modified_gmt":"2025-01-23T13:37:36","slug":"colaboradores","status":"publish","type":"page","link":"https:\/\/tu-voz.com\/en\/colaboradores\/","title":{"rendered":"Colaboradores"},"content":{"rendered":"<div class=\"wpb-content-wrapper\"><div data-parent=\"true\" class=\"vc_row row-container boomapps_vcrow\" id=\"row-unique-0\"><div class=\"row limit-width row-parent\"><div class=\"wpb_row row-inner\"><div class=\"wpb_column pos-top pos-center align_left column_parent col-lg-12 boomapps_vccolumn single-internal-gutter\"><div class=\"uncol style-light\"  ><div class=\"uncoltable\"><div class=\"uncell  boomapps_vccolumn no-block-padding\" ><div class=\"uncont\" ><div class=\"uncode_text_column\" >\n<div id=\"gtx-trans\" style=\"position: absolute; left: 113px; top: 33px;\">\n<div class=\"gtx-trans-icon\"><\/div>\n<\/div>\n<p>\n<\/div><\/div><\/div><\/div><\/div><\/div><script id=\"script-row-unique-0\" data-row=\"script-row-unique-0\" type=\"text\/javascript\" class=\"vc_controls\">UNCODE.initRow(document.getElementById(\"row-unique-0\"));<\/script><\/div><\/div><\/div><div data-parent=\"true\" class=\"vc_row row-container boomapps_vcrow\" id=\"row-unique-1\"><div class=\"row limit-width row-parent\"><div class=\"wpb_row row-inner\"><div class=\"wpb_column pos-top pos-center align_left column_parent col-lg-12 boomapps_vccolumn single-internal-gutter\"><div class=\"uncol style-light\"  ><div class=\"uncoltable\"><div class=\"uncell  boomapps_vccolumn single-block-padding style-color-jevc-bg\" ><div class=\"uncont\" ><div class=\"wpforms-container wpforms-container-full\" id=\"wpforms-85651\"><form id=\"wpforms-form-85651\" class=\"wpforms-validate wpforms-form\" data-formid=\"85651\" method=\"post\" enctype=\"multipart\/form-data\" action=\"\/en\/wp-json\/wp\/v2\/pages\/81025\" data-token=\"4fd40fd65e00f48de2887289b7d3fe12\" data-token-time=\"1775556462\" data-trp-original-action=\"\/en\/wp-json\/wp\/v2\/pages\/81025\"><noscript class=\"wpforms-error-noscript\">Please enable JavaScript in your browser to complete this form.<\/noscript><div class=\"wpforms-field-container\"><div id=\"wpforms-85651-field_1-container\" class=\"wpforms-field wpforms-field-text wpforms-one-third wpforms-first\" data-field-id=\"1\"><label class=\"wpforms-field-label wpforms-label-hide\" for=\"wpforms-85651-field_1\">Name <span class=\"wpforms-required-label\">*<\/span><\/label><input type=\"text\" id=\"wpforms-85651-field_1\" class=\"wpforms-field-large wpforms-field-required\" name=\"wpforms[fields][1]\" placeholder=\"Name\" required><\/div><div id=\"wpforms-85651-field_2-container\" class=\"wpforms-field wpforms-field-phone wpforms-one-third\" data-field-id=\"2\"><label class=\"wpforms-field-label wpforms-label-hide\" for=\"wpforms-85651-field_2\">Phone <span class=\"wpforms-required-label\">*<\/span><\/label><input type=\"tel\" id=\"wpforms-85651-field_2\" class=\"wpforms-field-large wpforms-field-required\" data-rule-int-phone-field=\"true\" name=\"wpforms[fields][2]\" placeholder=\"Phone\" aria-label=\"Phone\" required><\/div><div id=\"wpforms-85651-field_3-container\" class=\"wpforms-field wpforms-field-email wpforms-one-third\" data-field-id=\"3\"><label class=\"wpforms-field-label wpforms-label-hide\" for=\"wpforms-85651-field_3\">Email <span class=\"wpforms-required-label\">*<\/span><\/label><input type=\"email\" id=\"wpforms-85651-field_3\" class=\"wpforms-field-large wpforms-field-required\" name=\"wpforms[fields][3]\" placeholder=\"Email\" spellcheck=\"false\" required><\/div><div id=\"wpforms-85651-field_4-container\" class=\"wpforms-field wpforms-field-select wpforms-one-half wpforms-first wpforms-field-select-style-classic\" data-field-id=\"4\"><label class=\"wpforms-field-label wpforms-label-hide\" for=\"wpforms-85651-field_4\">Service <span class=\"wpforms-required-label\">*<\/span><\/label><select id=\"wpforms-85651-field_4\" class=\"wpforms-field-large wpforms-field-required\" name=\"wpforms[fields][4]\" required=\"required\"><option value=\"\" class=\"placeholder\" disabled selected='selected'>Service<\/option><option value=\"Atenci\u00f3n al cliente\" >Customer Support<\/option><option value=\"Gesti\u00f3n de citas\" >Appointment management<\/option><option value=\"Centralita y telesecretaria\" >Telesecretary<\/option><option value=\"Gesti\u00f3n de Backoffice\" >Back Office<\/option><option value=\"Televenta\" >Phone sales<\/option><option value=\"Presentaci\u00f3n promociones y ofertas\" >Presentation of promotions and offers<\/option><option value=\"Concertaci\u00f3n de visitas\" >Arrangement of visits<\/option><option value=\"Servicios sector Automoci\u00f3n\" >Automotive sector services<\/option><option value=\"Recuperaci\u00f3n de clientes\" >Customer loyalty<\/option><option value=\"Encuestas \" >Surveys<\/option><option value=\"Depuraci\u00f3n Bases de datos\" >Database debugging<\/option><option value=\"Seguimiento mailing\" >Mail tracking<\/option><option value=\"Otros servicios\" >Other services<\/option><\/select><\/div><div id=\"wpforms-85651-field_5-container\" class=\"wpforms-field wpforms-field-text wpforms-one-half\" data-field-id=\"5\"><label class=\"wpforms-field-label wpforms-label-hide\" for=\"wpforms-85651-field_5\">Company <span class=\"wpforms-required-label\">*<\/span><\/label><input type=\"text\" id=\"wpforms-85651-field_5\" class=\"wpforms-field-large wpforms-field-required\" name=\"wpforms[fields][5]\" placeholder=\"Company\" required><\/div><div id=\"wpforms-85651-field_6-container\" class=\"wpforms-field wpforms-field-textarea\" data-field-id=\"6\"><label class=\"wpforms-field-label wpforms-label-hide\" for=\"wpforms-85651-field_6\">Message<\/label><textarea id=\"wpforms-85651-field_6\" class=\"wpforms-field-large\" name=\"wpforms[fields][6]\" placeholder=\"Message\" ><\/textarea><div class=\"wpforms-field-description\">Access here if you want to obtain basic information on data protection: <a href=\"https:\/\/tu-voz.com\/en\/politica-de-privacidad\/\">Privacy Policy<\/a><\/p><\/div><\/div><div id=\"wpforms-85651-field_7-container\" class=\"wpforms-field wpforms-field-checkbox\" data-field-id=\"7\"><label class=\"wpforms-field-label wpforms-label-hide\">Accept field <span class=\"wpforms-required-label\">*<\/span><\/label><ul id=\"wpforms-85651-field_7\" class=\"wpforms-field-required\"><li class=\"choice-1 depth-1\"><input type=\"checkbox\" id=\"wpforms-85651-field_7_1\" name=\"wpforms[fields][7][]\" value=\"Acepto la pol\u00edtica de privacidad\" required><label class=\"wpforms-field-label-inline\" for=\"wpforms-85651-field_7_1\">I accept the Privacy Policy<\/label><\/li><\/ul><div class=\"wpforms-field-description\">I consent to the use of my personal data according to the terms established in this <a href=\"https:\/\/tu-voz.com\/en\/politica-de-privacidad\/\">Privacy Policy<\/a><\/p><\/div><\/div><div id=\"wpforms-85651-field_8-container\" class=\"wpforms-field wpforms-field-checkbox\" data-field-id=\"8\"><label class=\"wpforms-field-label wpforms-label-hide\">Accept field<\/label><ul id=\"wpforms-85651-field_8\"><li class=\"choice-1 depth-1\"><input type=\"checkbox\" id=\"wpforms-85651-field_8_1\" name=\"wpforms[fields][8][]\" value=\"Acepto recibir publicidad\"  ><label class=\"wpforms-field-label-inline\" for=\"wpforms-85651-field_8_1\">I agree to receive advertising<\/label><\/li><\/ul><div class=\"wpforms-field-description\">I consent to the use of my data to receive advertising from your entity<\/div><\/div><div id=\"wpforms-85651-field_11-container\" class=\"wpforms-field wpforms-field-captcha\" data-field-id=\"11\"><label class=\"wpforms-field-label\" for=\"wpforms-85651-field_11\">Captcha personalizado <span class=\"wpforms-required-label\">*<\/span><\/label>\t\t\t<div class=\"wpforms-captcha-math\">\n\t\t\t\t<span id=\"wpforms-85651-field_11-question\" class=\"wpforms-captcha-equation\">\n\t\t\t\t\t<span class=\"n1\">2<\/span>\n\t\t\t\t\t\t\t<span class=\"cal\">*<\/span>\n\t\t\t\t\t\t\t<span class=\"n2\">7<\/span>\t\t\t\t\t<span class=\"e\">=<\/span>\n\t\t\t\t<\/span>\n\t\t\t\t<input type=\"text\" id=\"wpforms-85651-field_11\" class=\"wpforms-field-medium wpforms-field-required a\" data-rule-wpf-captcha=\"math\" data-is-wrapped-field=\"1\" name=\"wpforms[fields][11][a]\" aria-describedby=\"wpforms-85651-field_11-question\" required>\t\t\t\t<input type=\"hidden\" name=\"wpforms[fields][11][cal]\" class=\"cal\">\n\t\t\t\t<input type=\"hidden\" name=\"wpforms[fields][11][n2]\" class=\"n2\">\n\t\t\t\t<input type=\"hidden\" name=\"wpforms[fields][11][n1]\" class=\"n1\">\n\t\t\t<\/div>\n\t\t\t<\/div><\/div><!-- .wpforms-field-container --><div class=\"wpforms-submit-container\" ><input type=\"hidden\" name=\"wpforms[id]\" value=\"85651\"><input type=\"hidden\" name=\"page_title\" value=\"\"><input type=\"hidden\" name=\"page_url\" value=\"https:\/\/tu-voz.com\/en\/wp-json\/wp\/v2\/pages\/81025\"><input type=\"hidden\" name=\"url_referer\" value=\"\"><button type=\"submit\" name=\"wpforms[submit]\" id=\"wpforms-submit-85651\" class=\"wpforms-submit\" data-alt-text=\"Enviando\" data-submit-text=\"Enviar\" aria-live=\"assertive\" value=\"wpforms-submit\">Send<\/button><\/div><input type=\"hidden\" name=\"trp-form-language\" value=\"en\"\/><\/form><\/div>  <!-- .wpforms-container --><\/div><\/div><\/div><\/div><\/div><script id=\"script-row-unique-1\" data-row=\"script-row-unique-1\" type=\"text\/javascript\" class=\"vc_controls\">UNCODE.initRow(document.getElementById(\"row-unique-1\"));<\/script><\/div><\/div><\/div>\n<\/div>","protected":false},"excerpt":{"rendered":"Please enable JavaScript in your browser to complete this form.Nombre *Tel\u00e9fono *Email *Servicio *ServicioAtenci\u00f3n al clienteGesti\u00f3n de citasCentralita y telesecretariaGesti\u00f3n [...]","protected":false},"author":2,"featured_media":82269,"parent":0,"menu_order":0,"comment_status":"closed","ping_status":"closed","template":"","meta":{"footnotes":""},"class_list":["post-81025","page","type-page","status-publish","has-post-thumbnail","hentry"],"yoast_head":"<!-- This site is optimized with the Yoast SEO plugin v25.8 - https:\/\/yoast.com\/wordpress\/plugins\/seo\/ -->\n<title>Colaboradores de Tu-Voz Contact Center | Ll\u00e1manos 960 452 050 | + Info<\/title>\n<meta name=\"description\" content=\"Colaboradores de Tu-Voz. Emisi\u00f3n y recepci\u00f3n de llamadas. Telemarketing. Atenci\u00f3n al cliente. Contact center. Call center.\" \/>\n<meta name=\"robots\" content=\"index, follow, max-snippet:-1, max-image-preview:large, max-video-preview:-1\" \/>\n<link rel=\"canonical\" href=\"https:\/\/tu-voz.com\/en\/colaboradores\/\" \/>\n<meta property=\"og:locale\" content=\"en_GB\" \/>\n<meta property=\"og:type\" content=\"article\" \/>\n<meta property=\"og:title\" content=\"Colaboradores de Tu-Voz Contact Center | Ll\u00e1manos 960 452 050 | + Info\" \/>\n<meta property=\"og:description\" content=\"Colaboradores de Tu-Voz. Emisi\u00f3n y recepci\u00f3n de llamadas. Telemarketing. Atenci\u00f3n al cliente. Contact center. Call center.\" \/>\n<meta property=\"og:url\" content=\"https:\/\/tu-voz.com\/en\/colaboradores\/\" \/>\n<meta property=\"og:site_name\" content=\"Tu-Voz\" \/>\n<meta property=\"article:modified_time\" content=\"2025-01-23T13:37:36+00:00\" \/>\n<meta property=\"og:image\" content=\"https:\/\/tu-voz.com\/wp-content\/uploads\/2021\/07\/comprometidos-en-tuvoz-scaled.jpg\" \/>\n\t<meta property=\"og:image:width\" content=\"2560\" \/>\n\t<meta property=\"og:image:height\" content=\"1707\" \/>\n\t<meta property=\"og:image:type\" content=\"image\/jpeg\" \/>\n<meta name=\"twitter:label1\" content=\"Estimated reading time\" \/>\n\t<meta name=\"twitter:data1\" content=\"1 minute\" \/>\n<script type=\"application\/ld+json\" class=\"yoast-schema-graph\">{\"@context\":\"https:\/\/schema.org\",\"@graph\":[{\"@type\":\"WebPage\",\"@id\":\"https:\/\/tu-voz.com\/colaboradores\/\",\"url\":\"https:\/\/tu-voz.com\/colaboradores\/\",\"name\":\"Colaboradores de Tu-Voz Contact Center | Ll\u00e1manos 960 452 050 | + Info\",\"isPartOf\":{\"@id\":\"https:\/\/tu-voz.com\/#website\"},\"primaryImageOfPage\":{\"@id\":\"https:\/\/tu-voz.com\/colaboradores\/#primaryimage\"},\"image\":{\"@id\":\"https:\/\/tu-voz.com\/colaboradores\/#primaryimage\"},\"thumbnailUrl\":\"https:\/\/tu-voz.com\/wp-content\/uploads\/2021\/07\/comprometidos-en-tuvoz-scaled.jpg\",\"datePublished\":\"2020-07-14T07:58:35+00:00\",\"dateModified\":\"2025-01-23T13:37:36+00:00\",\"description\":\"Colaboradores de Tu-Voz. Emisi\u00f3n y recepci\u00f3n de llamadas. Telemarketing. Atenci\u00f3n al cliente. Contact center. Call center.\",\"breadcrumb\":{\"@id\":\"https:\/\/tu-voz.com\/colaboradores\/#breadcrumb\"},\"inLanguage\":\"en-GB\",\"potentialAction\":[{\"@type\":\"ReadAction\",\"target\":[\"https:\/\/tu-voz.com\/colaboradores\/\"]}]},{\"@type\":\"ImageObject\",\"inLanguage\":\"en-GB\",\"@id\":\"https:\/\/tu-voz.com\/colaboradores\/#primaryimage\",\"url\":\"https:\/\/tu-voz.com\/wp-content\/uploads\/2021\/07\/comprometidos-en-tuvoz-scaled.jpg\",\"contentUrl\":\"https:\/\/tu-voz.com\/wp-content\/uploads\/2021\/07\/comprometidos-en-tuvoz-scaled.jpg\",\"width\":2560,\"height\":1707,\"caption\":\"contact center comprometido. colaboradores. webs amigas\"},{\"@type\":\"BreadcrumbList\",\"@id\":\"https:\/\/tu-voz.com\/colaboradores\/#breadcrumb\",\"itemListElement\":[{\"@type\":\"ListItem\",\"position\":1,\"name\":\"Portada\",\"item\":\"https:\/\/tu-voz.com\/\"},{\"@type\":\"ListItem\",\"position\":2,\"name\":\"Colaboradores\"}]},{\"@type\":\"WebSite\",\"@id\":\"https:\/\/tu-voz.com\/#website\",\"url\":\"https:\/\/tu-voz.com\/\",\"name\":\"Tu-Voz\",\"description\":\"Call center de telemarketing y servicio de atenci\u00f3n al cliente. Contact center en Valencia.\",\"potentialAction\":[{\"@type\":\"SearchAction\",\"target\":{\"@type\":\"EntryPoint\",\"urlTemplate\":\"https:\/\/tu-voz.com\/?s={search_term_string}\"},\"query-input\":{\"@type\":\"PropertyValueSpecification\",\"valueRequired\":true,\"valueName\":\"search_term_string\"}}],\"inLanguage\":\"en-GB\"}]}<\/script>\n<!-- \/ Yoast SEO plugin. -->","yoast_head_json":{"title":"Colaboradores de Tu-Voz Contact Center | Ll\u00e1manos 960 452 050 | + Info","description":"Colaboradores de Tu-Voz. Emisi\u00f3n y recepci\u00f3n de llamadas. Telemarketing. Atenci\u00f3n al cliente. Contact center. Call center.","robots":{"index":"index","follow":"follow","max-snippet":"max-snippet:-1","max-image-preview":"max-image-preview:large","max-video-preview":"max-video-preview:-1"},"canonical":"https:\/\/tu-voz.com\/en\/colaboradores\/","og_locale":"en_GB","og_type":"article","og_title":"Colaboradores de Tu-Voz Contact Center | Ll\u00e1manos 960 452 050 | + Info","og_description":"Colaboradores de Tu-Voz. Emisi\u00f3n y recepci\u00f3n de llamadas. Telemarketing. Atenci\u00f3n al cliente. Contact center. Call center.","og_url":"https:\/\/tu-voz.com\/en\/colaboradores\/","og_site_name":"Tu-Voz","article_modified_time":"2025-01-23T13:37:36+00:00","og_image":[{"width":2560,"height":1707,"url":"https:\/\/tu-voz.com\/wp-content\/uploads\/2021\/07\/comprometidos-en-tuvoz-scaled.jpg","type":"image\/jpeg"}],"twitter_misc":{"Estimated reading time":"1 minute"},"schema":{"@context":"https:\/\/schema.org","@graph":[{"@type":"WebPage","@id":"https:\/\/tu-voz.com\/colaboradores\/","url":"https:\/\/tu-voz.com\/colaboradores\/","name":"Colaboradores de Tu-Voz Contact Center | Ll\u00e1manos 960 452 050 | + Info","isPartOf":{"@id":"https:\/\/tu-voz.com\/#website"},"primaryImageOfPage":{"@id":"https:\/\/tu-voz.com\/colaboradores\/#primaryimage"},"image":{"@id":"https:\/\/tu-voz.com\/colaboradores\/#primaryimage"},"thumbnailUrl":"https:\/\/tu-voz.com\/wp-content\/uploads\/2021\/07\/comprometidos-en-tuvoz-scaled.jpg","datePublished":"2020-07-14T07:58:35+00:00","dateModified":"2025-01-23T13:37:36+00:00","description":"Colaboradores de Tu-Voz. Emisi\u00f3n y recepci\u00f3n de llamadas. Telemarketing. Atenci\u00f3n al cliente. Contact center. Call center.","breadcrumb":{"@id":"https:\/\/tu-voz.com\/colaboradores\/#breadcrumb"},"inLanguage":"en-GB","potentialAction":[{"@type":"ReadAction","target":["https:\/\/tu-voz.com\/colaboradores\/"]}]},{"@type":"ImageObject","inLanguage":"en-GB","@id":"https:\/\/tu-voz.com\/colaboradores\/#primaryimage","url":"https:\/\/tu-voz.com\/wp-content\/uploads\/2021\/07\/comprometidos-en-tuvoz-scaled.jpg","contentUrl":"https:\/\/tu-voz.com\/wp-content\/uploads\/2021\/07\/comprometidos-en-tuvoz-scaled.jpg","width":2560,"height":1707,"caption":"contact center comprometido. colaboradores. webs amigas"},{"@type":"BreadcrumbList","@id":"https:\/\/tu-voz.com\/colaboradores\/#breadcrumb","itemListElement":[{"@type":"ListItem","position":1,"name":"Portada","item":"https:\/\/tu-voz.com\/"},{"@type":"ListItem","position":2,"name":"Colaboradores"}]},{"@type":"WebSite","@id":"https:\/\/tu-voz.com\/#website","url":"https:\/\/tu-voz.com\/","name":"Tu-Voz","description":"Call center de telemarketing y servicio de atenci\u00f3n al cliente. Contact center en Valencia.","potentialAction":[{"@type":"SearchAction","target":{"@type":"EntryPoint","urlTemplate":"https:\/\/tu-voz.com\/?s={search_term_string}"},"query-input":{"@type":"PropertyValueSpecification","valueRequired":true,"valueName":"search_term_string"}}],"inLanguage":"en-GB"}]}},"_links":{"self":[{"href":"https:\/\/tu-voz.com\/en\/wp-json\/wp\/v2\/pages\/81025","targetHints":{"allow":["GET"]}}],"collection":[{"href":"https:\/\/tu-voz.com\/en\/wp-json\/wp\/v2\/pages"}],"about":[{"href":"https:\/\/tu-voz.com\/en\/wp-json\/wp\/v2\/types\/page"}],"author":[{"embeddable":true,"href":"https:\/\/tu-voz.com\/en\/wp-json\/wp\/v2\/users\/2"}],"replies":[{"embeddable":true,"href":"https:\/\/tu-voz.com\/en\/wp-json\/wp\/v2\/comments?post=81025"}],"version-history":[{"count":2,"href":"https:\/\/tu-voz.com\/en\/wp-json\/wp\/v2\/pages\/81025\/revisions"}],"predecessor-version":[{"id":85655,"href":"https:\/\/tu-voz.com\/en\/wp-json\/wp\/v2\/pages\/81025\/revisions\/85655"}],"wp:featuredmedia":[{"embeddable":true,"href":"https:\/\/tu-voz.com\/en\/wp-json\/wp\/v2\/media\/82269"}],"wp:attachment":[{"href":"https:\/\/tu-voz.com\/en\/wp-json\/wp\/v2\/media?parent=81025"}],"curies":[{"name":"wp","href":"https:\/\/api.w.org\/{rel}","templated":true}]}}