{"id":81479,"date":"2021-05-20T12:43:52","date_gmt":"2021-05-20T10:43:52","guid":{"rendered":"https:\/\/www.tu-voz.com\/?page_id=81479"},"modified":"2021-08-03T12:44:27","modified_gmt":"2021-08-03T10:44:27","slug":"politica-de-imagen","status":"publish","type":"page","link":"https:\/\/tu-voz.com\/en\/nuestras-politicas\/politica-de-imagen\/","title":{"rendered":"Image rights policy"},"content":{"rendered":"<p>The images found on our website are taken from the page <a href=\"https:\/\/www.freepik.es\/fotos-vectores-gratis\/negocios\" target=\"_blank\" rel=\"noopener\">\u00a0www.freepik.es<\/a> .<\/p>\n<p>Some of the vectors have been downloaded for free and modified to suit the corporate colors of <strong>Tu-Voz Contact Center.<\/strong><\/p>\n<p>&nbsp;<\/p>\n<p>Updated on 08\/03\/2021<\/p>\n<p>&nbsp;<\/p>\n<p>&nbsp;<\/p>","protected":false},"excerpt":{"rendered":"<p>Las im\u00e1genes que se encuentran en nuestra p\u00e1gina web est\u00e1n sacadas de la p\u00e1gina \u00a0www.freepik.es . Algunos de los vectores [&hellip;]<\/p>","protected":false},"author":2,"featured_media":0,"parent":82400,"menu_order":5,"comment_status":"closed","ping_status":"closed","template":"","meta":{"footnotes":""},"class_list":["post-81479","page","type-page","status-publish","hentry"],"yoast_head":"<!-- This site is optimized with the Yoast SEO plugin v25.8 - https:\/\/yoast.com\/wordpress\/plugins\/seo\/ -->\n<title>Pol\u00edtica de derechos de imagen - Tu-Voz<\/title>\n<meta name=\"robots\" content=\"noindex, nofollow\" \/>\n<meta property=\"og:locale\" content=\"en_GB\" \/>\n<meta property=\"og:type\" content=\"article\" \/>\n<meta property=\"og:title\" content=\"Pol\u00edtica de derechos de imagen - Tu-Voz\" \/>\n<meta property=\"og:description\" content=\"Las im\u00e1genes que se encuentran en nuestra p\u00e1gina web est\u00e1n sacadas de la p\u00e1gina \u00a0www.freepik.es . Algunos de los vectores [&hellip;]\" \/>\n<meta property=\"og:url\" content=\"https:\/\/tu-voz.com\/en\/nuestras-politicas\/politica-de-imagen\/\" \/>\n<meta property=\"og:site_name\" content=\"Tu-Voz\" \/>\n<meta property=\"article:modified_time\" content=\"2021-08-03T10:44:27+00:00\" \/>\n<meta name=\"twitter:label1\" content=\"Estimated reading time\" \/>\n\t<meta name=\"twitter:data1\" content=\"1 minute\" \/>\n<script type=\"application\/ld+json\" class=\"yoast-schema-graph\">{\"@context\":\"https:\/\/schema.org\",\"@graph\":[{\"@type\":\"WebPage\",\"@id\":\"https:\/\/tu-voz.com\/nuestras-politicas\/politica-de-imagen\/\",\"url\":\"https:\/\/tu-voz.com\/nuestras-politicas\/politica-de-imagen\/\",\"name\":\"Pol\u00edtica de derechos de imagen - Tu-Voz\",\"isPartOf\":{\"@id\":\"https:\/\/tu-voz.com\/#website\"},\"datePublished\":\"2021-05-20T10:43:52+00:00\",\"dateModified\":\"2021-08-03T10:44:27+00:00\",\"breadcrumb\":{\"@id\":\"https:\/\/tu-voz.com\/nuestras-politicas\/politica-de-imagen\/#breadcrumb\"},\"inLanguage\":\"en-GB\",\"potentialAction\":[{\"@type\":\"ReadAction\",\"target\":[\"https:\/\/tu-voz.com\/nuestras-politicas\/politica-de-imagen\/\"]}]},{\"@type\":\"BreadcrumbList\",\"@id\":\"https:\/\/tu-voz.com\/nuestras-politicas\/politica-de-imagen\/#breadcrumb\",\"itemListElement\":[{\"@type\":\"ListItem\",\"position\":1,\"name\":\"Portada\",\"item\":\"https:\/\/tu-voz.com\/\"},{\"@type\":\"ListItem\",\"position\":2,\"name\":\"Nuestras pol\u00edticas\",\"item\":\"https:\/\/tu-voz.com\/nuestras-politicas\/\"},{\"@type\":\"ListItem\",\"position\":3,\"name\":\"Pol\u00edtica de derechos de imagen\"}]},{\"@type\":\"WebSite\",\"@id\":\"https:\/\/tu-voz.com\/#website\",\"url\":\"https:\/\/tu-voz.com\/\",\"name\":\"Tu-Voz\",\"description\":\"Call center de telemarketing y servicio de atenci\u00f3n al cliente. Contact center en Valencia.\",\"potentialAction\":[{\"@type\":\"SearchAction\",\"target\":{\"@type\":\"EntryPoint\",\"urlTemplate\":\"https:\/\/tu-voz.com\/?s={search_term_string}\"},\"query-input\":{\"@type\":\"PropertyValueSpecification\",\"valueRequired\":true,\"valueName\":\"search_term_string\"}}],\"inLanguage\":\"en-GB\"}]}<\/script>\n<!-- \/ Yoast SEO plugin. -->","yoast_head_json":{"title":"Pol\u00edtica de derechos de imagen - Tu-Voz","robots":{"index":"noindex","follow":"nofollow"},"og_locale":"en_GB","og_type":"article","og_title":"Pol\u00edtica de derechos de imagen - Tu-Voz","og_description":"Las im\u00e1genes que se encuentran en nuestra p\u00e1gina web est\u00e1n sacadas de la p\u00e1gina \u00a0www.freepik.es . Algunos de los vectores [&hellip;]","og_url":"https:\/\/tu-voz.com\/en\/nuestras-politicas\/politica-de-imagen\/","og_site_name":"Tu-Voz","article_modified_time":"2021-08-03T10:44:27+00:00","twitter_misc":{"Estimated reading time":"1 minute"},"schema":{"@context":"https:\/\/schema.org","@graph":[{"@type":"WebPage","@id":"https:\/\/tu-voz.com\/nuestras-politicas\/politica-de-imagen\/","url":"https:\/\/tu-voz.com\/nuestras-politicas\/politica-de-imagen\/","name":"Pol\u00edtica de derechos de imagen - Tu-Voz","isPartOf":{"@id":"https:\/\/tu-voz.com\/#website"},"datePublished":"2021-05-20T10:43:52+00:00","dateModified":"2021-08-03T10:44:27+00:00","breadcrumb":{"@id":"https:\/\/tu-voz.com\/nuestras-politicas\/politica-de-imagen\/#breadcrumb"},"inLanguage":"en-GB","potentialAction":[{"@type":"ReadAction","target":["https:\/\/tu-voz.com\/nuestras-politicas\/politica-de-imagen\/"]}]},{"@type":"BreadcrumbList","@id":"https:\/\/tu-voz.com\/nuestras-politicas\/politica-de-imagen\/#breadcrumb","itemListElement":[{"@type":"ListItem","position":1,"name":"Portada","item":"https:\/\/tu-voz.com\/"},{"@type":"ListItem","position":2,"name":"Nuestras pol\u00edticas","item":"https:\/\/tu-voz.com\/nuestras-politicas\/"},{"@type":"ListItem","position":3,"name":"Pol\u00edtica de derechos de imagen"}]},{"@type":"WebSite","@id":"https:\/\/tu-voz.com\/#website","url":"https:\/\/tu-voz.com\/","name":"Tu-Voz","description":"Call center de telemarketing y servicio de atenci\u00f3n al cliente. Contact center en Valencia.","potentialAction":[{"@type":"SearchAction","target":{"@type":"EntryPoint","urlTemplate":"https:\/\/tu-voz.com\/?s={search_term_string}"},"query-input":{"@type":"PropertyValueSpecification","valueRequired":true,"valueName":"search_term_string"}}],"inLanguage":"en-GB"}]}},"_links":{"self":[{"href":"https:\/\/tu-voz.com\/en\/wp-json\/wp\/v2\/pages\/81479","targetHints":{"allow":["GET"]}}],"collection":[{"href":"https:\/\/tu-voz.com\/en\/wp-json\/wp\/v2\/pages"}],"about":[{"href":"https:\/\/tu-voz.com\/en\/wp-json\/wp\/v2\/types\/page"}],"author":[{"embeddable":true,"href":"https:\/\/tu-voz.com\/en\/wp-json\/wp\/v2\/users\/2"}],"replies":[{"embeddable":true,"href":"https:\/\/tu-voz.com\/en\/wp-json\/wp\/v2\/comments?post=81479"}],"version-history":[{"count":0,"href":"https:\/\/tu-voz.com\/en\/wp-json\/wp\/v2\/pages\/81479\/revisions"}],"up":[{"embeddable":true,"href":"https:\/\/tu-voz.com\/en\/wp-json\/wp\/v2\/pages\/82400"}],"wp:attachment":[{"href":"https:\/\/tu-voz.com\/en\/wp-json\/wp\/v2\/media?parent=81479"}],"curies":[{"name":"wp","href":"https:\/\/api.w.org\/{rel}","templated":true}]}}