{"id":82317,"date":"2021-07-23T11:24:07","date_gmt":"2021-07-23T09:24:07","guid":{"rendered":"https:\/\/www.tu-voz.com\/?page_id=82317"},"modified":"2025-02-05T09:16:15","modified_gmt":"2025-02-05T07:16:15","slug":"equipo-de-tu-voz-contact-center","status":"publish","type":"page","link":"https:\/\/tu-voz.com\/en\/telemarketing-contact-center-valencia\/equipo-de-tu-voz-contact-center\/","title":{"rendered":"Our team"},"content":{"rendered":"<div class=\"wpb-content-wrapper\"><div data-parent=\"true\" class=\"vc_row row-container boomapps_vcrow\" id=\"row-unique-0\"><div class=\"row limit-width row-parent\"><div class=\"wpb_row row-inner\"><div class=\"wpb_column pos-top pos-center align_left column_parent col-lg-12 boomapps_vccolumn single-internal-gutter\"><div class=\"uncol style-light\"  ><div class=\"uncoltable\"><div class=\"uncell  boomapps_vccolumn no-block-padding\" ><div class=\"uncont\" ><div class=\"vc_custom_heading_wrap\"><div class=\"heading-text el-text\" ><p class=\"h2 text-accent-color\" ><span><\/p><\/span><span><h2 style=\"text-align: center;\">A diverse and committed team<\/h2><\/span><span><h3 style=\"text-align: center;\"><span style=\"color: #e2660c;\">Meet the Tu-Voz Contact center team<\/span><\/h3><\/span><span><p><\/span><\/p><\/div><div class=\"clear\"><\/div><\/div><\/div><\/div><\/div><\/div><\/div><script id=\"script-row-unique-0\" data-row=\"script-row-unique-0\" type=\"text\/javascript\" class=\"vc_controls\">UNCODE.initRow(document.getElementById(\"row-unique-0\"));<\/script><\/div><\/div><\/div><div data-parent=\"true\" class=\"vc_row style-color-xsdn-bg row-container boomapps_vcrow\" id=\"row-unique-1\"><div class=\"row unequal col-no-gutter no-top-padding no-bottom-padding no-h-padding full-width row-parent\" data-height-ratio=\"50\"><div class=\"wpb_row row-inner\"><div class=\"wpb_column pos-middle pos-left align_center column_parent col-lg-6 boomapps_vccolumn single-internal-gutter\"><div class=\"uncol style-light\"  ><div class=\"uncoltable\"><div class=\"uncell  boomapps_vccolumn quad-block-padding style-color-xsdn-bg\" ><div class=\"uncont\" ><div class=\"uncode_text_column\" ><\/p>\n<h4><span style=\"color: #e2660c;\">Teamwork<\/span><\/h4>\n<p class=\"subtitulo_home dark fs-20\">In <strong>Tu-Voz<\/strong> we are passionate and committed to offering the best customer service, telemarketing services and lead management. We love what we do and work to achieve a level of<strong> excellent service<\/strong> that allows us to continue growing, together, every day. That is why we are committed to innovation and to a multidisciplinary group within the Tu-Voz Contact center team, made up of more than <strong>50 agents<\/strong> Highly qualified and with great potential.<\/p>\n<p>\n<\/div><\/div><\/div><\/div><\/div><\/div><div class=\"wpb_column pos-top pos-left align_left column_parent col-lg-6 boomapps_vccolumn col-md-33 single-internal-gutter\"><div class=\"uncol style-light\"  ><div class=\"uncoltable\" style=\"min-height: 260px;\"><div class=\"uncell  boomapps_vccolumn single-block-padding style-color-xsdn-bg\" ><div class=\"column-background background-element\">\n\t\t\t\t\t\t\t\t\t\t\t<div class=\"background-wrapper\">\n\t\t\t\t\t\t\t\t\t\t\t\t<div class=\"background-inner\" style=\"background-image: url(https:\/\/tu-voz.com\/wp-content\/uploads\/2021\/07\/equipo-tuvoz-1-scaled.jpg);background-repeat: no-repeat;background-position: center center;background-size: cover;\" data-o_src=\"https:\/\/tu-voz.com\/wp-content\/uploads\/2021\/07\/equipo-tuvoz-1-scaled.jpg\"><\/div>\n\t\t\t\t\t\t\t\t\t\t\t\t\n\t\t\t\t\t\t\t\t\t\t\t<\/div>\n\t\t\t\t\t\t\t\t\t\t<\/div><div class=\"uncont\" ><\/div><\/div><\/div><\/div><\/div><script id=\"script-row-unique-1\" data-row=\"script-row-unique-1\" type=\"text\/javascript\" class=\"vc_controls\">UNCODE.initRow(document.getElementById(\"row-unique-1\"));<\/script><\/div><\/div><\/div><div data-parent=\"true\" class=\"vc_row style-color-xsdn-bg row-container boomapps_vcrow\" id=\"row-unique-2\"><div class=\"row unequal col-no-gutter no-top-padding no-bottom-padding no-h-padding full-width row-parent\" data-height-ratio=\"50\"><div class=\"wpb_row row-inner\"><div class=\"wpb_column pos-top pos-left align_left column_parent col-lg-6 boomapps_vccolumn col-md-33 single-internal-gutter\"><div class=\"uncol style-light\"  ><div class=\"uncoltable\" style=\"min-height: 260px;\"><div class=\"uncell  boomapps_vccolumn single-block-padding style-color-xsdn-bg\" ><div class=\"column-background background-element\">\n\t\t\t\t\t\t\t\t\t\t\t<div class=\"background-wrapper\">\n\t\t\t\t\t\t\t\t\t\t\t\t<div class=\"background-inner\" style=\"background-image: url(https:\/\/tu-voz.com\/wp-content\/uploads\/2021\/07\/Equipo-scaled.jpg);background-repeat: no-repeat;background-position: center center;background-size: cover;\" data-o_src=\"https:\/\/tu-voz.com\/wp-content\/uploads\/2021\/07\/Equipo-scaled.jpg\"><\/div>\n\t\t\t\t\t\t\t\t\t\t\t\t\n\t\t\t\t\t\t\t\t\t\t\t<\/div>\n\t\t\t\t\t\t\t\t\t\t<\/div><div class=\"uncont\" ><\/div><\/div><\/div><\/div><\/div><div class=\"wpb_column pos-middle pos-center align_center column_parent col-lg-6 boomapps_vccolumn col-md-33 single-internal-gutter\"><div class=\"uncol style-light\"  ><div class=\"uncoltable\" style=\"min-height: 260px;\"><div class=\"uncell  boomapps_vccolumn quad-block-padding style-color-xsdn-bg\" ><div class=\"uncont\" ><div class=\"uncode_text_column\" ><\/p>\n<h4><span style=\"color: #e2660c;\">Qualified staff<\/span><\/h4>\n<p>In our<strong> Contact Center<\/strong> We have the necessary staff to guarantee the quality of our services at all times. We choose to maintain stability in the workforce and thus ensure that our workers only have to worry about giving their best. Furthermore, we believe in <strong>continuous training<\/strong>For this reason, we have launched a new e-learning platform in which our telemarketers can continue learning constantly.<\/p>\n<\/div><\/div><\/div><\/div><\/div><\/div><script id=\"script-row-unique-2\" data-row=\"script-row-unique-2\" type=\"text\/javascript\" class=\"vc_controls\">UNCODE.initRow(document.getElementById(\"row-unique-2\"));<\/script><\/div><\/div><\/div><div data-parent=\"true\" class=\"vc_row row-container boomapps_vcrow\" id=\"row-unique-3\"><div class=\"row limit-width row-parent\"><div class=\"wpb_row row-inner\"><div class=\"wpb_column pos-top pos-center align_left column_parent col-lg-12 boomapps_vccolumn single-internal-gutter\"><div class=\"uncol style-light\"  ><div class=\"uncoltable\"><div class=\"uncell  boomapps_vccolumn no-block-padding\" ><div class=\"uncont\" ><div class=\"vc_custom_heading_wrap\"><div class=\"heading-text el-text\" ><p class=\"h2 text-accent-color\" ><span><\/p><\/span><span><h2 style=\"text-align: center;\"><span style=\"color: #e2660c;\">We always seek involvement and commitment with our clients<\/span><\/h2><\/span><span><p><\/span><\/p><\/div><div class=\"clear\"><\/div><\/div><\/div><\/div><\/div><\/div><\/div><script id=\"script-row-unique-3\" data-row=\"script-row-unique-3\" type=\"text\/javascript\" class=\"vc_controls\">UNCODE.initRow(document.getElementById(\"row-unique-3\"));<\/script><\/div><\/div><\/div><div data-parent=\"true\" class=\"vc_row row-container boomapps_vcrow\" id=\"row-unique-4\"><div class=\"row limit-width row-parent\"><div class=\"wpb_row row-inner\"><div class=\"wpb_column pos-top pos-center align_center column_parent col-lg-12 boomapps_vccolumn single-internal-gutter\"><div class=\"uncol style-light\"  ><div class=\"uncoltable\"><div class=\"uncell  boomapps_vccolumn no-block-padding\" ><div class=\"uncont\" ><div class=\"vc_custom_heading_wrap\"><div class=\"heading-text el-text\" ><h2 class=\"h2\" ><span><\/p><\/span><span><h2 style=\"text-align: center;\"><span style=\"color: #e2660c;\">Do you want to know us even more?<\/span><\/h2><\/span><span><h4 style=\"text-align: center;\"><a href=\"https:\/\/tu-voz.com\/en\/docs-telemarketing\/Presentacion Tu-Voz.pdf\/\" target=\"_blank\" rel=\"noopener\">Download our corporate presentation<\/a><\/h4><\/span><span><p><\/span><\/h2><\/div><div class=\"clear\"><\/div><\/div><div class=\"uncode_text_column\" ><\/p>\n<p style=\"text-align: center;\"><strong><a href=\"https:\/\/www.tu-voz.com\/docs-telemarketing\/presentacion-tu-voz.pdf\"><img fetchpriority=\"high\" decoding=\"async\" class=\"aligncenter size-medium wp-image-83497\" src=\"https:\/\/www.tu-voz.com\/wp-content\/uploads\/2021\/10\/portada-presentacion-tu-voz-300x206.jpg\" alt=\"\" width=\"300\" height=\"206\" srcset=\"\" sizes=\"(max-width: 300px) 100vw, 300px\" data-srcset=\"\" \/><\/a><\/strong><\/p>\n<p style=\"text-align: center;\"><a href=\"https:\/\/www.tu-voz.com\/docs-telemarketing\/presentacion-tu-voz.pdf\" target=\"_blank\" rel=\"noopener noreferrer\"><strong>Download presentation<\/strong><\/a><\/p>\n<p>\n<\/div><\/div><\/div><\/div><\/div><\/div><script id=\"script-row-unique-4\" data-row=\"script-row-unique-4\" type=\"text\/javascript\" class=\"vc_controls\">UNCODE.initRow(document.getElementById(\"row-unique-4\"));<\/script><\/div><\/div><\/div><div data-parent=\"true\" class=\"vc_row row-container boomapps_vcrow\" id=\"row-unique-5\"><div class=\"row limit-width row-parent\"><div class=\"wpb_row row-inner\"><div class=\"wpb_column pos-top pos-center align_left column_parent col-lg-12 boomapps_vccolumn single-internal-gutter\"><div class=\"uncol style-light\"  ><div class=\"uncoltable\"><div class=\"uncell  boomapps_vccolumn no-block-padding\" ><div class=\"uncont\" ><div class=\"empty-space empty-single\" ><span class=\"empty-space-inner\"><\/span><\/div>\n<\/div><\/div><\/div><\/div><\/div><script id=\"script-row-unique-5\" data-row=\"script-row-unique-5\" type=\"text\/javascript\" class=\"vc_controls\">UNCODE.initRow(document.getElementById(\"row-unique-5\"));<\/script><\/div><\/div><\/div><div data-parent=\"true\" class=\"vc_row row-container boomapps_vcrow\" id=\"row-unique-6\"><div class=\"row limit-width row-parent\"><div class=\"wpb_row row-inner\"><div class=\"wpb_column pos-top pos-center align_left column_parent col-lg-3 boomapps_vccolumn single-internal-gutter\"><div class=\"uncol style-light\"  ><div class=\"uncoltable\"><div class=\"uncell  boomapps_vccolumn no-block-padding\" ><div class=\"uncont\" ><div class=\"icon-box icon-box-top\" ><div class=\"icon-box-icon fa-container\"><a role=\"button\" href=\"https:\/\/www.linkedin.com\/company\/tu-voz-contactcenter\" title=\"LinkedIn\" aria-label=\"LinkedIn\" target=\"_blank\" class=\"text-accent-color custom-link\"><i class=\"fa fa-linkedin fa-2x fa-fw\"><\/i><\/a><\/div><div class=\"icon-box-content\"><div class=\"icon-box-heading icon-box-fa-2x\"><h3 class=\"h3\">LinkedIn<\/h3><\/div><\/div><\/div><\/div><\/div><\/div><\/div><\/div><div class=\"wpb_column pos-top pos-center align_left column_parent col-lg-3 boomapps_vccolumn single-internal-gutter\"><div class=\"uncol style-light\"  ><div class=\"uncoltable\"><div class=\"uncell  boomapps_vccolumn no-block-padding\" ><div class=\"uncont\" ><div class=\"icon-box icon-box-top\" ><div class=\"icon-box-icon fa-container\"><a role=\"button\" href=\"https:\/\/es-es.facebook.com\/TuVozContactCenter\/\" title=\"Facebook\" aria-label=\"Facebook\" target=\"_blank\" class=\"text-accent-color custom-link\"><i class=\"fa fa-facebook fa-2x fa-fw\"><\/i><\/a><\/div><div class=\"icon-box-content\"><div class=\"icon-box-heading icon-box-fa-2x\"><h3 class=\"h3\">Facebook<\/h3><\/div><\/div><\/div><\/div><\/div><\/div><\/div><\/div><div class=\"wpb_column pos-top pos-center align_left column_parent col-lg-3 boomapps_vccolumn single-internal-gutter\"><div class=\"uncol style-light\"  ><div class=\"uncoltable\"><div class=\"uncell  boomapps_vccolumn no-block-padding\" ><div class=\"uncont\" ><div class=\"icon-box icon-box-top\" ><div class=\"icon-box-icon fa-container\"><a role=\"button\" href=\"https:\/\/twitter.com\/tuvozcc?lang=es\" title=\"Twitter\" aria-label=\"Twitter\" target=\"_blank\" class=\"text-accent-color custom-link\"><i class=\"fa fa-twitter fa-2x fa-fw\"><\/i><\/a><\/div><div class=\"icon-box-content\"><div class=\"icon-box-heading icon-box-fa-2x\"><h3 class=\"h3\">Twitter<\/h3><\/div><\/div><\/div><\/div><\/div><\/div><\/div><\/div><div class=\"wpb_column pos-top pos-center align_left column_parent col-lg-3 boomapps_vccolumn single-internal-gutter\"><div class=\"uncol style-light\"  ><div class=\"uncoltable\"><div class=\"uncell  boomapps_vccolumn no-block-padding\" ><div class=\"uncont\" ><div class=\"icon-box icon-box-top\" ><div class=\"icon-box-icon fa-container\"><a role=\"button\" href=\"https:\/\/www.youtube.com\/channel\/UCrr0YEi-rq9yKGeU26K-f4A\" title=\"YouTube\" aria-label=\"YouTube\" target=\"_blank\" class=\"text-accent-color custom-link\"><i class=\"fa fa-youtube fa-2x fa-fw\"><\/i><\/a><\/div><div class=\"icon-box-content\"><div class=\"icon-box-heading icon-box-fa-2x\"><h3 class=\"h3\">YouTube<\/h3><\/div><\/div><\/div><\/div><\/div><\/div><\/div><\/div><script id=\"script-row-unique-6\" data-row=\"script-row-unique-6\" type=\"text\/javascript\" class=\"vc_controls\">UNCODE.initRow(document.getElementById(\"row-unique-6\"));<\/script><\/div><\/div><\/div><div data-parent=\"true\" class=\"vc_row row-container boomapps_vcrow\" id=\"row-unique-7\"><div class=\"row limit-width row-parent\"><div class=\"wpb_row row-inner\"><div class=\"wpb_column pos-top pos-center align_left column_parent col-lg-12 boomapps_vccolumn single-internal-gutter\"><div class=\"uncol style-light\"  ><div class=\"uncoltable\"><div class=\"uncell  boomapps_vccolumn no-block-padding\" ><div class=\"uncont\" ><div class=\"empty-space empty-single\" ><span class=\"empty-space-inner\"><\/span><\/div>\n<\/div><\/div><\/div><\/div><\/div><script id=\"script-row-unique-7\" data-row=\"script-row-unique-7\" type=\"text\/javascript\" class=\"vc_controls\">UNCODE.initRow(document.getElementById(\"row-unique-7\"));<\/script><\/div><\/div><\/div>\n<\/div>","protected":false},"excerpt":{"rendered":"Un equipo diverso y comprometidoConoce al equipo de Tu-Voz Contact centerTrabajo en equipo En Tu-Voz somos apasionados y comprometidos con [...]","protected":false},"author":2,"featured_media":82268,"parent":20,"menu_order":3,"comment_status":"closed","ping_status":"closed","template":"","meta":{"footnotes":""},"class_list":["post-82317","page","type-page","status-publish","has-post-thumbnail","hentry"],"yoast_head":"<!-- This site is optimized with the Yoast SEO plugin v25.8 - https:\/\/yoast.com\/wordpress\/plugins\/seo\/ -->\n<title>Equipo de Tu-Voz Contact center | Atenci\u00f3n de llamadas | 960 452 050<\/title>\n<meta name=\"description\" content=\"Nuestro equipo de Tu-Voz Contact center se convertir\u00e1 en tu equipo. Servicios integrales de atenci\u00f3n al cliente y telemarketing.\" \/>\n<meta name=\"robots\" content=\"index, follow, max-snippet:-1, max-image-preview:large, max-video-preview:-1\" \/>\n<link rel=\"canonical\" href=\"https:\/\/tu-voz.com\/en\/telemarketing-contact-center-valencia\/equipo-de-tu-voz-contact-center\/\" \/>\n<meta property=\"og:locale\" content=\"en_GB\" \/>\n<meta property=\"og:type\" content=\"article\" \/>\n<meta property=\"og:title\" content=\"Equipo de Tu-Voz Contact center | Atenci\u00f3n de llamadas | 960 452 050\" \/>\n<meta property=\"og:description\" content=\"Nuestro equipo de Tu-Voz Contact center se convertir\u00e1 en tu equipo. Servicios integrales de atenci\u00f3n al cliente y telemarketing.\" \/>\n<meta property=\"og:url\" content=\"https:\/\/tu-voz.com\/en\/telemarketing-contact-center-valencia\/equipo-de-tu-voz-contact-center\/\" \/>\n<meta property=\"og:site_name\" content=\"Tu-Voz\" \/>\n<meta property=\"article:modified_time\" content=\"2025-02-05T07:16:15+00:00\" \/>\n<meta property=\"og:image\" content=\"https:\/\/tu-voz.com\/wp-content\/uploads\/2021\/07\/equipo-tuvoz-1-scaled.jpg\" \/>\n\t<meta property=\"og:image:width\" content=\"2560\" \/>\n\t<meta property=\"og:image:height\" content=\"1709\" \/>\n\t<meta property=\"og:image:type\" content=\"image\/jpeg\" \/>\n<meta name=\"twitter:label1\" content=\"Estimated reading time\" \/>\n\t<meta name=\"twitter:data1\" content=\"3 minutes\" \/>\n<script type=\"application\/ld+json\" class=\"yoast-schema-graph\">{\"@context\":\"https:\/\/schema.org\",\"@graph\":[{\"@type\":\"WebPage\",\"@id\":\"https:\/\/tu-voz.com\/telemarketing-contact-center-valencia\/equipo-de-tu-voz-contact-center\/\",\"url\":\"https:\/\/tu-voz.com\/telemarketing-contact-center-valencia\/equipo-de-tu-voz-contact-center\/\",\"name\":\"Equipo de Tu-Voz Contact center | Atenci\u00f3n de llamadas | 960 452 050\",\"isPartOf\":{\"@id\":\"https:\/\/tu-voz.com\/#website\"},\"primaryImageOfPage\":{\"@id\":\"https:\/\/tu-voz.com\/telemarketing-contact-center-valencia\/equipo-de-tu-voz-contact-center\/#primaryimage\"},\"image\":{\"@id\":\"https:\/\/tu-voz.com\/telemarketing-contact-center-valencia\/equipo-de-tu-voz-contact-center\/#primaryimage\"},\"thumbnailUrl\":\"https:\/\/tu-voz.com\/wp-content\/uploads\/2021\/07\/equipo-tuvoz-1-scaled.jpg\",\"datePublished\":\"2021-07-23T09:24:07+00:00\",\"dateModified\":\"2025-02-05T07:16:15+00:00\",\"description\":\"Nuestro equipo de Tu-Voz Contact center se convertir\u00e1 en tu equipo. Servicios integrales de atenci\u00f3n al cliente y telemarketing.\",\"breadcrumb\":{\"@id\":\"https:\/\/tu-voz.com\/telemarketing-contact-center-valencia\/equipo-de-tu-voz-contact-center\/#breadcrumb\"},\"inLanguage\":\"en-GB\",\"potentialAction\":[{\"@type\":\"ReadAction\",\"target\":[\"https:\/\/tu-voz.com\/telemarketing-contact-center-valencia\/equipo-de-tu-voz-contact-center\/\"]}]},{\"@type\":\"ImageObject\",\"inLanguage\":\"en-GB\",\"@id\":\"https:\/\/tu-voz.com\/telemarketing-contact-center-valencia\/equipo-de-tu-voz-contact-center\/#primaryimage\",\"url\":\"https:\/\/tu-voz.com\/wp-content\/uploads\/2021\/07\/equipo-tuvoz-1-scaled.jpg\",\"contentUrl\":\"https:\/\/tu-voz.com\/wp-content\/uploads\/2021\/07\/equipo-tuvoz-1-scaled.jpg\",\"width\":2560,\"height\":1709,\"caption\":\"Equipo de Tu-Voz Contact center\"},{\"@type\":\"BreadcrumbList\",\"@id\":\"https:\/\/tu-voz.com\/telemarketing-contact-center-valencia\/equipo-de-tu-voz-contact-center\/#breadcrumb\",\"itemListElement\":[{\"@type\":\"ListItem\",\"position\":1,\"name\":\"Portada\",\"item\":\"https:\/\/tu-voz.com\/\"},{\"@type\":\"ListItem\",\"position\":2,\"name\":\"Conoce Tu-Voz &#8211; Telemarketing Contact center Valencia\",\"item\":\"https:\/\/tu-voz.com\/telemarketing-contact-center-valencia\/\"},{\"@type\":\"ListItem\",\"position\":3,\"name\":\"Nuestro equipo\"}]},{\"@type\":\"WebSite\",\"@id\":\"https:\/\/tu-voz.com\/#website\",\"url\":\"https:\/\/tu-voz.com\/\",\"name\":\"Tu-Voz\",\"description\":\"Call center de telemarketing y servicio de atenci\u00f3n al cliente. Contact center en Valencia.\",\"potentialAction\":[{\"@type\":\"SearchAction\",\"target\":{\"@type\":\"EntryPoint\",\"urlTemplate\":\"https:\/\/tu-voz.com\/?s={search_term_string}\"},\"query-input\":{\"@type\":\"PropertyValueSpecification\",\"valueRequired\":true,\"valueName\":\"search_term_string\"}}],\"inLanguage\":\"en-GB\"}]}<\/script>\n<!-- \/ Yoast SEO plugin. -->","yoast_head_json":{"title":"Equipo de Tu-Voz Contact center | Atenci\u00f3n de llamadas | 960 452 050","description":"Nuestro equipo de Tu-Voz Contact center se convertir\u00e1 en tu equipo. Servicios integrales de atenci\u00f3n al cliente y telemarketing.","robots":{"index":"index","follow":"follow","max-snippet":"max-snippet:-1","max-image-preview":"max-image-preview:large","max-video-preview":"max-video-preview:-1"},"canonical":"https:\/\/tu-voz.com\/en\/telemarketing-contact-center-valencia\/equipo-de-tu-voz-contact-center\/","og_locale":"en_GB","og_type":"article","og_title":"Equipo de Tu-Voz Contact center | Atenci\u00f3n de llamadas | 960 452 050","og_description":"Nuestro equipo de Tu-Voz Contact center se convertir\u00e1 en tu equipo. Servicios integrales de atenci\u00f3n al cliente y telemarketing.","og_url":"https:\/\/tu-voz.com\/en\/telemarketing-contact-center-valencia\/equipo-de-tu-voz-contact-center\/","og_site_name":"Tu-Voz","article_modified_time":"2025-02-05T07:16:15+00:00","og_image":[{"width":2560,"height":1709,"url":"https:\/\/tu-voz.com\/wp-content\/uploads\/2021\/07\/equipo-tuvoz-1-scaled.jpg","type":"image\/jpeg"}],"twitter_misc":{"Estimated reading time":"3 minutes"},"schema":{"@context":"https:\/\/schema.org","@graph":[{"@type":"WebPage","@id":"https:\/\/tu-voz.com\/telemarketing-contact-center-valencia\/equipo-de-tu-voz-contact-center\/","url":"https:\/\/tu-voz.com\/telemarketing-contact-center-valencia\/equipo-de-tu-voz-contact-center\/","name":"Equipo de Tu-Voz Contact center | Atenci\u00f3n de llamadas | 960 452 050","isPartOf":{"@id":"https:\/\/tu-voz.com\/#website"},"primaryImageOfPage":{"@id":"https:\/\/tu-voz.com\/telemarketing-contact-center-valencia\/equipo-de-tu-voz-contact-center\/#primaryimage"},"image":{"@id":"https:\/\/tu-voz.com\/telemarketing-contact-center-valencia\/equipo-de-tu-voz-contact-center\/#primaryimage"},"thumbnailUrl":"https:\/\/tu-voz.com\/wp-content\/uploads\/2021\/07\/equipo-tuvoz-1-scaled.jpg","datePublished":"2021-07-23T09:24:07+00:00","dateModified":"2025-02-05T07:16:15+00:00","description":"Nuestro equipo de Tu-Voz Contact center se convertir\u00e1 en tu equipo. Servicios integrales de atenci\u00f3n al cliente y telemarketing.","breadcrumb":{"@id":"https:\/\/tu-voz.com\/telemarketing-contact-center-valencia\/equipo-de-tu-voz-contact-center\/#breadcrumb"},"inLanguage":"en-GB","potentialAction":[{"@type":"ReadAction","target":["https:\/\/tu-voz.com\/telemarketing-contact-center-valencia\/equipo-de-tu-voz-contact-center\/"]}]},{"@type":"ImageObject","inLanguage":"en-GB","@id":"https:\/\/tu-voz.com\/telemarketing-contact-center-valencia\/equipo-de-tu-voz-contact-center\/#primaryimage","url":"https:\/\/tu-voz.com\/wp-content\/uploads\/2021\/07\/equipo-tuvoz-1-scaled.jpg","contentUrl":"https:\/\/tu-voz.com\/wp-content\/uploads\/2021\/07\/equipo-tuvoz-1-scaled.jpg","width":2560,"height":1709,"caption":"Equipo de Tu-Voz Contact center"},{"@type":"BreadcrumbList","@id":"https:\/\/tu-voz.com\/telemarketing-contact-center-valencia\/equipo-de-tu-voz-contact-center\/#breadcrumb","itemListElement":[{"@type":"ListItem","position":1,"name":"Portada","item":"https:\/\/tu-voz.com\/"},{"@type":"ListItem","position":2,"name":"Conoce Tu-Voz &#8211; Telemarketing Contact center Valencia","item":"https:\/\/tu-voz.com\/telemarketing-contact-center-valencia\/"},{"@type":"ListItem","position":3,"name":"Nuestro equipo"}]},{"@type":"WebSite","@id":"https:\/\/tu-voz.com\/#website","url":"https:\/\/tu-voz.com\/","name":"Tu-Voz","description":"Call center de telemarketing y servicio de atenci\u00f3n al cliente. Contact center en Valencia.","potentialAction":[{"@type":"SearchAction","target":{"@type":"EntryPoint","urlTemplate":"https:\/\/tu-voz.com\/?s={search_term_string}"},"query-input":{"@type":"PropertyValueSpecification","valueRequired":true,"valueName":"search_term_string"}}],"inLanguage":"en-GB"}]}},"_links":{"self":[{"href":"https:\/\/tu-voz.com\/en\/wp-json\/wp\/v2\/pages\/82317","targetHints":{"allow":["GET"]}}],"collection":[{"href":"https:\/\/tu-voz.com\/en\/wp-json\/wp\/v2\/pages"}],"about":[{"href":"https:\/\/tu-voz.com\/en\/wp-json\/wp\/v2\/types\/page"}],"author":[{"embeddable":true,"href":"https:\/\/tu-voz.com\/en\/wp-json\/wp\/v2\/users\/2"}],"replies":[{"embeddable":true,"href":"https:\/\/tu-voz.com\/en\/wp-json\/wp\/v2\/comments?post=82317"}],"version-history":[{"count":3,"href":"https:\/\/tu-voz.com\/en\/wp-json\/wp\/v2\/pages\/82317\/revisions"}],"predecessor-version":[{"id":85703,"href":"https:\/\/tu-voz.com\/en\/wp-json\/wp\/v2\/pages\/82317\/revisions\/85703"}],"up":[{"embeddable":true,"href":"https:\/\/tu-voz.com\/en\/wp-json\/wp\/v2\/pages\/20"}],"wp:featuredmedia":[{"embeddable":true,"href":"https:\/\/tu-voz.com\/en\/wp-json\/wp\/v2\/media\/82268"}],"wp:attachment":[{"href":"https:\/\/tu-voz.com\/en\/wp-json\/wp\/v2\/media?parent=82317"}],"curies":[{"name":"wp","href":"https:\/\/api.w.org\/{rel}","templated":true}]}}