{"id":83065,"date":"2021-08-04T12:16:18","date_gmt":"2021-08-04T10:16:18","guid":{"rendered":"https:\/\/www.tu-voz.com\/?page_id=83065"},"modified":"2022-03-09T12:06:10","modified_gmt":"2022-03-09T10:06:10","slug":"call-center-sostenible","status":"publish","type":"page","link":"https:\/\/tu-voz.com\/en\/telemarketing-contact-center-valencia\/calidad-y-rsc\/call-center-sostenible\/","title":{"rendered":"Sustainability Policy"},"content":{"rendered":"<div class=\"wpb-content-wrapper\"><div data-parent=\"true\" class=\"vc_row row-container boomapps_vcrow\" id=\"row-unique-0\"><div class=\"row limit-width row-parent\"><div class=\"wpb_row row-inner\"><div class=\"wpb_column pos-top pos-center align_left column_parent col-lg-12 boomapps_vccolumn single-internal-gutter\"><div class=\"uncol style-light\"  ><div class=\"uncoltable\"><div class=\"uncell  boomapps_vccolumn no-block-padding\" ><div class=\"uncont\" ><div class=\"vc_custom_heading_wrap\"><div class=\"heading-text el-text\" ><p class=\"h2 text-accent-color\" ><span><\/p><\/span><span><h2 style=\"text-align: center;\">Sustainability Policy<\/h2><\/span><span><h3 style=\"text-align: center;\"><span style=\"color: #e2660c;\">We fight every day for a better world<\/span><\/h3><\/span><span><p><\/span><\/p><\/div><div class=\"clear\"><\/div><\/div><\/div><\/div><\/div><\/div><\/div><script id=\"script-row-unique-0\" data-row=\"script-row-unique-0\" type=\"text\/javascript\" class=\"vc_controls\">UNCODE.initRow(document.getElementById(\"row-unique-0\"));<\/script><\/div><\/div><\/div><div data-parent=\"true\" class=\"vc_row style-color-xsdn-bg row-container boomapps_vcrow\" id=\"row-unique-1\"><div class=\"row unequal col-no-gutter no-top-padding no-bottom-padding no-h-padding full-width row-parent\" data-height-ratio=\"50\"><div class=\"wpb_row row-inner\"><div class=\"wpb_column pos-middle pos-left align_center column_parent col-lg-6 boomapps_vccolumn single-internal-gutter\"><div class=\"uncol style-light\"  ><div class=\"uncoltable\"><div class=\"uncell  boomapps_vccolumn quad-block-padding style-color-xsdn-bg\" ><div class=\"uncont\" ><div class=\"uncode_text_column\" ><\/p>\n<h4><span style=\"color: #e2660c;\">Waste management<\/span><\/h4>\n<p>In <strong>Tu-Voz Contact center<\/strong> We recognize the importance of the environment for well-being and progress. In order to protect it, it is necessary to incorporate the <strong>environmental ethics and professionalism<\/strong> in all our activities and services. Therefore, in our desire to be a <strong>sustainable call center<\/strong>, we work to minimize our environmental impact by promoting best management practices.<\/p>\n<p>Our new management system helps to significantly reduce paper consumption. Thanks to the <strong>technology<\/strong> we use and through constant innovation we have managed to considerably reduce our footprint. Furthermore, thanks to the various <strong>recycling bins<\/strong> Distributed in all our offices, we offer all our workers the possibility of helping the planet.<\/p>\n<\/div><\/div><\/div><\/div><\/div><\/div><div class=\"wpb_column pos-top pos-left align_left column_parent col-lg-6 boomapps_vccolumn col-md-33 single-internal-gutter\"><div class=\"uncol style-light\"  ><div class=\"uncoltable\" style=\"min-height: 260px;\"><div class=\"uncell  boomapps_vccolumn single-block-padding style-color-xsdn-bg\" ><div class=\"column-background background-element\">\n\t\t\t\t\t\t\t\t\t\t\t<div class=\"background-wrapper\">\n\t\t\t\t\t\t\t\t\t\t\t\t<div class=\"background-inner\" style=\"background-image: url(https:\/\/tu-voz.com\/wp-content\/uploads\/2021\/08\/reciclar-scaled.jpg);background-repeat: no-repeat;background-position: center center;background-size: cover;\" data-o_src=\"https:\/\/tu-voz.com\/wp-content\/uploads\/2021\/08\/reciclar-scaled.jpg\"><\/div>\n\t\t\t\t\t\t\t\t\t\t\t\t\n\t\t\t\t\t\t\t\t\t\t\t<\/div>\n\t\t\t\t\t\t\t\t\t\t<\/div><div class=\"uncont\" ><\/div><\/div><\/div><\/div><\/div><script id=\"script-row-unique-1\" data-row=\"script-row-unique-1\" type=\"text\/javascript\" class=\"vc_controls\">UNCODE.initRow(document.getElementById(\"row-unique-1\"));<\/script><\/div><\/div><\/div><div data-parent=\"true\" class=\"vc_row style-color-xsdn-bg row-container boomapps_vcrow\" id=\"row-unique-2\"><div class=\"row unequal col-no-gutter no-top-padding no-bottom-padding no-h-padding full-width row-parent\" data-height-ratio=\"50\"><div class=\"wpb_row row-inner\"><div class=\"wpb_column pos-top pos-left align_left column_parent col-lg-6 boomapps_vccolumn col-md-33 single-internal-gutter\"><div class=\"uncol style-light\"  ><div class=\"uncoltable\" style=\"min-height: 260px;\"><div class=\"uncell  boomapps_vccolumn single-block-padding style-color-xsdn-bg\" ><div class=\"column-background background-element\">\n\t\t\t\t\t\t\t\t\t\t\t<div class=\"background-wrapper\">\n\t\t\t\t\t\t\t\t\t\t\t\t<div class=\"background-inner\" style=\"background-image: url(https:\/\/tu-voz.com\/wp-content\/uploads\/2021\/08\/plantas-scaled.jpg);background-repeat: no-repeat;background-position: center center;background-size: cover;\" data-o_src=\"https:\/\/tu-voz.com\/wp-content\/uploads\/2021\/08\/plantas-scaled.jpg\"><\/div>\n\t\t\t\t\t\t\t\t\t\t\t\t\n\t\t\t\t\t\t\t\t\t\t\t<\/div>\n\t\t\t\t\t\t\t\t\t\t<\/div><div class=\"uncont\" ><\/div><\/div><\/div><\/div><\/div><div class=\"wpb_column pos-middle pos-center align_center column_parent col-lg-6 boomapps_vccolumn col-md-33 single-internal-gutter\"><div class=\"uncol style-light\"  ><div class=\"uncoltable\" style=\"min-height: 260px;\"><div class=\"uncell  boomapps_vccolumn quad-block-padding style-color-xsdn-bg\" ><div class=\"uncont\" ><div class=\"uncode_text_column\" ><\/p>\n<h4><span style=\"color: #e2660c;\">Step by Step<\/span><\/h4>\n<p>In our<strong> Call Center<\/strong> We are aware of the need to change certain daily habits. For this reason, another of the actions that we have carried out in our facilities is to replace the paper dispensers in the toilets with hand dryers. Also, <strong>We encourage the use of glass bottles<\/strong> among our workers to reduce the consumption of plastic bottles.<\/p>\n<p>In our commitment to make our offices a place <strong>more natural, green and healthy<\/strong>, we have added different types of plants. It is well known that plants have purifying properties as they <strong>recharge energy and combat the dreaded stress<\/strong>. A study endorsed by several universities has shown that the presence of plants in the office increases productivity and creativity by up to 15%.<\/p>\n<\/div><\/div><\/div><\/div><\/div><\/div><script id=\"script-row-unique-2\" data-row=\"script-row-unique-2\" type=\"text\/javascript\" class=\"vc_controls\">UNCODE.initRow(document.getElementById(\"row-unique-2\"));<\/script><\/div><\/div><\/div><div data-parent=\"true\" class=\"vc_row row-container boomapps_vcrow\" id=\"row-unique-3\"><div class=\"row limit-width row-parent\"><div class=\"wpb_row row-inner\"><div class=\"wpb_column pos-top pos-center align_center column_parent col-lg-12 boomapps_vccolumn single-internal-gutter\"><div class=\"uncol style-light\"  ><div class=\"uncoltable\"><div class=\"uncell  boomapps_vccolumn no-block-padding\" ><div class=\"uncont\" ><div class=\"vc_custom_heading_wrap\"><div class=\"heading-text el-text\" ><p class=\"h2 text-accent-color\" ><span><\/p><\/span><span><h4 style=\"text-align: center;\"><span style=\"color: #e2660c;\">Sustainability as an essential part of our activity<\/span><\/h4><\/span><span><p><\/span><\/p><\/div><div class=\"clear\"><\/div><\/div><div class=\"uncode_text_column\" ><p>Ultimately, in <strong>Tu-Voz Contact center<\/strong> we conceive the <strong>sustainability<\/strong> <strong>Sustainability as an essential part of our activity<\/strong>. Our goal is to offer our customers a quality service in a <strong>responsible and efficient<\/strong>, promote a <strong>ethical culture<\/strong> and compliance, promote the professional training of employees and use natural resources sustainably.<\/p>\n<p style=\"text-align: justify;\">We do not want corporate social responsibility to be just a fad. We are aware of the commitment of <strong>sustainability<\/strong> and actions that favor the universal principles of <strong>human rights and environmental well-being<\/strong>, for this reason we actively collect the witness and try to assert everything that is in our hands.<\/p>\n<p>\n<\/div><div class=\"uncode-single-media  text-center\"><div class=\"single-wrapper\" style=\"max-width: 50%;\"><div class=\"tmb tmb-light  tmb-img-ratio tmb-media-first tmb-media-last tmb-content-overlay tmb-no-bg\"><div class=\"t-inside\"><div class=\"t-entry-visual\"><div class=\"t-entry-visual-tc\"><div class=\"uncode-single-media-wrapper\"><div class=\"dummy\" style=\"padding-top: 80%;\"><\/div><img fetchpriority=\"high\" decoding=\"async\" class=\"wp-image-83018\" src=\"https:\/\/tu-voz.com\/wp-content\/uploads\/2021\/08\/sostenibles-scaled-uai-2560x2048.jpg\" width=\"2560\" height=\"2048\" alt=\"Call center sostenible\"><\/div>\n\t\t\t\t\t<\/div>\n\t\t\t\t<\/div><\/div><\/div><\/div><\/div><\/div><\/div><\/div><\/div><\/div><script id=\"script-row-unique-3\" data-row=\"script-row-unique-3\" type=\"text\/javascript\" class=\"vc_controls\">UNCODE.initRow(document.getElementById(\"row-unique-3\"));<\/script><\/div><\/div><\/div><div data-parent=\"true\" class=\"vc_row row-container boomapps_vcrow\" id=\"row-unique-4\"><div class=\"row limit-width row-parent\"><div class=\"wpb_row row-inner\"><div class=\"wpb_column pos-top pos-center align_center column_parent col-lg-12 boomapps_vccolumn single-internal-gutter\"><div class=\"uncol style-light\"  ><div class=\"uncoltable\"><div class=\"uncell  boomapps_vccolumn no-block-padding\" ><div class=\"uncont\" ><div class=\"vc_custom_heading_wrap\"><div class=\"heading-text el-text\" ><h2 class=\"h2\" ><span><\/p><\/span><span><h2 style=\"text-align: center;\"><span style=\"color: #e2660c;\">Do you want to know us even more?<\/span><\/h2><\/span><span><h4 style=\"text-align: center;\"><a href=\"https:\/\/www.tu-voz.com\/docs-telemarketing\/presentacion-tu-voz.pdf\" target=\"_blank\" rel=\"noopener\">Download our corporate presentation<\/a><\/h4><\/span><span><p><\/span><\/h2><\/div><div class=\"clear\"><\/div><\/div><div class=\"uncode_text_column\" ><\/p>\n<p style=\"text-align: center;\"><a href=\"https:\/\/www.tu-voz.com\/wp-content\/uploads\/2021\/10\/portada-presentacion-tu-voz.jpg\" target=\"_blank\" rel=\"noopener noreferrer\"><img decoding=\"async\" class=\"aligncenter wp-image-83497 size-medium\" src=\"https:\/\/www.tu-voz.com\/wp-content\/uploads\/2021\/10\/portada-presentacion-tu-voz-300x206.jpg\" alt=\"\" width=\"300\" height=\"206\" srcset=\"\" sizes=\"(max-width: 300px) 100vw, 300px\" data-srcset=\"\" \/><\/a><\/p>\n<p style=\"text-align: center;\"><a href=\"https:\/\/www.tu-voz.com\/docs-telemarketing\/presentacion-tu-voz.pdf\" target=\"_blank\" rel=\"noopener noreferrer\"><strong>Download presentation<\/strong><\/a><\/p>\n<p>\n<\/div><\/div><\/div><\/div><\/div><\/div><script id=\"script-row-unique-4\" data-row=\"script-row-unique-4\" type=\"text\/javascript\" class=\"vc_controls\">UNCODE.initRow(document.getElementById(\"row-unique-4\"));<\/script><\/div><\/div><\/div><div data-parent=\"true\" class=\"vc_row row-container boomapps_vcrow\" id=\"row-unique-5\"><div class=\"row limit-width row-parent\"><div class=\"wpb_row row-inner\"><div class=\"wpb_column pos-top pos-center align_left column_parent col-lg-12 boomapps_vccolumn single-internal-gutter\"><div class=\"uncol style-light\"  ><div class=\"uncoltable\"><div class=\"uncell  boomapps_vccolumn no-block-padding\" ><div class=\"uncont\" ><div class=\"empty-space empty-single\" ><span class=\"empty-space-inner\"><\/span><\/div>\n<\/div><\/div><\/div><\/div><\/div><script id=\"script-row-unique-5\" data-row=\"script-row-unique-5\" type=\"text\/javascript\" class=\"vc_controls\">UNCODE.initRow(document.getElementById(\"row-unique-5\"));<\/script><\/div><\/div><\/div><div data-parent=\"true\" class=\"vc_row row-container boomapps_vcrow\" id=\"row-unique-6\"><div class=\"row limit-width row-parent\"><div class=\"wpb_row row-inner\"><div class=\"wpb_column pos-top pos-center align_left column_parent col-lg-3 boomapps_vccolumn single-internal-gutter\"><div class=\"uncol style-light\"  ><div class=\"uncoltable\"><div class=\"uncell  boomapps_vccolumn no-block-padding\" ><div class=\"uncont\" ><div class=\"icon-box icon-box-top\" ><div class=\"icon-box-icon fa-container\"><a role=\"button\" href=\"https:\/\/www.linkedin.com\/company\/tu-voz-contactcenter\" title=\"LinkedIn\" aria-label=\"LinkedIn\" target=\"_blank\" class=\"text-accent-color custom-link\"><i class=\"fa fa-linkedin fa-2x fa-fw\"><\/i><\/a><\/div><div class=\"icon-box-content\"><div class=\"icon-box-heading icon-box-fa-2x\"><h3 class=\"h3\">LinkedIn<\/h3><\/div><\/div><\/div><\/div><\/div><\/div><\/div><\/div><div class=\"wpb_column pos-top pos-center align_left column_parent col-lg-3 boomapps_vccolumn single-internal-gutter\"><div class=\"uncol style-light\"  ><div class=\"uncoltable\"><div class=\"uncell  boomapps_vccolumn no-block-padding\" ><div class=\"uncont\" ><div class=\"icon-box icon-box-top\" ><div class=\"icon-box-icon fa-container\"><a role=\"button\" href=\"https:\/\/es-es.facebook.com\/TuVozContactCenter\/\" title=\"Facebook\" aria-label=\"Facebook\" target=\"_blank\" class=\"text-accent-color custom-link\"><i class=\"fa fa-facebook fa-2x fa-fw\"><\/i><\/a><\/div><div class=\"icon-box-content\"><div class=\"icon-box-heading icon-box-fa-2x\"><h3 class=\"h3\">Facebook<\/h3><\/div><\/div><\/div><\/div><\/div><\/div><\/div><\/div><div class=\"wpb_column pos-top pos-center align_left column_parent col-lg-3 boomapps_vccolumn single-internal-gutter\"><div class=\"uncol style-light\"  ><div class=\"uncoltable\"><div class=\"uncell  boomapps_vccolumn no-block-padding\" ><div class=\"uncont\" ><div class=\"icon-box icon-box-top\" ><div class=\"icon-box-icon fa-container\"><a role=\"button\" href=\"https:\/\/twitter.com\/tuvozcc?lang=es\" title=\"Twitter\" aria-label=\"Twitter\" target=\"_blank\" class=\"text-accent-color custom-link\"><i class=\"fa fa-twitter fa-2x fa-fw\"><\/i><\/a><\/div><div class=\"icon-box-content\"><div class=\"icon-box-heading icon-box-fa-2x\"><h3 class=\"h3\">Twitter<\/h3><\/div><\/div><\/div><\/div><\/div><\/div><\/div><\/div><div class=\"wpb_column pos-top pos-center align_left column_parent col-lg-3 boomapps_vccolumn single-internal-gutter\"><div class=\"uncol style-light\"  ><div class=\"uncoltable\"><div class=\"uncell  boomapps_vccolumn no-block-padding\" ><div class=\"uncont\" ><div class=\"icon-box icon-box-top\" ><div class=\"icon-box-icon fa-container\"><a role=\"button\" href=\"https:\/\/www.youtube.com\/channel\/UCrr0YEi-rq9yKGeU26K-f4A\" title=\"YouTube\" aria-label=\"YouTube\" target=\"_blank\" class=\"text-accent-color custom-link\"><i class=\"fa fa-youtube fa-2x fa-fw\"><\/i><\/a><\/div><div class=\"icon-box-content\"><div class=\"icon-box-heading icon-box-fa-2x\"><h3 class=\"h3\">YouTube<\/h3><\/div><\/div><\/div><\/div><\/div><\/div><\/div><\/div><script id=\"script-row-unique-6\" data-row=\"script-row-unique-6\" type=\"text\/javascript\" class=\"vc_controls\">UNCODE.initRow(document.getElementById(\"row-unique-6\"));<\/script><\/div><\/div><\/div><div data-parent=\"true\" class=\"vc_row row-container boomapps_vcrow\" id=\"row-unique-7\"><div class=\"row limit-width row-parent\"><div class=\"wpb_row row-inner\"><div class=\"wpb_column pos-top pos-center align_left column_parent col-lg-12 boomapps_vccolumn single-internal-gutter\"><div class=\"uncol style-light\"  ><div class=\"uncoltable\"><div class=\"uncell  boomapps_vccolumn no-block-padding\" ><div class=\"uncont\" ><div class=\"empty-space empty-single\" ><span class=\"empty-space-inner\"><\/span><\/div>\n<\/div><\/div><\/div><\/div><\/div><script id=\"script-row-unique-7\" data-row=\"script-row-unique-7\" type=\"text\/javascript\" class=\"vc_controls\">UNCODE.initRow(document.getElementById(\"row-unique-7\"));<\/script><\/div><\/div><\/div>\n<\/div>","protected":false},"excerpt":{"rendered":"Pol\u00edtica de SostenibilidadLuchamos d\u00eda a d\u00eda por un mundo mejorGesti\u00f3n de residuos En Tu-Voz Contact center reconocemos la importancia que [...]","protected":false},"author":2,"featured_media":83018,"parent":82984,"menu_order":3,"comment_status":"closed","ping_status":"closed","template":"","meta":{"footnotes":""},"class_list":["post-83065","page","type-page","status-publish","has-post-thumbnail","hentry"],"yoast_head":"<!-- This site is optimized with the Yoast SEO plugin v25.8 - https:\/\/yoast.com\/wordpress\/plugins\/seo\/ -->\n<title>Sostenible es lo que quiere ser Tu-Voz Contact center | +Info 960 452 050<\/title>\n<meta name=\"description\" content=\"Sostenible, responsable y respetuoso como objetivo para nuestra pol\u00edtica de gesti\u00f3n de residuos en Tu-Voz Contact center.\" \/>\n<meta name=\"robots\" content=\"index, follow, max-snippet:-1, max-image-preview:large, max-video-preview:-1\" \/>\n<link rel=\"canonical\" href=\"https:\/\/tu-voz.com\/en\/telemarketing-contact-center-valencia\/calidad-y-rsc\/call-center-sostenible\/\" \/>\n<meta property=\"og:locale\" content=\"en_GB\" \/>\n<meta property=\"og:type\" content=\"article\" \/>\n<meta property=\"og:title\" content=\"Sostenible es lo que quiere ser Tu-Voz Contact center | +Info 960 452 050\" \/>\n<meta property=\"og:description\" content=\"Sostenible, responsable y respetuoso como objetivo para nuestra pol\u00edtica de gesti\u00f3n de residuos en Tu-Voz Contact center.\" \/>\n<meta property=\"og:url\" content=\"https:\/\/tu-voz.com\/en\/telemarketing-contact-center-valencia\/calidad-y-rsc\/call-center-sostenible\/\" \/>\n<meta property=\"og:site_name\" content=\"Tu-Voz\" \/>\n<meta property=\"article:modified_time\" content=\"2022-03-09T10:06:10+00:00\" \/>\n<meta property=\"og:image\" content=\"https:\/\/tu-voz.com\/wp-content\/uploads\/2021\/08\/sostenibles-scaled.jpg\" \/>\n\t<meta property=\"og:image:width\" content=\"2560\" \/>\n\t<meta property=\"og:image:height\" content=\"2062\" \/>\n\t<meta property=\"og:image:type\" content=\"image\/jpeg\" \/>\n<meta name=\"twitter:label1\" content=\"Estimated reading time\" \/>\n\t<meta name=\"twitter:data1\" content=\"3 minutes\" \/>\n<script type=\"application\/ld+json\" class=\"yoast-schema-graph\">{\"@context\":\"https:\/\/schema.org\",\"@graph\":[{\"@type\":\"WebPage\",\"@id\":\"https:\/\/tu-voz.com\/telemarketing-contact-center-valencia\/calidad-y-rsc\/call-center-sostenible\/\",\"url\":\"https:\/\/tu-voz.com\/telemarketing-contact-center-valencia\/calidad-y-rsc\/call-center-sostenible\/\",\"name\":\"Sostenible es lo que quiere ser Tu-Voz Contact center | +Info 960 452 050\",\"isPartOf\":{\"@id\":\"https:\/\/tu-voz.com\/#website\"},\"primaryImageOfPage\":{\"@id\":\"https:\/\/tu-voz.com\/telemarketing-contact-center-valencia\/calidad-y-rsc\/call-center-sostenible\/#primaryimage\"},\"image\":{\"@id\":\"https:\/\/tu-voz.com\/telemarketing-contact-center-valencia\/calidad-y-rsc\/call-center-sostenible\/#primaryimage\"},\"thumbnailUrl\":\"https:\/\/tu-voz.com\/wp-content\/uploads\/2021\/08\/sostenibles-scaled.jpg\",\"datePublished\":\"2021-08-04T10:16:18+00:00\",\"dateModified\":\"2022-03-09T10:06:10+00:00\",\"description\":\"Sostenible, responsable y respetuoso como objetivo para nuestra pol\u00edtica de gesti\u00f3n de residuos en Tu-Voz Contact center.\",\"breadcrumb\":{\"@id\":\"https:\/\/tu-voz.com\/telemarketing-contact-center-valencia\/calidad-y-rsc\/call-center-sostenible\/#breadcrumb\"},\"inLanguage\":\"en-GB\",\"potentialAction\":[{\"@type\":\"ReadAction\",\"target\":[\"https:\/\/tu-voz.com\/telemarketing-contact-center-valencia\/calidad-y-rsc\/call-center-sostenible\/\"]}]},{\"@type\":\"ImageObject\",\"inLanguage\":\"en-GB\",\"@id\":\"https:\/\/tu-voz.com\/telemarketing-contact-center-valencia\/calidad-y-rsc\/call-center-sostenible\/#primaryimage\",\"url\":\"https:\/\/tu-voz.com\/wp-content\/uploads\/2021\/08\/sostenibles-scaled.jpg\",\"contentUrl\":\"https:\/\/tu-voz.com\/wp-content\/uploads\/2021\/08\/sostenibles-scaled.jpg\",\"width\":2560,\"height\":2062,\"caption\":\"Call center sostenible\"},{\"@type\":\"BreadcrumbList\",\"@id\":\"https:\/\/tu-voz.com\/telemarketing-contact-center-valencia\/calidad-y-rsc\/call-center-sostenible\/#breadcrumb\",\"itemListElement\":[{\"@type\":\"ListItem\",\"position\":1,\"name\":\"Portada\",\"item\":\"https:\/\/tu-voz.com\/\"},{\"@type\":\"ListItem\",\"position\":2,\"name\":\"Conoce Tu-Voz &#8211; Telemarketing Contact center Valencia\",\"item\":\"https:\/\/tu-voz.com\/telemarketing-contact-center-valencia\/\"},{\"@type\":\"ListItem\",\"position\":3,\"name\":\"Calidad y RSC\",\"item\":\"https:\/\/tu-voz.com\/telemarketing-contact-center-valencia\/calidad-y-rsc\/\"},{\"@type\":\"ListItem\",\"position\":4,\"name\":\"Pol\u00edtica de Sostenibilidad\"}]},{\"@type\":\"WebSite\",\"@id\":\"https:\/\/tu-voz.com\/#website\",\"url\":\"https:\/\/tu-voz.com\/\",\"name\":\"Tu-Voz\",\"description\":\"Call center de telemarketing y servicio de atenci\u00f3n al cliente. Contact center en Valencia.\",\"potentialAction\":[{\"@type\":\"SearchAction\",\"target\":{\"@type\":\"EntryPoint\",\"urlTemplate\":\"https:\/\/tu-voz.com\/?s={search_term_string}\"},\"query-input\":{\"@type\":\"PropertyValueSpecification\",\"valueRequired\":true,\"valueName\":\"search_term_string\"}}],\"inLanguage\":\"en-GB\"}]}<\/script>\n<!-- \/ Yoast SEO plugin. -->","yoast_head_json":{"title":"Sostenible es lo que quiere ser Tu-Voz Contact center | +Info 960 452 050","description":"Sostenible, responsable y respetuoso como objetivo para nuestra pol\u00edtica de gesti\u00f3n de residuos en Tu-Voz Contact center.","robots":{"index":"index","follow":"follow","max-snippet":"max-snippet:-1","max-image-preview":"max-image-preview:large","max-video-preview":"max-video-preview:-1"},"canonical":"https:\/\/tu-voz.com\/en\/telemarketing-contact-center-valencia\/calidad-y-rsc\/call-center-sostenible\/","og_locale":"en_GB","og_type":"article","og_title":"Sostenible es lo que quiere ser Tu-Voz Contact center | +Info 960 452 050","og_description":"Sostenible, responsable y respetuoso como objetivo para nuestra pol\u00edtica de gesti\u00f3n de residuos en Tu-Voz Contact center.","og_url":"https:\/\/tu-voz.com\/en\/telemarketing-contact-center-valencia\/calidad-y-rsc\/call-center-sostenible\/","og_site_name":"Tu-Voz","article_modified_time":"2022-03-09T10:06:10+00:00","og_image":[{"width":2560,"height":2062,"url":"https:\/\/tu-voz.com\/wp-content\/uploads\/2021\/08\/sostenibles-scaled.jpg","type":"image\/jpeg"}],"twitter_misc":{"Estimated reading time":"3 minutes"},"schema":{"@context":"https:\/\/schema.org","@graph":[{"@type":"WebPage","@id":"https:\/\/tu-voz.com\/telemarketing-contact-center-valencia\/calidad-y-rsc\/call-center-sostenible\/","url":"https:\/\/tu-voz.com\/telemarketing-contact-center-valencia\/calidad-y-rsc\/call-center-sostenible\/","name":"Sostenible es lo que quiere ser Tu-Voz Contact center | +Info 960 452 050","isPartOf":{"@id":"https:\/\/tu-voz.com\/#website"},"primaryImageOfPage":{"@id":"https:\/\/tu-voz.com\/telemarketing-contact-center-valencia\/calidad-y-rsc\/call-center-sostenible\/#primaryimage"},"image":{"@id":"https:\/\/tu-voz.com\/telemarketing-contact-center-valencia\/calidad-y-rsc\/call-center-sostenible\/#primaryimage"},"thumbnailUrl":"https:\/\/tu-voz.com\/wp-content\/uploads\/2021\/08\/sostenibles-scaled.jpg","datePublished":"2021-08-04T10:16:18+00:00","dateModified":"2022-03-09T10:06:10+00:00","description":"Sostenible, responsable y respetuoso como objetivo para nuestra pol\u00edtica de gesti\u00f3n de residuos en Tu-Voz Contact center.","breadcrumb":{"@id":"https:\/\/tu-voz.com\/telemarketing-contact-center-valencia\/calidad-y-rsc\/call-center-sostenible\/#breadcrumb"},"inLanguage":"en-GB","potentialAction":[{"@type":"ReadAction","target":["https:\/\/tu-voz.com\/telemarketing-contact-center-valencia\/calidad-y-rsc\/call-center-sostenible\/"]}]},{"@type":"ImageObject","inLanguage":"en-GB","@id":"https:\/\/tu-voz.com\/telemarketing-contact-center-valencia\/calidad-y-rsc\/call-center-sostenible\/#primaryimage","url":"https:\/\/tu-voz.com\/wp-content\/uploads\/2021\/08\/sostenibles-scaled.jpg","contentUrl":"https:\/\/tu-voz.com\/wp-content\/uploads\/2021\/08\/sostenibles-scaled.jpg","width":2560,"height":2062,"caption":"Call center sostenible"},{"@type":"BreadcrumbList","@id":"https:\/\/tu-voz.com\/telemarketing-contact-center-valencia\/calidad-y-rsc\/call-center-sostenible\/#breadcrumb","itemListElement":[{"@type":"ListItem","position":1,"name":"Portada","item":"https:\/\/tu-voz.com\/"},{"@type":"ListItem","position":2,"name":"Conoce Tu-Voz &#8211; Telemarketing Contact center Valencia","item":"https:\/\/tu-voz.com\/telemarketing-contact-center-valencia\/"},{"@type":"ListItem","position":3,"name":"Calidad y RSC","item":"https:\/\/tu-voz.com\/telemarketing-contact-center-valencia\/calidad-y-rsc\/"},{"@type":"ListItem","position":4,"name":"Pol\u00edtica de Sostenibilidad"}]},{"@type":"WebSite","@id":"https:\/\/tu-voz.com\/#website","url":"https:\/\/tu-voz.com\/","name":"Tu-Voz","description":"Call center de telemarketing y servicio de atenci\u00f3n al cliente. Contact center en Valencia.","potentialAction":[{"@type":"SearchAction","target":{"@type":"EntryPoint","urlTemplate":"https:\/\/tu-voz.com\/?s={search_term_string}"},"query-input":{"@type":"PropertyValueSpecification","valueRequired":true,"valueName":"search_term_string"}}],"inLanguage":"en-GB"}]}},"_links":{"self":[{"href":"https:\/\/tu-voz.com\/en\/wp-json\/wp\/v2\/pages\/83065","targetHints":{"allow":["GET"]}}],"collection":[{"href":"https:\/\/tu-voz.com\/en\/wp-json\/wp\/v2\/pages"}],"about":[{"href":"https:\/\/tu-voz.com\/en\/wp-json\/wp\/v2\/types\/page"}],"author":[{"embeddable":true,"href":"https:\/\/tu-voz.com\/en\/wp-json\/wp\/v2\/users\/2"}],"replies":[{"embeddable":true,"href":"https:\/\/tu-voz.com\/en\/wp-json\/wp\/v2\/comments?post=83065"}],"version-history":[{"count":0,"href":"https:\/\/tu-voz.com\/en\/wp-json\/wp\/v2\/pages\/83065\/revisions"}],"up":[{"embeddable":true,"href":"https:\/\/tu-voz.com\/en\/wp-json\/wp\/v2\/pages\/82984"}],"wp:featuredmedia":[{"embeddable":true,"href":"https:\/\/tu-voz.com\/en\/wp-json\/wp\/v2\/media\/83018"}],"wp:attachment":[{"href":"https:\/\/tu-voz.com\/en\/wp-json\/wp\/v2\/media?parent=83065"}],"curies":[{"name":"wp","href":"https:\/\/api.w.org\/{rel}","templated":true}]}}