{"id":84619,"date":"2022-07-15T10:53:11","date_gmt":"2022-07-15T08:53:11","guid":{"rendered":"https:\/\/www.tu-voz.com\/?page_id=84619"},"modified":"2022-07-15T11:03:56","modified_gmt":"2022-07-15T09:03:56","slug":"error-401","status":"publish","type":"page","link":"https:\/\/tu-voz.com\/en\/error-401\/","title":{"rendered":"ERROR 401"},"content":{"rendered":"<div class=\"wpb-content-wrapper\"><div data-parent=\"true\" class=\"vc_row row-container boomapps_vcrow\" id=\"row-unique-0\"><div class=\"row limit-width row-parent\"><div class=\"wpb_row row-inner\"><div class=\"wpb_column pos-top pos-center align_left column_parent col-lg-12 boomapps_vccolumn single-internal-gutter\"><div class=\"uncol style-light\"  ><div class=\"uncoltable\"><div class=\"uncell  boomapps_vccolumn no-block-padding\" ><div class=\"uncont\" ><div class=\"empty-space empty-double\" ><span class=\"empty-space-inner\"><\/span><\/div>\n<div class=\"uncode-single-media  text-center\"><div class=\"single-wrapper\" style=\"max-width: 51%;\"><div class=\"tmb tmb-light  tmb-media-first tmb-media-last tmb-content-overlay tmb-no-bg\"><div class=\"t-inside\"><div class=\"t-entry-visual\"><div class=\"t-entry-visual-tc\"><div class=\"uncode-single-media-wrapper\"><img fetchpriority=\"high\" decoding=\"async\" class=\"wp-image-84620\" src=\"https:\/\/tu-voz.com\/wp-content\/uploads\/2022\/07\/ERROR-401.png\" width=\"800\" height=\"600\" alt=\"ERROR 401\" srcset=\"https:\/\/tu-voz.com\/wp-content\/uploads\/2022\/07\/ERROR-401.png 800w, https:\/\/tu-voz.com\/wp-content\/uploads\/2022\/07\/ERROR-401-300x225.png 300w, https:\/\/tu-voz.com\/wp-content\/uploads\/2022\/07\/ERROR-401-768x576.png 768w\" sizes=\"(max-width: 800px) 100vw, 800px\" \/><\/div>\n\t\t\t\t\t<\/div>\n\t\t\t\t<\/div><\/div><\/div><\/div><\/div><\/div><\/div><\/div><\/div><\/div><script id=\"script-row-unique-0\" data-row=\"script-row-unique-0\" type=\"text\/javascript\" class=\"vc_controls\">UNCODE.initRow(document.getElementById(\"row-unique-0\"));<\/script><\/div><\/div><\/div><div data-parent=\"true\" class=\"vc_row row-container boomapps_vcrow\" id=\"row-unique-1\"><div class=\"row limit-width row-parent\"><div class=\"wpb_row row-inner\"><div class=\"wpb_column pos-top pos-center align_left column_parent col-lg-12 boomapps_vccolumn single-internal-gutter\"><div class=\"uncol style-light\"  ><div class=\"uncoltable\"><div class=\"uncell  boomapps_vccolumn no-block-padding\" ><div class=\"uncont\" ><div class=\"uncode_text_column\" ><\/p>\n<p style=\"text-align: center;\"><span class=\"font-963777 font-278157\" style=\"color: #000000;\">Est\u00e1 intentando acceder a una p\u00e1gina restringida y no tiene acceso.<\/span><\/p>\n<p style=\"text-align: center;\"><span class=\"font-963777 font-278157\"><span style=\"color: #000000;\">Si tiene acceso y le sigue dando error<\/span> <a href=\"https:\/\/tu-voz.com\/en\/contacto-contact-center\/\">p\u00f3ngase en contacto con nosotros<\/a><span style=\"color: #000000;\">.<\/span><\/span><\/p>\n<p>\n<\/div><\/div><\/div><\/div><\/div><\/div><script id=\"script-row-unique-1\" data-row=\"script-row-unique-1\" type=\"text\/javascript\" class=\"vc_controls\">UNCODE.initRow(document.getElementById(\"row-unique-1\"));<\/script><\/div><\/div><\/div><div data-parent=\"true\" class=\"vc_row row-container boomapps_vcrow\" id=\"row-unique-2\"><div class=\"row limit-width row-parent\"><div class=\"wpb_row row-inner\"><div class=\"wpb_column pos-top pos-center align_left column_parent col-lg-12 boomapps_vccolumn single-internal-gutter\"><div class=\"uncol style-light\"  ><div class=\"uncoltable\"><div class=\"uncell  boomapps_vccolumn no-block-padding\" ><div class=\"uncont\" ><div class=\"empty-space empty-quad\" ><span class=\"empty-space-inner\"><\/span><\/div>\n<\/div><\/div><\/div><\/div><\/div><script id=\"script-row-unique-2\" data-row=\"script-row-unique-2\" type=\"text\/javascript\" class=\"vc_controls\">UNCODE.initRow(document.getElementById(\"row-unique-2\"));<\/script><\/div><\/div><\/div>\n<\/div>","protected":false},"excerpt":{"rendered":"Est\u00e1 intentando acceder a una p\u00e1gina restringida y no tiene acceso. Si tiene acceso y le sigue dando error p\u00f3ngase [...]","protected":false},"author":2,"featured_media":0,"parent":0,"menu_order":0,"comment_status":"closed","ping_status":"closed","template":"","meta":{"footnotes":""},"class_list":["post-84619","page","type-page","status-publish","hentry"],"yoast_head":"<!-- This site is optimized with the Yoast SEO plugin v25.8 - https:\/\/yoast.com\/wordpress\/plugins\/seo\/ -->\n<title>ERROR 401 - Tu-Voz<\/title>\n<meta name=\"robots\" content=\"noindex, nofollow\" \/>\n<meta property=\"og:locale\" content=\"en_GB\" \/>\n<meta property=\"og:type\" content=\"article\" \/>\n<meta property=\"og:title\" content=\"ERROR 401 - Tu-Voz\" \/>\n<meta property=\"og:url\" content=\"https:\/\/tu-voz.com\/en\/error-401\/\" \/>\n<meta property=\"og:site_name\" content=\"Tu-Voz\" \/>\n<meta property=\"article:modified_time\" content=\"2022-07-15T09:03:56+00:00\" \/>\n<meta name=\"twitter:label1\" content=\"Estimated reading time\" \/>\n\t<meta name=\"twitter:data1\" content=\"1 minute\" \/>\n<script type=\"application\/ld+json\" class=\"yoast-schema-graph\">{\"@context\":\"https:\/\/schema.org\",\"@graph\":[{\"@type\":\"WebPage\",\"@id\":\"https:\/\/tu-voz.com\/error-401\/\",\"url\":\"https:\/\/tu-voz.com\/error-401\/\",\"name\":\"ERROR 401 - Tu-Voz\",\"isPartOf\":{\"@id\":\"https:\/\/tu-voz.com\/#website\"},\"datePublished\":\"2022-07-15T08:53:11+00:00\",\"dateModified\":\"2022-07-15T09:03:56+00:00\",\"breadcrumb\":{\"@id\":\"https:\/\/tu-voz.com\/error-401\/#breadcrumb\"},\"inLanguage\":\"en-GB\",\"potentialAction\":[{\"@type\":\"ReadAction\",\"target\":[\"https:\/\/tu-voz.com\/error-401\/\"]}]},{\"@type\":\"BreadcrumbList\",\"@id\":\"https:\/\/tu-voz.com\/error-401\/#breadcrumb\",\"itemListElement\":[{\"@type\":\"ListItem\",\"position\":1,\"name\":\"Portada\",\"item\":\"https:\/\/tu-voz.com\/\"},{\"@type\":\"ListItem\",\"position\":2,\"name\":\"ERROR 401\"}]},{\"@type\":\"WebSite\",\"@id\":\"https:\/\/tu-voz.com\/#website\",\"url\":\"https:\/\/tu-voz.com\/\",\"name\":\"Tu-Voz\",\"description\":\"Call center de telemarketing y servicio de atenci\u00f3n al cliente. Contact center en Valencia.\",\"potentialAction\":[{\"@type\":\"SearchAction\",\"target\":{\"@type\":\"EntryPoint\",\"urlTemplate\":\"https:\/\/tu-voz.com\/?s={search_term_string}\"},\"query-input\":{\"@type\":\"PropertyValueSpecification\",\"valueRequired\":true,\"valueName\":\"search_term_string\"}}],\"inLanguage\":\"en-GB\"}]}<\/script>\n<!-- \/ Yoast SEO plugin. -->","yoast_head_json":{"title":"ERROR 401 - Tu-Voz","robots":{"index":"noindex","follow":"nofollow"},"og_locale":"en_GB","og_type":"article","og_title":"ERROR 401 - Tu-Voz","og_url":"https:\/\/tu-voz.com\/en\/error-401\/","og_site_name":"Tu-Voz","article_modified_time":"2022-07-15T09:03:56+00:00","twitter_misc":{"Estimated reading time":"1 minute"},"schema":{"@context":"https:\/\/schema.org","@graph":[{"@type":"WebPage","@id":"https:\/\/tu-voz.com\/error-401\/","url":"https:\/\/tu-voz.com\/error-401\/","name":"ERROR 401 - Tu-Voz","isPartOf":{"@id":"https:\/\/tu-voz.com\/#website"},"datePublished":"2022-07-15T08:53:11+00:00","dateModified":"2022-07-15T09:03:56+00:00","breadcrumb":{"@id":"https:\/\/tu-voz.com\/error-401\/#breadcrumb"},"inLanguage":"en-GB","potentialAction":[{"@type":"ReadAction","target":["https:\/\/tu-voz.com\/error-401\/"]}]},{"@type":"BreadcrumbList","@id":"https:\/\/tu-voz.com\/error-401\/#breadcrumb","itemListElement":[{"@type":"ListItem","position":1,"name":"Portada","item":"https:\/\/tu-voz.com\/"},{"@type":"ListItem","position":2,"name":"ERROR 401"}]},{"@type":"WebSite","@id":"https:\/\/tu-voz.com\/#website","url":"https:\/\/tu-voz.com\/","name":"Tu-Voz","description":"Call center de telemarketing y servicio de atenci\u00f3n al cliente. Contact center en Valencia.","potentialAction":[{"@type":"SearchAction","target":{"@type":"EntryPoint","urlTemplate":"https:\/\/tu-voz.com\/?s={search_term_string}"},"query-input":{"@type":"PropertyValueSpecification","valueRequired":true,"valueName":"search_term_string"}}],"inLanguage":"en-GB"}]}},"_links":{"self":[{"href":"https:\/\/tu-voz.com\/en\/wp-json\/wp\/v2\/pages\/84619","targetHints":{"allow":["GET"]}}],"collection":[{"href":"https:\/\/tu-voz.com\/en\/wp-json\/wp\/v2\/pages"}],"about":[{"href":"https:\/\/tu-voz.com\/en\/wp-json\/wp\/v2\/types\/page"}],"author":[{"embeddable":true,"href":"https:\/\/tu-voz.com\/en\/wp-json\/wp\/v2\/users\/2"}],"replies":[{"embeddable":true,"href":"https:\/\/tu-voz.com\/en\/wp-json\/wp\/v2\/comments?post=84619"}],"version-history":[{"count":0,"href":"https:\/\/tu-voz.com\/en\/wp-json\/wp\/v2\/pages\/84619\/revisions"}],"wp:attachment":[{"href":"https:\/\/tu-voz.com\/en\/wp-json\/wp\/v2\/media?parent=84619"}],"curies":[{"name":"wp","href":"https:\/\/api.w.org\/{rel}","templated":true}]}}