{"id":84651,"date":"2022-08-03T10:41:41","date_gmt":"2022-08-03T08:41:41","guid":{"rendered":"https:\/\/www.tu-voz.com\/?page_id=84651"},"modified":"2023-01-04T12:05:03","modified_gmt":"2023-01-04T10:05:03","slug":"call-me","status":"publish","type":"page","link":"https:\/\/tu-voz.com\/en\/contacto-contact-center\/call-me\/","title":{"rendered":"Want us to call you? Tell us your data:"},"content":{"rendered":"<form id=\"HtmlForm\" action=\"https:\/\/omnichannel.tu-voz.com\/Evolution\/LocalChat\/CallMeBack.aspx\" method=\"GET\"><input name=\"_estrategia\" type=\"hidden\" value=\"CallBack_TUVOZ\" \/><br \/>\n<input name=\"to\" type=\"hidden\" value=\"Ll\u00e1mame TUVOZ\" \/><br \/>\n<input name=\"_returnURL\" type=\"hidden\" value=\"https:\/\/www.tu-voz.com\/contacto-contact-center\/gracias-llamame\/\" \/><\/p>\n<div class=\"col-sm-4\">\n<div class=\"row\">\n<div class=\"col-sm-6 form-group\"><input id=\"name\" class=\"form-control\" name=\"name\" required=\"\" type=\"text\" placeholder=\"Name\" \/><\/div>\n<div class=\"col-sm-6 form-group\"><input id=\"lastname\" class=\"form-control\" style=\"display: none;\" name=\"lastname\" type=\"last Name\" value=\" \" \/><\/div>\n<\/div>\n<div class=\"row\">\n<div class=\"col-sm-6 form-group\"><input id=\"email\" class=\"form-control\" name=\"email\" type=\"text\" placeholder=\"Email\" \/><\/div>\n<div class=\"col-sm-6 form-group\"><input id=\"phone\" class=\"form-control\" name=\"phone\" required=\"\" type=\"text\" placeholder=\"Phone\" \/><\/div>\n<div class=\"col-sm-6 form-group\"><input id=\"privacidad\" class=\"form-control\" name=\"privacidad\" type=\"checkbox\" required> I accept the Privacy Policy<\/div>\n<div class=\"col-sm-6 form-group\"><span>I consent to the use of my personal data according to the terms established in this <a style=\"color: #000000 !important;\" href=\"https:\/\/tu-voz.com\/en\/politica-de-privacidad\/\">Privacy Policy<\/a><\/span><\/div>\n<\/div>\n<p><textarea id=\"comments\" style=\"display: none;\" name=\"comments\" rows=\"5\"><\/textarea><\/p>\n<div class=\"row\">\n<div class=\"col-sm-12 form-group\"><button class=\"btn btn-default pull-left\" type=\"submit\">Call me<\/button><\/div>\n<\/div>\n<\/div>\n<\/form>\n<p><script type=\"text\/javascript\" src=\"https:\/\/clientes.tu-voz.com\/im_livechat\/external_lib.js\"><\/script><br \/>\n<script type=\"text\/javascript\" src=\"https:\/\/clientes.tu-voz.com\/im_livechat\/loader\/1\"><\/script><\/p>","protected":false},"excerpt":{"rendered":"<p>Acepto la pol\u00edtica de privacidad Consiento el uso de mis datos personales seg\u00fan los t\u00e9rminos establecidos en esta Pol\u00edtica de [&hellip;]<\/p>","protected":false},"author":2,"featured_media":0,"parent":39,"menu_order":3,"comment_status":"closed","ping_status":"closed","template":"","meta":{"footnotes":""},"class_list":["post-84651","page","type-page","status-publish","hentry"],"yoast_head":"<!-- This site is optimized with the Yoast SEO plugin v25.8 - https:\/\/yoast.com\/wordpress\/plugins\/seo\/ -->\n<title>\u00bfQuieres que te llamemos? Ind\u00edcanos tus datos: - Tu-Voz<\/title>\n<meta name=\"robots\" content=\"index, follow, max-snippet:-1, max-image-preview:large, max-video-preview:-1\" \/>\n<link rel=\"canonical\" href=\"https:\/\/tu-voz.com\/en\/contacto-contact-center\/call-me\/\" \/>\n<meta property=\"og:locale\" content=\"en_GB\" \/>\n<meta property=\"og:type\" content=\"article\" \/>\n<meta property=\"og:title\" content=\"\u00bfQuieres que te llamemos? Ind\u00edcanos tus datos: - Tu-Voz\" \/>\n<meta property=\"og:description\" content=\"Acepto la pol\u00edtica de privacidad Consiento el uso de mis datos personales seg\u00fan los t\u00e9rminos establecidos en esta Pol\u00edtica de [&hellip;]\" \/>\n<meta property=\"og:url\" content=\"https:\/\/tu-voz.com\/en\/contacto-contact-center\/call-me\/\" \/>\n<meta property=\"og:site_name\" content=\"Tu-Voz\" \/>\n<meta property=\"article:modified_time\" content=\"2023-01-04T10:05:03+00:00\" \/>\n<meta name=\"twitter:label1\" content=\"Estimated reading time\" \/>\n\t<meta name=\"twitter:data1\" content=\"1 minute\" \/>\n<script type=\"application\/ld+json\" class=\"yoast-schema-graph\">{\"@context\":\"https:\/\/schema.org\",\"@graph\":[{\"@type\":\"WebPage\",\"@id\":\"https:\/\/tu-voz.com\/contacto-contact-center\/call-me\/\",\"url\":\"https:\/\/tu-voz.com\/contacto-contact-center\/call-me\/\",\"name\":\"\u00bfQuieres que te llamemos? Ind\u00edcanos tus datos: - Tu-Voz\",\"isPartOf\":{\"@id\":\"https:\/\/tu-voz.com\/#website\"},\"datePublished\":\"2022-08-03T08:41:41+00:00\",\"dateModified\":\"2023-01-04T10:05:03+00:00\",\"breadcrumb\":{\"@id\":\"https:\/\/tu-voz.com\/contacto-contact-center\/call-me\/#breadcrumb\"},\"inLanguage\":\"en-GB\",\"potentialAction\":[{\"@type\":\"ReadAction\",\"target\":[\"https:\/\/tu-voz.com\/contacto-contact-center\/call-me\/\"]}]},{\"@type\":\"BreadcrumbList\",\"@id\":\"https:\/\/tu-voz.com\/contacto-contact-center\/call-me\/#breadcrumb\",\"itemListElement\":[{\"@type\":\"ListItem\",\"position\":1,\"name\":\"Portada\",\"item\":\"https:\/\/tu-voz.com\/\"},{\"@type\":\"ListItem\",\"position\":2,\"name\":\"Contacto\",\"item\":\"https:\/\/tu-voz.com\/en\/contacto-contact-center\/\"},{\"@type\":\"ListItem\",\"position\":3,\"name\":\"\u00bfQuieres que te llamemos? Ind\u00edcanos tus datos:\"}]},{\"@type\":\"WebSite\",\"@id\":\"https:\/\/tu-voz.com\/#website\",\"url\":\"https:\/\/tu-voz.com\/\",\"name\":\"Tu-Voz\",\"description\":\"Call center de telemarketing y servicio de atenci\u00f3n al cliente. Contact center en Valencia.\",\"potentialAction\":[{\"@type\":\"SearchAction\",\"target\":{\"@type\":\"EntryPoint\",\"urlTemplate\":\"https:\/\/tu-voz.com\/?s={search_term_string}\"},\"query-input\":{\"@type\":\"PropertyValueSpecification\",\"valueRequired\":true,\"valueName\":\"search_term_string\"}}],\"inLanguage\":\"en-GB\"}]}<\/script>\n<!-- \/ Yoast SEO plugin. -->","yoast_head_json":{"title":"\u00bfQuieres que te llamemos? Ind\u00edcanos tus datos: - Tu-Voz","robots":{"index":"index","follow":"follow","max-snippet":"max-snippet:-1","max-image-preview":"max-image-preview:large","max-video-preview":"max-video-preview:-1"},"canonical":"https:\/\/tu-voz.com\/en\/contacto-contact-center\/call-me\/","og_locale":"en_GB","og_type":"article","og_title":"\u00bfQuieres que te llamemos? Ind\u00edcanos tus datos: - Tu-Voz","og_description":"Acepto la pol\u00edtica de privacidad Consiento el uso de mis datos personales seg\u00fan los t\u00e9rminos establecidos en esta Pol\u00edtica de [&hellip;]","og_url":"https:\/\/tu-voz.com\/en\/contacto-contact-center\/call-me\/","og_site_name":"Tu-Voz","article_modified_time":"2023-01-04T10:05:03+00:00","twitter_misc":{"Estimated reading time":"1 minute"},"schema":{"@context":"https:\/\/schema.org","@graph":[{"@type":"WebPage","@id":"https:\/\/tu-voz.com\/contacto-contact-center\/call-me\/","url":"https:\/\/tu-voz.com\/contacto-contact-center\/call-me\/","name":"\u00bfQuieres que te llamemos? Ind\u00edcanos tus datos: - Tu-Voz","isPartOf":{"@id":"https:\/\/tu-voz.com\/#website"},"datePublished":"2022-08-03T08:41:41+00:00","dateModified":"2023-01-04T10:05:03+00:00","breadcrumb":{"@id":"https:\/\/tu-voz.com\/contacto-contact-center\/call-me\/#breadcrumb"},"inLanguage":"en-GB","potentialAction":[{"@type":"ReadAction","target":["https:\/\/tu-voz.com\/contacto-contact-center\/call-me\/"]}]},{"@type":"BreadcrumbList","@id":"https:\/\/tu-voz.com\/contacto-contact-center\/call-me\/#breadcrumb","itemListElement":[{"@type":"ListItem","position":1,"name":"Portada","item":"https:\/\/tu-voz.com\/"},{"@type":"ListItem","position":2,"name":"Contacto","item":"https:\/\/tu-voz.com\/en\/contacto-contact-center\/"},{"@type":"ListItem","position":3,"name":"\u00bfQuieres que te llamemos? Ind\u00edcanos tus datos:"}]},{"@type":"WebSite","@id":"https:\/\/tu-voz.com\/#website","url":"https:\/\/tu-voz.com\/","name":"Tu-Voz","description":"Call center de telemarketing y servicio de atenci\u00f3n al cliente. Contact center en Valencia.","potentialAction":[{"@type":"SearchAction","target":{"@type":"EntryPoint","urlTemplate":"https:\/\/tu-voz.com\/?s={search_term_string}"},"query-input":{"@type":"PropertyValueSpecification","valueRequired":true,"valueName":"search_term_string"}}],"inLanguage":"en-GB"}]}},"_links":{"self":[{"href":"https:\/\/tu-voz.com\/en\/wp-json\/wp\/v2\/pages\/84651","targetHints":{"allow":["GET"]}}],"collection":[{"href":"https:\/\/tu-voz.com\/en\/wp-json\/wp\/v2\/pages"}],"about":[{"href":"https:\/\/tu-voz.com\/en\/wp-json\/wp\/v2\/types\/page"}],"author":[{"embeddable":true,"href":"https:\/\/tu-voz.com\/en\/wp-json\/wp\/v2\/users\/2"}],"replies":[{"embeddable":true,"href":"https:\/\/tu-voz.com\/en\/wp-json\/wp\/v2\/comments?post=84651"}],"version-history":[{"count":0,"href":"https:\/\/tu-voz.com\/en\/wp-json\/wp\/v2\/pages\/84651\/revisions"}],"up":[{"embeddable":true,"href":"https:\/\/tu-voz.com\/en\/wp-json\/wp\/v2\/pages\/39"}],"wp:attachment":[{"href":"https:\/\/tu-voz.com\/en\/wp-json\/wp\/v2\/media?parent=84651"}],"curies":[{"name":"wp","href":"https:\/\/api.w.org\/{rel}","templated":true}]}}