{"id":84815,"date":"2022-09-14T17:33:39","date_gmt":"2022-09-14T15:33:39","guid":{"rendered":"https:\/\/www.tu-voz.com\/?page_id=84815"},"modified":"2025-02-07T15:33:16","modified_gmt":"2025-02-07T13:33:16","slug":"formulario-de-contacto","status":"publish","type":"page","link":"https:\/\/tu-voz.com\/en\/contacto-contact-center\/formulario-de-contacto\/","title":{"rendered":"Formulario de contacto"},"content":{"rendered":"<div class=\"wpb-content-wrapper\"><div data-parent=\"true\" class=\"vc_row style-color-jevc-bg row-container boomapps_vcrow\" id=\"row-unique-0\"><div class=\"row limit-width row-parent\"><div class=\"wpb_row row-inner\"><div class=\"wpb_column pos-top pos-center align_center column_parent col-lg-12 boomapps_vccolumn single-internal-gutter\"><div class=\"uncol style-light\"  ><div class=\"uncoltable\"><div class=\"uncell  boomapps_vccolumn no-block-padding\" ><div class=\"uncont\" ><div class=\"empty-space empty-double\" ><span class=\"empty-space-inner\"><\/span><\/div>\n<\/div><\/div><\/div><\/div><\/div><script id=\"script-row-unique-0\" data-row=\"script-row-unique-0\" type=\"text\/javascript\" class=\"vc_controls\">UNCODE.initRow(document.getElementById(\"row-unique-0\"));<\/script><\/div><\/div><\/div><div data-parent=\"true\" class=\"vc_row style-color-jevc-bg row-container boomapps_vcrow\" id=\"row-unique-1\"><div class=\"row limit-width row-parent\"><div class=\"wpb_row row-inner\"><div class=\"wpb_column pos-top pos-center align_left column_parent col-lg-8 boomapps_vccolumn single-internal-gutter\"><div class=\"uncol style-dark\"  ><div class=\"uncoltable\"><div class=\"uncell  boomapps_vccolumn no-block-padding\" ><div class=\"uncont\" ><div class=\"uncode_text_column\" ><div class=\"wpforms-container wpforms-container-full\" id=\"wpforms-81443\"><form id=\"wpforms-form-81443\" class=\"wpforms-validate wpforms-form\" data-formid=\"81443\" method=\"post\" enctype=\"multipart\/form-data\" action=\"\/en\/wp-json\/wp\/v2\/pages\/84815\" data-token=\"09f7c9d8c7e7b24abbb7b724108dd89c\" data-token-time=\"1775569622\" data-trp-original-action=\"\/en\/wp-json\/wp\/v2\/pages\/84815\"><noscript class=\"wpforms-error-noscript\">Please enable JavaScript in your browser to complete this form.<\/noscript><div class=\"wpforms-field-container\"><div id=\"wpforms-81443-field_20-container\" class=\"wpforms-field wpforms-field-divider\" data-field-id=\"20\"><h3 id=\"wpforms-81443-field_20\">Datos de contacto:<\/h3><\/div><div id=\"wpforms-81443-field_1-container\" class=\"wpforms-field wpforms-field-text wpforms-one-third wpforms-first\" data-field-id=\"1\"><label class=\"wpforms-field-label wpforms-label-hide\" for=\"wpforms-81443-field_1\">Name <span class=\"wpforms-required-label\">*<\/span><\/label><input type=\"text\" id=\"wpforms-81443-field_1\" class=\"wpforms-field-large wpforms-field-required\" name=\"wpforms[fields][1]\" placeholder=\"Name\" required><\/div><div id=\"wpforms-81443-field_10-container\" class=\"wpforms-field wpforms-field-phone wpforms-one-third\" data-field-id=\"10\"><label class=\"wpforms-field-label wpforms-label-hide\" for=\"wpforms-81443-field_10\">Phone <span class=\"wpforms-required-label\">*<\/span><\/label><input type=\"tel\" id=\"wpforms-81443-field_10\" class=\"wpforms-field-large wpforms-field-required wpforms-smart-phone-field\" data-rule-smart-phone-field=\"true\" name=\"wpforms[fields][10]\" placeholder=\"Phone\" aria-label=\"Phone\" required><\/div><div id=\"wpforms-81443-field_11-container\" class=\"wpforms-field wpforms-field-email wpforms-one-third\" data-field-id=\"11\"><label class=\"wpforms-field-label wpforms-label-hide\" for=\"wpforms-81443-field_11\">Email <span class=\"wpforms-required-label\">*<\/span><\/label><input type=\"email\" id=\"wpforms-81443-field_11\" class=\"wpforms-field-large wpforms-field-required\" name=\"wpforms[fields][11]\" placeholder=\"Email\" spellcheck=\"false\" required><\/div><div id=\"wpforms-81443-field_19-container\" class=\"wpforms-field wpforms-field-divider\" data-field-id=\"19\"><h3 id=\"wpforms-81443-field_19\">Informaci\u00f3n de tu empresa:<\/h3><\/div><div id=\"wpforms-81443-field_4-container\" class=\"wpforms-field wpforms-field-text wpforms-one-half wpforms-first\" data-field-id=\"4\"><label class=\"wpforms-field-label wpforms-label-hide\" for=\"wpforms-81443-field_4\">Company <span class=\"wpforms-required-label\">*<\/span><\/label><input type=\"text\" id=\"wpforms-81443-field_4\" class=\"wpforms-field-large wpforms-field-required\" name=\"wpforms[fields][4]\" placeholder=\"Nombre empresa\" required><\/div><div id=\"wpforms-81443-field_12-container\" class=\"wpforms-field wpforms-field-text wpforms-one-half\" data-field-id=\"12\"><label class=\"wpforms-field-label wpforms-label-hide\" for=\"wpforms-81443-field_12\">\u00bfCu\u00e1l es la actividad de tu empresa? <span class=\"wpforms-required-label\">*<\/span><\/label><input type=\"text\" id=\"wpforms-81443-field_12\" class=\"wpforms-field-large wpforms-field-required\" name=\"wpforms[fields][12]\" placeholder=\"Actividad empresa\" required><\/div><div id=\"wpforms-81443-field_13-container\" class=\"wpforms-field wpforms-field-select wpforms-field-select-style-classic\" data-field-id=\"13\"><label class=\"wpforms-field-label wpforms-label-hide\" for=\"wpforms-81443-field_13\">Facturaci\u00f3n anual <span class=\"wpforms-required-label\">*<\/span><\/label><select id=\"wpforms-81443-field_13\" class=\"wpforms-field-large wpforms-field-required\" name=\"wpforms[fields][13]\" required=\"required\"><option value=\"\" class=\"placeholder\" disabled selected='selected'>Facturaci\u00f3n anual empresa<\/option><option value=\"HASTA 300.000 \u20ac\" >HASTA 300.000 \u20ac<\/option><option value=\"DE 300.001 A 600.000 \u20ac\" >DE 300.001 A 600.000 \u20ac<\/option><option value=\"DE 600.001 A 1.500.000 \u20ac\" >DE 600.001 A 1.500.000 \u20ac<\/option><option value=\"DE 1.500.001 A 3.000.000 \u20ac\" >DE 1.500.001 A 3.000.000 \u20ac<\/option><option value=\"DE 3.000.001 A 6.000.000 \u20ac\" >DE 3.000.001 A 6.000.000 \u20ac<\/option><option value=\"DE 6.000.001 A 15.000.000 \u20ac\" >DE 6.000.001 A 15.000.000 \u20ac<\/option><option value=\"DE 15.000.001 A 30.000.000 \u20ac\" >DE 15.000.001 A 30.000.000 \u20ac<\/option><option value=\"DE 30.000.001 A 60.000.000 \u20ac\" >DE 30.000.001 A 60.000.000 \u20ac<\/option><option value=\"MAS DE 60.000.000 \u20ac\" >MAS DE 60.000.000 \u20ac<\/option><\/select><\/div><div id=\"wpforms-81443-field_14-container\" class=\"wpforms-field wpforms-field-text wpforms-one-half wpforms-first\" data-field-id=\"14\"><label class=\"wpforms-field-label wpforms-label-hide\" for=\"wpforms-81443-field_14\">\u00bfQu\u00e9 puesto ocupas en la compa\u00f1\u00eda? <span class=\"wpforms-required-label\">*<\/span><\/label><input type=\"text\" id=\"wpforms-81443-field_14\" class=\"wpforms-field-large wpforms-field-required\" name=\"wpforms[fields][14]\" placeholder=\"Puesto en la empresa\" required><\/div><div id=\"wpforms-81443-field_16-container\" class=\"wpforms-field wpforms-field-select wpforms-one-half wpforms-field-select-style-classic\" data-field-id=\"16\"><label class=\"wpforms-field-label wpforms-label-hide\" for=\"wpforms-81443-field_16\">\u00bfCu\u00e1l es tu rol en la toma de decisiones? <span class=\"wpforms-required-label\">*<\/span><\/label><select id=\"wpforms-81443-field_16\" class=\"wpforms-field-large wpforms-field-required\" name=\"wpforms[fields][16]\" required=\"required\"><option value=\"\" class=\"placeholder\" disabled selected='selected'>Rol toma de decisiones<\/option><option value=\"Decidir\" >Decidir<\/option><option value=\"Influir\" >Influir<\/option><option value=\"Prescriptor\" >Prescriptor<\/option><option value=\"Ninguno\" >Ninguno<\/option><\/select><\/div><div id=\"wpforms-81443-field_21-container\" class=\"wpforms-field wpforms-field-divider\" data-field-id=\"21\"><h3 id=\"wpforms-81443-field_21\">Servicio buscado:<\/h3><\/div><div id=\"wpforms-81443-field_5-container\" class=\"wpforms-field wpforms-field-select wpforms-one-half wpforms-first wpforms-field-select-style-classic\" data-field-id=\"5\"><label class=\"wpforms-field-label wpforms-label-hide\" for=\"wpforms-81443-field_5\">Servicio solicitado <span class=\"wpforms-required-label\">*<\/span><\/label><select id=\"wpforms-81443-field_5\" class=\"wpforms-field-large wpforms-field-required\" name=\"wpforms[fields][5]\" required=\"required\"><option value=\"\" class=\"placeholder\" disabled selected='selected'>Servicio solicitado<\/option><option value=\"Servicio de atenci\u00f3n al cliente completo\" >Servicio de atenci\u00f3n al cliente completo<\/option><option value=\"Servicio de atenci\u00f3n de centralita b\u00e1sico\" >Servicio de atenci\u00f3n de centralita b\u00e1sico<\/option><option value=\"Servicio de atenci\u00f3n y gesti\u00f3n de citas\" >Servicio de atenci\u00f3n y gesti\u00f3n de citas<\/option><option value=\"Servicio de atenci\u00f3n 24H\" >Servicio de atenci\u00f3n 24H<\/option><option value=\"Externalizaci\u00f3n de backoffice y tareas administrativas\" >Externalizaci\u00f3n de backoffice y tareas administrativas<\/option><option value=\"Conjunto de atenci\u00f3n al cliente y telemarketing\" >Conjunto de atenci\u00f3n al cliente y telemarketing<\/option><option value=\"Campa\u00f1a de concertaci\u00f3n de citas\" >Campa\u00f1a de concertaci\u00f3n de citas<\/option><option value=\"Campa\u00f1a de presentaci\u00f3n de promociones\" >Campa\u00f1a de presentaci\u00f3n de promociones<\/option><option value=\"Campa\u00f1a de fidelizaci\u00f3n de clientes\" >Campa\u00f1a de fidelizaci\u00f3n de clientes<\/option><option value=\"Campa\u00f1a de encuestas telef\u00f3nicas\" >Campa\u00f1a de encuestas telef\u00f3nicas<\/option><option value=\"Televenta\" >Phone sales<\/option><option value=\"Depuraci\u00f3n de bases de datos\" >Database debugging<\/option><option value=\"Otro\" >Otro<\/option><\/select><\/div><div id=\"wpforms-81443-field_6-container\" class=\"wpforms-field wpforms-field-select wpforms-one-half wpforms-field-select-style-classic\" data-field-id=\"6\"><label class=\"wpforms-field-label wpforms-label-hide\" for=\"wpforms-81443-field_6\">\u00bfQu\u00e9 presupuesto tienes asignado para el servicio que solicitas? <span class=\"wpforms-required-label\">*<\/span><\/label><select id=\"wpforms-81443-field_6\" class=\"wpforms-field-large wpforms-field-required\" name=\"wpforms[fields][6]\" required=\"required\"><option value=\"\" class=\"placeholder\" disabled selected='selected'>Presupuesto asignado al servicio<\/option><option value=\"Entre 1000 y 3000\u20ac\" >Entre 1000 y 3000\u20ac<\/option><option value=\"Entre 3000 y 5000\u20ac\" >Entre 3000 y 5000\u20ac<\/option><option value=\"Entre 5000 y 10 000\u20ac\" >Entre 5000 y 10 000\u20ac<\/option><option value=\"Entre 10 000 y 20 000\u20ac\" >Entre 10 000 y 20 000\u20ac<\/option><option value=\"Entre 20 000 y 50 000\u20ac\" >Entre 20 000 y 50 000\u20ac<\/option><option value=\"M\u00e1s de 50 000\u20ac\" >M\u00e1s de 50 000\u20ac<\/option><\/select><\/div><div id=\"wpforms-81443-field_7-container\" class=\"wpforms-field wpforms-field-textarea\" data-field-id=\"7\"><label class=\"wpforms-field-label wpforms-label-hide\" for=\"wpforms-81443-field_7\">Realiza una descripci\u00f3n de tus necesidades <span class=\"wpforms-required-label\">*<\/span><\/label><textarea id=\"wpforms-81443-field_7\" class=\"wpforms-field-large wpforms-field-required\" name=\"wpforms[fields][7]\" placeholder=\"Realiza una descripci\u00f3n de tus necesidades\" required><\/textarea><\/div><div id=\"wpforms-81443-field_8-container\" class=\"wpforms-field wpforms-field-checkbox\" data-field-id=\"8\"><label class=\"wpforms-field-label wpforms-label-hide\">Accept field <span class=\"wpforms-required-label\">*<\/span><\/label><ul id=\"wpforms-81443-field_8\" class=\"wpforms-field-required\"><li class=\"choice-1 depth-1\"><input type=\"checkbox\" id=\"wpforms-81443-field_8_1\" name=\"wpforms[fields][8][]\" value=\"Acepto la pol\u00edtica de privacidad\" required><label class=\"wpforms-field-label-inline\" for=\"wpforms-81443-field_8_1\">I accept the Privacy Policy<\/label><\/li><\/ul><div class=\"wpforms-field-description\">I consent to the use of my personal data according to the terms established in this <a href=\"https:\/\/tu-voz.com\/en\/politica-de-privacidad\/\">Privacy Policy<\/a><\/p><\/div><\/div><div id=\"wpforms-81443-field_9-container\" class=\"wpforms-field wpforms-field-checkbox\" data-field-id=\"9\"><label class=\"wpforms-field-label wpforms-label-hide\">Accept field<\/label><ul id=\"wpforms-81443-field_9\"><li class=\"choice-1 depth-1\"><input type=\"checkbox\" id=\"wpforms-81443-field_9_1\" name=\"wpforms[fields][9][]\" value=\"Acepto recibir publicidad\"  ><label class=\"wpforms-field-label-inline\" for=\"wpforms-81443-field_9_1\">I agree to receive advertising<\/label><\/li><\/ul><div class=\"wpforms-field-description\">I consent to the use of my data to receive advertising from your entity<\/div><\/div><div id=\"wpforms-81443-field_22-container\" class=\"wpforms-field wpforms-field-captcha\" data-field-id=\"22\"><label class=\"wpforms-field-label\" for=\"wpforms-81443-field_22\">Captcha personalizado <span class=\"wpforms-required-label\">*<\/span><\/label>\t\t\t<div class=\"wpforms-captcha-math\">\n\t\t\t\t<span id=\"wpforms-81443-field_22-question\" class=\"wpforms-captcha-equation\">\n\t\t\t\t\t<span class=\"n1\">13<\/span>\n\t\t\t\t\t\t\t<span class=\"cal\">+<\/span>\n\t\t\t\t\t\t\t<span class=\"n2\">7<\/span>\t\t\t\t\t<span class=\"e\">=<\/span>\n\t\t\t\t<\/span>\n\t\t\t\t<input type=\"text\" id=\"wpforms-81443-field_22\" class=\"wpforms-field-medium wpforms-field-required a\" data-rule-wpf-captcha=\"math\" data-is-wrapped-field=\"1\" name=\"wpforms[fields][22][a]\" aria-describedby=\"wpforms-81443-field_22-question\" required>\t\t\t\t<input type=\"hidden\" name=\"wpforms[fields][22][cal]\" class=\"cal\">\n\t\t\t\t<input type=\"hidden\" name=\"wpforms[fields][22][n2]\" class=\"n2\">\n\t\t\t\t<input type=\"hidden\" name=\"wpforms[fields][22][n1]\" class=\"n1\">\n\t\t\t<\/div>\n\t\t\t<\/div><\/div><!-- .wpforms-field-container --><div class=\"wpforms-submit-container\" ><input type=\"hidden\" name=\"wpforms[id]\" value=\"81443\"><input type=\"hidden\" name=\"page_title\" value=\"\"><input type=\"hidden\" name=\"page_url\" value=\"https:\/\/tu-voz.com\/en\/wp-json\/wp\/v2\/pages\/84815\"><input type=\"hidden\" name=\"url_referer\" value=\"\"><button type=\"submit\" name=\"wpforms[submit]\" id=\"wpforms-submit-81443\" class=\"wpforms-submit\" data-alt-text=\"Enviando\" data-submit-text=\"Enviar\" aria-live=\"assertive\" value=\"wpforms-submit\">Send<\/button><\/div><input type=\"hidden\" name=\"trp-form-language\" value=\"en\"\/><\/form><\/div>  <!-- .wpforms-container -->\n<\/div><\/div><\/div><\/div><\/div><\/div><div class=\"wpb_column pos-top pos-center align_left column_parent col-lg-4 boomapps_vccolumn single-internal-gutter\"><div class=\"uncol style-light\"  ><div class=\"uncoltable\"><div class=\"uncell  boomapps_vccolumn no-block-padding\" ><div class=\"uncont\" >\n\t<div class=\"wpb_raw_code wpb_raw_html\" >\n\t\t<div class=\"wpb_wrapper\">\n\t\t\t<iframe width=\"250\" height=\"250\" frameborder=\"0\" scrolling=\"no\" marginheight=\"0\" marginwidth=\"0\" src=\"https:\/\/www.google.com\/maps\/embed?pb=!1m14!1m8!1m3!1d3080.315217520215!2d-0.4139899999999999!3d39.462207!3m2!1i1024!2i768!4f13.1!3m3!1m2!1s0xd604f4f151962b7%3A0xb9c96ce03830fa03!2sTu-Voz!5e0!3m2!1ses!2ses!4v1426152487888\" style=\"border:0\"><\/iframe><br \/><small><a href=\" https:\/\/www.google.com\/maps\/place\/Tu-Voz\/@39.462207,-0.41399,17z\/data=!3m1!4b1!4m2!3m1!1s0xd604f4f151962b7:0xb9c96ce03830fa03?hl=es \" style=\"color:#0000FF;text-align:left\" >See bigger map<\/a><\/small>\n\n<p align=\"center\"  style=\"color:#fffff\">Street Andarella, 1, Building B, 1st Floor, Door 1<br>\nCiudad Gran Turia, 46950 Xirivella, Valencia, Spain<\/p>\n\t\t<\/div>\n\t<\/div>\n<\/div><\/div><\/div><\/div><\/div><script id=\"script-row-unique-1\" data-row=\"script-row-unique-1\" type=\"text\/javascript\" class=\"vc_controls\">UNCODE.initRow(document.getElementById(\"row-unique-1\"));<\/script><\/div><\/div><\/div><div data-parent=\"true\" class=\"vc_row style-color-jevc-bg row-container boomapps_vcrow\" id=\"row-unique-2\"><div class=\"row limit-width row-parent\"><div class=\"wpb_row row-inner\"><div class=\"wpb_column pos-top pos-center align_center column_parent col-lg-12 boomapps_vccolumn single-internal-gutter\"><div class=\"uncol style-light\"  ><div class=\"uncoltable\"><div class=\"uncell  boomapps_vccolumn no-block-padding\" ><div class=\"uncont\" ><div class=\"empty-space empty-quad\" ><span class=\"empty-space-inner\"><\/span><\/div>\n<\/div><\/div><\/div><\/div><\/div><script id=\"script-row-unique-2\" data-row=\"script-row-unique-2\" type=\"text\/javascript\" class=\"vc_controls\">UNCODE.initRow(document.getElementById(\"row-unique-2\"));<\/script><\/div><\/div><\/div>\n<\/div>","protected":false},"excerpt":{"rendered":"Please enable JavaScript in your browser to complete this form.Datos de contacto:Nombre *Tel\u00e9fono *Email *Informaci\u00f3n de tu empresa:Empresa *\u00bfCu\u00e1l es [...]","protected":false},"author":2,"featured_media":82025,"parent":39,"menu_order":3,"comment_status":"closed","ping_status":"closed","template":"","meta":{"footnotes":""},"class_list":["post-84815","page","type-page","status-publish","has-post-thumbnail","hentry"],"yoast_head":"<!-- This site is optimized with the Yoast SEO plugin v25.8 - https:\/\/yoast.com\/wordpress\/plugins\/seo\/ -->\n<title>Formulario de Contacto | Tu-Voz Contact center | Ll\u00e1manos 960 452 050<\/title>\n<meta name=\"description\" content=\"Formulario de contacto de Tu-Voz Contact Center. Servicios de telemarketing, atenci\u00f3n al cliente y gesti\u00f3n de leads. Call center de calidad.\" \/>\n<meta name=\"robots\" content=\"index, follow, max-snippet:-1, max-image-preview:large, max-video-preview:-1\" \/>\n<link rel=\"canonical\" href=\"https:\/\/tu-voz.com\/en\/contacto-contact-center\/formulario-de-contacto\/\" \/>\n<meta property=\"og:locale\" content=\"en_GB\" \/>\n<meta property=\"og:type\" content=\"article\" \/>\n<meta property=\"og:title\" content=\"Formulario de Contacto | Tu-Voz Contact center | Ll\u00e1manos 960 452 050\" \/>\n<meta property=\"og:description\" content=\"Formulario de contacto de Tu-Voz Contact Center. Servicios de telemarketing, atenci\u00f3n al cliente y gesti\u00f3n de leads. Call center de calidad.\" \/>\n<meta property=\"og:url\" content=\"https:\/\/tu-voz.com\/en\/contacto-contact-center\/formulario-de-contacto\/\" \/>\n<meta property=\"og:site_name\" content=\"Tu-Voz\" \/>\n<meta property=\"article:modified_time\" content=\"2025-02-07T13:33:16+00:00\" \/>\n<meta property=\"og:image\" content=\"https:\/\/tu-voz.com\/wp-content\/uploads\/2021\/07\/equipo-tuvoz-1024x940.png\" \/>\n\t<meta property=\"og:image:width\" content=\"1024\" \/>\n\t<meta property=\"og:image:height\" content=\"940\" \/>\n\t<meta property=\"og:image:type\" content=\"image\/png\" \/>\n<meta name=\"twitter:label1\" content=\"Estimated reading time\" \/>\n\t<meta name=\"twitter:data1\" content=\"1 minute\" \/>\n<script type=\"application\/ld+json\" class=\"yoast-schema-graph\">{\"@context\":\"https:\/\/schema.org\",\"@graph\":[{\"@type\":\"WebPage\",\"@id\":\"https:\/\/tu-voz.com\/en\/contacto-contact-center\/formulario-de-contacto\/\",\"url\":\"https:\/\/tu-voz.com\/en\/contacto-contact-center\/formulario-de-contacto\/\",\"name\":\"Formulario de Contacto | Tu-Voz Contact center | Ll\u00e1manos 960 452 050\",\"isPartOf\":{\"@id\":\"https:\/\/tu-voz.com\/#website\"},\"primaryImageOfPage\":{\"@id\":\"https:\/\/tu-voz.com\/en\/contacto-contact-center\/formulario-de-contacto\/#primaryimage\"},\"image\":{\"@id\":\"https:\/\/tu-voz.com\/en\/contacto-contact-center\/formulario-de-contacto\/#primaryimage\"},\"thumbnailUrl\":\"https:\/\/tu-voz.com\/wp-content\/uploads\/2021\/07\/equipo-tuvoz.png\",\"datePublished\":\"2022-09-14T15:33:39+00:00\",\"dateModified\":\"2025-02-07T13:33:16+00:00\",\"description\":\"Formulario de contacto de Tu-Voz Contact Center. Servicios de telemarketing, atenci\u00f3n al cliente y gesti\u00f3n de leads. Call center de calidad.\",\"breadcrumb\":{\"@id\":\"https:\/\/tu-voz.com\/en\/contacto-contact-center\/formulario-de-contacto\/#breadcrumb\"},\"inLanguage\":\"en-GB\",\"potentialAction\":[{\"@type\":\"ReadAction\",\"target\":[\"https:\/\/tu-voz.com\/en\/contacto-contact-center\/formulario-de-contacto\/\"]}]},{\"@type\":\"ImageObject\",\"inLanguage\":\"en-GB\",\"@id\":\"https:\/\/tu-voz.com\/en\/contacto-contact-center\/formulario-de-contacto\/#primaryimage\",\"url\":\"https:\/\/tu-voz.com\/wp-content\/uploads\/2021\/07\/equipo-tuvoz.png\",\"contentUrl\":\"https:\/\/tu-voz.com\/wp-content\/uploads\/2021\/07\/equipo-tuvoz.png\",\"width\":2544,\"height\":2336,\"caption\":\"Contacto\"},{\"@type\":\"BreadcrumbList\",\"@id\":\"https:\/\/tu-voz.com\/en\/contacto-contact-center\/formulario-de-contacto\/#breadcrumb\",\"itemListElement\":[{\"@type\":\"ListItem\",\"position\":1,\"name\":\"Portada\",\"item\":\"https:\/\/tu-voz.com\/\"},{\"@type\":\"ListItem\",\"position\":2,\"name\":\"Contacto\",\"item\":\"https:\/\/tu-voz.com\/en\/contacto-contact-center\/\"},{\"@type\":\"ListItem\",\"position\":3,\"name\":\"Formulario de contacto\"}]},{\"@type\":\"WebSite\",\"@id\":\"https:\/\/tu-voz.com\/#website\",\"url\":\"https:\/\/tu-voz.com\/\",\"name\":\"Tu-Voz\",\"description\":\"Call center de telemarketing y servicio de atenci\u00f3n al cliente. Contact center en Valencia.\",\"potentialAction\":[{\"@type\":\"SearchAction\",\"target\":{\"@type\":\"EntryPoint\",\"urlTemplate\":\"https:\/\/tu-voz.com\/?s={search_term_string}\"},\"query-input\":{\"@type\":\"PropertyValueSpecification\",\"valueRequired\":true,\"valueName\":\"search_term_string\"}}],\"inLanguage\":\"en-GB\"}]}<\/script>\n<!-- \/ Yoast SEO plugin. -->","yoast_head_json":{"title":"Formulario de Contacto | Tu-Voz Contact center | Ll\u00e1manos 960 452 050","description":"Formulario de contacto de Tu-Voz Contact Center. Servicios de telemarketing, atenci\u00f3n al cliente y gesti\u00f3n de leads. Call center de calidad.","robots":{"index":"index","follow":"follow","max-snippet":"max-snippet:-1","max-image-preview":"max-image-preview:large","max-video-preview":"max-video-preview:-1"},"canonical":"https:\/\/tu-voz.com\/en\/contacto-contact-center\/formulario-de-contacto\/","og_locale":"en_GB","og_type":"article","og_title":"Formulario de Contacto | Tu-Voz Contact center | Ll\u00e1manos 960 452 050","og_description":"Formulario de contacto de Tu-Voz Contact Center. Servicios de telemarketing, atenci\u00f3n al cliente y gesti\u00f3n de leads. Call center de calidad.","og_url":"https:\/\/tu-voz.com\/en\/contacto-contact-center\/formulario-de-contacto\/","og_site_name":"Tu-Voz","article_modified_time":"2025-02-07T13:33:16+00:00","og_image":[{"width":1024,"height":940,"url":"https:\/\/tu-voz.com\/wp-content\/uploads\/2021\/07\/equipo-tuvoz-1024x940.png","type":"image\/png"}],"twitter_misc":{"Estimated reading time":"1 minute"},"schema":{"@context":"https:\/\/schema.org","@graph":[{"@type":"WebPage","@id":"https:\/\/tu-voz.com\/en\/contacto-contact-center\/formulario-de-contacto\/","url":"https:\/\/tu-voz.com\/en\/contacto-contact-center\/formulario-de-contacto\/","name":"Formulario de Contacto | Tu-Voz Contact center | Ll\u00e1manos 960 452 050","isPartOf":{"@id":"https:\/\/tu-voz.com\/#website"},"primaryImageOfPage":{"@id":"https:\/\/tu-voz.com\/en\/contacto-contact-center\/formulario-de-contacto\/#primaryimage"},"image":{"@id":"https:\/\/tu-voz.com\/en\/contacto-contact-center\/formulario-de-contacto\/#primaryimage"},"thumbnailUrl":"https:\/\/tu-voz.com\/wp-content\/uploads\/2021\/07\/equipo-tuvoz.png","datePublished":"2022-09-14T15:33:39+00:00","dateModified":"2025-02-07T13:33:16+00:00","description":"Formulario de contacto de Tu-Voz Contact Center. Servicios de telemarketing, atenci\u00f3n al cliente y gesti\u00f3n de leads. Call center de calidad.","breadcrumb":{"@id":"https:\/\/tu-voz.com\/en\/contacto-contact-center\/formulario-de-contacto\/#breadcrumb"},"inLanguage":"en-GB","potentialAction":[{"@type":"ReadAction","target":["https:\/\/tu-voz.com\/en\/contacto-contact-center\/formulario-de-contacto\/"]}]},{"@type":"ImageObject","inLanguage":"en-GB","@id":"https:\/\/tu-voz.com\/en\/contacto-contact-center\/formulario-de-contacto\/#primaryimage","url":"https:\/\/tu-voz.com\/wp-content\/uploads\/2021\/07\/equipo-tuvoz.png","contentUrl":"https:\/\/tu-voz.com\/wp-content\/uploads\/2021\/07\/equipo-tuvoz.png","width":2544,"height":2336,"caption":"Contacto"},{"@type":"BreadcrumbList","@id":"https:\/\/tu-voz.com\/en\/contacto-contact-center\/formulario-de-contacto\/#breadcrumb","itemListElement":[{"@type":"ListItem","position":1,"name":"Portada","item":"https:\/\/tu-voz.com\/"},{"@type":"ListItem","position":2,"name":"Contacto","item":"https:\/\/tu-voz.com\/en\/contacto-contact-center\/"},{"@type":"ListItem","position":3,"name":"Formulario de contacto"}]},{"@type":"WebSite","@id":"https:\/\/tu-voz.com\/#website","url":"https:\/\/tu-voz.com\/","name":"Tu-Voz","description":"Call center de telemarketing y servicio de atenci\u00f3n al cliente. Contact center en Valencia.","potentialAction":[{"@type":"SearchAction","target":{"@type":"EntryPoint","urlTemplate":"https:\/\/tu-voz.com\/?s={search_term_string}"},"query-input":{"@type":"PropertyValueSpecification","valueRequired":true,"valueName":"search_term_string"}}],"inLanguage":"en-GB"}]}},"_links":{"self":[{"href":"https:\/\/tu-voz.com\/en\/wp-json\/wp\/v2\/pages\/84815","targetHints":{"allow":["GET"]}}],"collection":[{"href":"https:\/\/tu-voz.com\/en\/wp-json\/wp\/v2\/pages"}],"about":[{"href":"https:\/\/tu-voz.com\/en\/wp-json\/wp\/v2\/types\/page"}],"author":[{"embeddable":true,"href":"https:\/\/tu-voz.com\/en\/wp-json\/wp\/v2\/users\/2"}],"replies":[{"embeddable":true,"href":"https:\/\/tu-voz.com\/en\/wp-json\/wp\/v2\/comments?post=84815"}],"version-history":[{"count":3,"href":"https:\/\/tu-voz.com\/en\/wp-json\/wp\/v2\/pages\/84815\/revisions"}],"predecessor-version":[{"id":85810,"href":"https:\/\/tu-voz.com\/en\/wp-json\/wp\/v2\/pages\/84815\/revisions\/85810"}],"up":[{"embeddable":true,"href":"https:\/\/tu-voz.com\/en\/wp-json\/wp\/v2\/pages\/39"}],"wp:featuredmedia":[{"embeddable":true,"href":"https:\/\/tu-voz.com\/en\/wp-json\/wp\/v2\/media\/82025"}],"wp:attachment":[{"href":"https:\/\/tu-voz.com\/en\/wp-json\/wp\/v2\/media?parent=84815"}],"curies":[{"name":"wp","href":"https:\/\/api.w.org\/{rel}","templated":true}]}}